{"id":784790,"date":"2026-03-14T03:28:40","date_gmt":"2026-03-14T00:28:40","guid":{"rendered":"https:\/\/roveyayinevi.com.tr\/index.php\/urun\/gelecek-olsun-cezaevi-gunlukleri\/"},"modified":"2026-04-15T03:48:36","modified_gmt":"2026-04-15T00:48:36","slug":"gelecek-olsun-cezaevi-gunlukleri","status":"publish","type":"product","link":"https:\/\/roveyayinevi.com.tr\/index.php\/urun\/gelecek-olsun-cezaevi-gunlukleri\/","title":{"rendered":"Gelecek Olsun! &#8211; Cezaevi G\u00fcnl\u00fckleri"},"content":{"rendered":"<p>\u201cSenin \u00e7\u0131kar\u0131n Bayrakl\u0131\u2019daki \u00e7ad\u0131rlarda donan analar, Kiraz\u2019daki \u00fcretici, Karaba\u011flar\u2019daki emek\u00e7i, Buca\u2019daki gen\u00e7lerin gelece\u011fiydi.\u201d \u201cGe\u00e7mi\u015f olsun, ge\u00e7ti&#8230; Gelecek olsun!\u201d Tan\u0131yanlar\u0131n, beraber \u00e7al\u0131\u015ft\u0131\u011f\u0131 insanlar\u0131n ortak kanaati: Samimi, \u00e7al\u0131\u015fkan, tevazu sahibi, \u00e7\u00f6z\u00fcm odakl\u0131&#8230; \u00d6nceki d\u00f6nem \u0130zmir B\u00fcy\u00fck\u015fehir Belediye Ba\u015fkan\u0131 Tun\u00e7 Soyer, 4 Temmuz 2025 tarihinde yolsuzluk iddias\u0131yla y\u00fcr\u00fct\u00fclen soru\u015fturma kapsam\u0131nda tutukland\u0131. \u0130zmir\u2019in d\u00fc\u011f\u00fcmlenmi\u015f ciddi sorunlar\u0131ndan kentsel d\u00f6n\u00fc\u015f\u00fcm meselesini, \u0130zmir halk\u0131n\u0131n yarar\u0131na \u201cHalk Konut\u201d projesiyle, kooperatif modeliyle \u00e7\u00f6zmek i\u00e7in \u00e7abalad\u0131. \u00c7abas\u0131 cezas\u0131z kalmad\u0131! Soyer, cezaevi notlar\u0131ndan olu\u015fan bu kitab\u0131nda, \u00fczerine at\u0131lan iftiray\u0131 duru\u015fmalarda yapt\u0131\u011f\u0131 savunmalarla, belgeleriyle, vicdan\u0131 temiz insanlar\u0131n hakl\u0131l\u0131\u011f\u0131yla ince ince \u00e7\u00fcr\u00fct\u00fcyor. Edebiyattan felsefeye, g\u00fcndelik hayat\u0131n dertlerinden siyasete uzanan notlar\u0131yla da kendini yeniden in\u015fa edip, \u00fclkemizin ve d\u00fcnyam\u0131z\u0131n daha iyi bir gelece\u011fe y\u00f6nelmesi i\u00e7in \u00e7\u0131k\u0131\u015f ar\u0131yor. Bulundu\u011fu her alan\u0131 m\u00fccadele alan\u0131 belleyen, halk\u0131n\u0131n \u00e7\u0131karlar\u0131 i\u00e7in \u00e7abalayan sorumlu bir siyaset\u00e7inin yurtta\u015f\u00e7a, yurtta\u015fla dertle\u015fmesi&#8230;<\/p>\n","protected":false},"excerpt":{"rendered":"<p>\u201cSenin \u00e7\u0131kar\u0131n Bayrakl\u0131\u2019daki \u00e7ad\u0131rlarda donan analar, Kiraz\u2019daki \u00fcretici, Karaba\u011flar\u2019daki emek\u00e7i, Buca\u2019daki gen\u00e7lerin gelece\u011fiydi.\u201d \u201cGe\u00e7mi\u015f olsun, ge\u00e7ti&#8230; Gelecek olsun!\u201d Tan\u0131yanlar\u0131n, beraber \u00e7al\u0131\u015ft\u0131\u011f\u0131 insanlar\u0131n ortak kanaati: Samimi, \u00e7al\u0131\u015fkan,<span class=\"excerpt-hellip\"> [\u2026]<\/span><\/p>\n","protected":false},"featured_media":0,"template":"","meta":{"_monsterinsights_skip_tracking":false,"_monsterinsights_sitenote_active":false,"_monsterinsights_sitenote_note":"","_monsterinsights_sitenote_category":0},"product_brand":[],"product_cat":[18545,12291],"product_tag":[],"class_list":{"0":"post-784790","1":"product","2":"type-product","3":"status-publish","5":"product_cat-anlati","6":"product_cat-edebiyat","7":"pa_cilt-ciltsiz","8":"pa_tur-kitap","9":"pa_yayinevi-kirmizi-kedi-yayinevi","10":"pa_yazar-tunc-soyer","12":"first","13":"instock","14":"sale","15":"shipping-taxable","16":"purchasable","17":"product-type-simple"},"_links":{"self":[{"href":"https:\/\/roveyayinevi.com.tr\/index.php\/wp-json\/wp\/v2\/product\/784790","targetHints":{"allow":["GET"]}}],"collection":[{"href":"https:\/\/roveyayinevi.com.tr\/index.php\/wp-json\/wp\/v2\/product"}],"about":[{"href":"https:\/\/roveyayinevi.com.tr\/index.php\/wp-json\/wp\/v2\/types\/product"}],"wp:attachment":[{"href":"https:\/\/roveyayinevi.com.tr\/index.php\/wp-json\/wp\/v2\/media?parent=784790"}],"wp:term":[{"taxonomy":"product_brand","embeddable":true,"href":"https:\/\/roveyayinevi.com.tr\/index.php\/wp-json\/wp\/v2\/product_brand?post=784790"},{"taxonomy":"product_cat","embeddable":true,"href":"https:\/\/roveyayinevi.com.tr\/index.php\/wp-json\/wp\/v2\/product_cat?post=784790"},{"taxonomy":"product_tag","embeddable":true,"href":"https:\/\/roveyayinevi.com.tr\/index.php\/wp-json\/wp\/v2\/product_tag?post=784790"}],"curies":[{"name":"wp","href":"https:\/\/api.w.org\/{rel}","templated":true}]}}