{"id":784789,"date":"2026-03-14T03:28:38","date_gmt":"2026-03-14T00:28:38","guid":{"rendered":"https:\/\/roveyayinevi.com.tr\/index.php\/urun\/renklerin-tilsimi-mandala-buyukler-icin-boyama\/"},"modified":"2026-04-15T03:48:36","modified_gmt":"2026-04-15T00:48:36","slug":"renklerin-tilsimi-mandala-buyukler-icin-boyama","status":"publish","type":"product","link":"https:\/\/roveyayinevi.com.tr\/index.php\/urun\/renklerin-tilsimi-mandala-buyukler-icin-boyama\/","title":{"rendered":"Renklerin T\u0131ls\u0131m\u0131 Mandala &#8211; B\u00fcy\u00fckler i\u00e7in Boyama"},"content":{"rendered":"<p>*V\u00fccudunu rahatlat.*Ruhunu dinlendir.*Zihnini bo\u015falt.*Yarat\u0131c\u0131l\u0131\u011f\u0131n\u0131 geli\u015ftir.<\/p>\n","protected":false},"excerpt":{"rendered":"<p>*V\u00fccudunu rahatlat.*Ruhunu dinlendir.*Zihnini bo\u015falt.*Yarat\u0131c\u0131l\u0131\u011f\u0131n\u0131 geli\u015ftir.<\/p>\n","protected":false},"featured_media":0,"template":"","meta":{"_monsterinsights_skip_tracking":false,"_monsterinsights_sitenote_active":false,"_monsterinsights_sitenote_note":"","_monsterinsights_sitenote_category":0},"product_brand":[],"product_cat":[38511,15563],"product_tag":[],"class_list":{"0":"post-784789","1":"product","2":"type-product","3":"status-publish","5":"product_cat-buyukler-icin-boyama-mandala","6":"product_cat-hobi","7":"pa_cilt-ciltsiz","8":"pa_tur-kitap","9":"pa_yayinevi-bks-etkinlik-yayinlari","10":"pa_yazar-kolektif","12":"first","13":"instock","14":"sale","15":"shipping-taxable","16":"purchasable","17":"product-type-simple"},"_links":{"self":[{"href":"https:\/\/roveyayinevi.com.tr\/index.php\/wp-json\/wp\/v2\/product\/784789","targetHints":{"allow":["GET"]}}],"collection":[{"href":"https:\/\/roveyayinevi.com.tr\/index.php\/wp-json\/wp\/v2\/product"}],"about":[{"href":"https:\/\/roveyayinevi.com.tr\/index.php\/wp-json\/wp\/v2\/types\/product"}],"wp:attachment":[{"href":"https:\/\/roveyayinevi.com.tr\/index.php\/wp-json\/wp\/v2\/media?parent=784789"}],"wp:term":[{"taxonomy":"product_brand","embeddable":true,"href":"https:\/\/roveyayinevi.com.tr\/index.php\/wp-json\/wp\/v2\/product_brand?post=784789"},{"taxonomy":"product_cat","embeddable":true,"href":"https:\/\/roveyayinevi.com.tr\/index.php\/wp-json\/wp\/v2\/product_cat?post=784789"},{"taxonomy":"product_tag","embeddable":true,"href":"https:\/\/roveyayinevi.com.tr\/index.php\/wp-json\/wp\/v2\/product_tag?post=784789"}],"curies":[{"name":"wp","href":"https:\/\/api.w.org\/{rel}","templated":true}]}}