{"id":784784,"date":"2026-03-14T03:28:23","date_gmt":"2026-03-14T00:28:23","guid":{"rendered":"https:\/\/roveyayinevi.com.tr\/index.php\/urun\/stoaci-yasam-rehberiklasik-felsefeyle-iyi-yasamayi-ogrenmek\/"},"modified":"2026-04-15T03:47:51","modified_gmt":"2026-04-15T00:47:51","slug":"stoaci-yasam-rehberiklasik-felsefeyle-iyi-yasamayi-ogrenmek","status":"publish","type":"product","link":"https:\/\/roveyayinevi.com.tr\/index.php\/urun\/stoaci-yasam-rehberiklasik-felsefeyle-iyi-yasamayi-ogrenmek\/","title":{"rendered":"Stoac\u0131 Ya\u015fam Rehberi;Klasik Felsefeyle \u0130yi Ya\u015famay\u0131 \u00d6\u011frenmek"},"content":{"rendered":"<p>Modern d\u00fcnyan\u0131n ko\u015fu\u015fturmas\u0131nda ger\u00e7ekten sa\u00ackin kalmak m\u00fcmk\u00fcn m\u00fc? Stoac\u0131l\u0131k, binlerce y\u0131ll\u0131k bilgeli\u011fiyle ayn\u0131 soruya g\u00fcn\u00fcm\u00fczde de g\u00fc\u00e7l\u00fc bir yan\u0131t veriyor: Kontrol edebildi\u011fine odaklan; edemedi\u011fini ise b\u0131rak.Bu kitap, Seneca\u2019n\u0131n dinginli\u011fini, Epiktetos\u2019un netli\u011fini ve Marcus Aurelius\u2019un i\u00e7sel denge aray\u0131\u015f\u0131n\u0131 g\u00fcn\u00fcm\u00fcze ta\u015f\u0131yor. D\u00fc\u015f\u00fcncelerimizi nas\u0131l d\u00f6n\u00fc\u015ft\u00fcrebilece\u011fimizi, duygular\u0131m\u0131z\u0131 nas\u0131l y\u00f6netebilece\u011fimizi ve karakterimizi nas\u0131l bilin\u00e7li \u015fekilde geli\u015ftirebilece\u011fimizi sade ve uygulanabilir ad\u0131mlarla anlat\u0131yor.Kayb\u0131n, hayal k\u0131r\u0131kl\u0131\u011f\u0131n\u0131n ve belirsizli\u011fin kar\u015f\u0131s\u0131nda sa\u011flam durmak bir \u015fans i\u015fi de\u011fil, \u00f6\u011frenilebilen bir beceri. Stoac\u0131 yakla\u015f\u0131m; kariyerinizde, ili\u015fkilerinizde ve ki\u015fisel yolculu\u011funuzda daha net, daha g\u00fc\u00e7l\u00fc ve daha dengeli bir duru\u015f sergilemeniz i\u00e7in g\u00fcvenilir bir zihinsel pusula sunuyor.<\/p>\n","protected":false},"excerpt":{"rendered":"<p>Modern d\u00fcnyan\u0131n ko\u015fu\u015fturmas\u0131nda ger\u00e7ekten sa\u00ackin kalmak m\u00fcmk\u00fcn m\u00fc? Stoac\u0131l\u0131k, binlerce y\u0131ll\u0131k bilgeli\u011fiyle ayn\u0131 soruya g\u00fcn\u00fcm\u00fczde de g\u00fc\u00e7l\u00fc bir yan\u0131t veriyor: Kontrol edebildi\u011fine odaklan; edemedi\u011fini ise b\u0131rak.Bu<span class=\"excerpt-hellip\"> [\u2026]<\/span><\/p>\n","protected":false},"featured_media":0,"template":"","meta":{"_monsterinsights_skip_tracking":false,"_monsterinsights_sitenote_active":false,"_monsterinsights_sitenote_note":"","_monsterinsights_sitenote_category":0},"product_brand":[],"product_cat":[12364,12376],"product_tag":[],"class_list":{"0":"post-784784","1":"product","2":"type-product","3":"status-publish","5":"product_cat-genel-konular","6":"product_cat-kisisel-gelisim","7":"pa_cilt-ciltsiz","8":"pa_tur-kitap","9":"pa_yayinevi-dogan-novus","10":"pa_yazar-joseph-piercy","12":"first","13":"instock","14":"sale","15":"shipping-taxable","16":"purchasable","17":"product-type-simple"},"_links":{"self":[{"href":"https:\/\/roveyayinevi.com.tr\/index.php\/wp-json\/wp\/v2\/product\/784784","targetHints":{"allow":["GET"]}}],"collection":[{"href":"https:\/\/roveyayinevi.com.tr\/index.php\/wp-json\/wp\/v2\/product"}],"about":[{"href":"https:\/\/roveyayinevi.com.tr\/index.php\/wp-json\/wp\/v2\/types\/product"}],"wp:attachment":[{"href":"https:\/\/roveyayinevi.com.tr\/index.php\/wp-json\/wp\/v2\/media?parent=784784"}],"wp:term":[{"taxonomy":"product_brand","embeddable":true,"href":"https:\/\/roveyayinevi.com.tr\/index.php\/wp-json\/wp\/v2\/product_brand?post=784784"},{"taxonomy":"product_cat","embeddable":true,"href":"https:\/\/roveyayinevi.com.tr\/index.php\/wp-json\/wp\/v2\/product_cat?post=784784"},{"taxonomy":"product_tag","embeddable":true,"href":"https:\/\/roveyayinevi.com.tr\/index.php\/wp-json\/wp\/v2\/product_tag?post=784784"}],"curies":[{"name":"wp","href":"https:\/\/api.w.org\/{rel}","templated":true}]}}