{"id":784780,"date":"2026-03-14T03:28:12","date_gmt":"2026-03-14T00:28:12","guid":{"rendered":"https:\/\/roveyayinevi.com.tr\/index.php\/urun\/milli-kurtulus-tarihi-1838den-1995e-4-cilt-tam-metin\/"},"modified":"2026-04-15T03:47:51","modified_gmt":"2026-04-15T00:47:51","slug":"milli-kurtulus-tarihi-1838den-1995e-4-cilt-tam-metin","status":"publish","type":"product","link":"https:\/\/roveyayinevi.com.tr\/index.php\/urun\/milli-kurtulus-tarihi-1838den-1995e-4-cilt-tam-metin\/","title":{"rendered":"Milli Kurtulu\u015f Tarihi 1838&#8217;den 1995&#8217;e 4 Cilt Tam Metin"},"content":{"rendered":"<p>DO\u011eAN AVCIO\u011eLU 100 YA\u015eINDA&#8230; Ama bu kitap h\u00e2l\u00e2 gen\u00e7, h\u00e2l\u00e2 huzursuz edici, h\u00e2l\u00e2 yol g\u00f6sterici. Mill\u00ee Kurtulu\u015f Tarihi, yaln\u0131zca ge\u00e7mi\u015fi anlamak isteyenler i\u00e7in de\u011fil, T\u00fcrkiye\u2019nin gelece\u011fini sorgulama cesareti ta\u015f\u0131yanlar i\u00e7in yaz\u0131lm\u0131\u015f bir ba\u015fvuru kayna\u011f\u0131d\u0131r. Bug\u00fcn T\u00fcrkiye\u2019nin kar\u015f\u0131 kar\u015f\u0131ya bulundu\u011fu ba\u011f\u0131ml\u0131l\u0131k ili\u015fkileri, d\u0131\u015f m\u00fcdahaleler ve i\u00e7 teslimiyetler tesad\u00fcf de\u011fildir. Avc\u0131o\u011flu, Milli Kurtulu\u015f Tarihi\u2019nde bu s\u00fcreklili\u011fin tarihsel k\u00f6klerini anlat\u0131rken bug\u00fcn\u00fc hedef al\u0131yor; bug\u00fcn\u00fc anlat\u0131rken gelecek i\u00e7in uyar\u0131da bulunuyor. T\u00fcrkiye\u2019nin y\u00f6n\u00fcn\u00fc de\u011fi\u015ftirmek ve \u00fclkeyi d\u0131\u015fa ba\u011f\u0131ml\u0131 hale getirmek \u00fczere yap\u0131lmak istenenleri tarihsel s\u00fcre\u00e7 i\u00e7inde analiz ederek a\u00e7\u0131klarken, uygulanan politikalar\u0131 sa\u011flam bir zemine oturtarak sorguluyor. Do\u011fan Avc\u0131o\u011flu, Mill\u00ee Kurtulu\u015f Tarihi\u2019ndeki isabetli tespitleriyle g\u00fcn\u00fcm\u00fcze ula\u015farak yol g\u00f6stermeye devam ediyor. \u201c&#8230; 1939 \u0130ngiliz \u0130ttifak\u0131 ile Atat\u00fcrk d\u00f6nemindeki bloklar d\u0131\u015f\u0131 politikan\u0131n terk edili\u015fi ve bunun i\u00e7 politikada do\u011furdu\u011fu sonu\u00e7lar ele al\u0131nmaktad\u0131r. Roosevelt ve Churchill, Kazablanka Konferans\u0131\u2019nda \u00c7in\u2019in Amerikan, T\u00fcrkiye\u2019nin ise \u0130ngiliz n\u00fcfuz b\u00f6lgesi oldu\u011funu kararla\u015ft\u0131rm\u0131\u015flard\u0131r. Durum, ilgililerce kabul edilmi\u015f ve 1939\u2019dan sonra d\u0131\u015f politikam\u0131z\u0131n belli ba\u015fl\u0131 amac\u0131, T\u00fcrkiye\u2019nin kaderini ABD ve B\u00fcy\u00fck Britanya\u2019ya ba\u011flamaya y\u00f6nelmi\u015ftir. Bu y\u00f6neli\u015f, 1838 \u0130ngiliz Ticaret Anla\u015fmas\u0131 ve 1839 Tanzimat Ferman\u0131 ile ba\u015flayan geli\u015fme \u00e7izgisi \u00fczerindedir ve 1995\u2019lerde Ortak Pazar\u2019a tam \u00fcye olmakla doruk noktas\u0131na ula\u015fabilecektir.\u201d (Do\u011fan Avc\u0131o\u011flu)<\/p>\n","protected":false},"excerpt":{"rendered":"<p>DO\u011eAN AVCIO\u011eLU 100 YA\u015eINDA&#8230; Ama bu kitap h\u00e2l\u00e2 gen\u00e7, h\u00e2l\u00e2 huzursuz edici, h\u00e2l\u00e2 yol g\u00f6sterici. Mill\u00ee Kurtulu\u015f Tarihi, yaln\u0131zca ge\u00e7mi\u015fi anlamak isteyenler i\u00e7in de\u011fil, T\u00fcrkiye\u2019nin gelece\u011fini<span class=\"excerpt-hellip\"> [\u2026]<\/span><\/p>\n","protected":false},"featured_media":0,"template":"","meta":{"_monsterinsights_skip_tracking":false,"_monsterinsights_sitenote_active":false,"_monsterinsights_sitenote_note":"","_monsterinsights_sitenote_category":0},"product_brand":[],"product_cat":[12304,13650],"product_tag":[],"class_list":{"0":"post-784780","1":"product","2":"type-product","3":"status-publish","5":"product_cat-tarih","6":"product_cat-turk-tarihi-arastirmalari","7":"pa_cilt-ciltli","8":"pa_tur-kitap","9":"pa_yayinevi-tekin-yayinevi","10":"pa_yazar-dogan-avcioglu","12":"first","13":"instock","14":"sale","15":"shipping-taxable","16":"purchasable","17":"product-type-simple"},"_links":{"self":[{"href":"https:\/\/roveyayinevi.com.tr\/index.php\/wp-json\/wp\/v2\/product\/784780","targetHints":{"allow":["GET"]}}],"collection":[{"href":"https:\/\/roveyayinevi.com.tr\/index.php\/wp-json\/wp\/v2\/product"}],"about":[{"href":"https:\/\/roveyayinevi.com.tr\/index.php\/wp-json\/wp\/v2\/types\/product"}],"wp:attachment":[{"href":"https:\/\/roveyayinevi.com.tr\/index.php\/wp-json\/wp\/v2\/media?parent=784780"}],"wp:term":[{"taxonomy":"product_brand","embeddable":true,"href":"https:\/\/roveyayinevi.com.tr\/index.php\/wp-json\/wp\/v2\/product_brand?post=784780"},{"taxonomy":"product_cat","embeddable":true,"href":"https:\/\/roveyayinevi.com.tr\/index.php\/wp-json\/wp\/v2\/product_cat?post=784780"},{"taxonomy":"product_tag","embeddable":true,"href":"https:\/\/roveyayinevi.com.tr\/index.php\/wp-json\/wp\/v2\/product_tag?post=784780"}],"curies":[{"name":"wp","href":"https:\/\/api.w.org\/{rel}","templated":true}]}}