{"id":784779,"date":"2026-03-14T03:28:09","date_gmt":"2026-03-14T00:28:09","guid":{"rendered":"https:\/\/roveyayinevi.com.tr\/index.php\/urun\/tarihe-bitkisel-yolculuk\/"},"modified":"2026-04-15T03:47:51","modified_gmt":"2026-04-15T00:47:51","slug":"tarihe-bitkisel-yolculuk","status":"publish","type":"product","link":"https:\/\/roveyayinevi.com.tr\/index.php\/urun\/tarihe-bitkisel-yolculuk\/","title":{"rendered":"Tarihe Bitkisel Yolculuk"},"content":{"rendered":"<p>\u0130stanbul\u2019un \u00e7i\u00e7eklerine dair \u00f6zg\u00fcn ve ilgin\u00e7 bir kitap.Tarihe Bitkisel Yolculuk; evlerimizin \u00f6n\u00fcnde, sokaklarda, \u0130stanbul\u2019un neredeyse her yerinde kar\u015f\u0131m\u0131za \u00e7\u0131kan basit ve \u00f6nemsiz sand\u0131\u011f\u0131m\u0131z bitkilerin bilinmeyen y\u00f6nlerini tarihi bulgularla anlat\u0131yor bize. \u015e\u00fckran Ayalp, K\u00fc\u00e7\u00fckyal\u0131 Arkeopark\u2019\u0131 merkez alarak, olduk\u00e7a k\u00fc\u00e7\u00fck bir alanda ne kadar zengin bir florayla kar\u015f\u0131 kar\u015f\u0131ya oldu\u011fumuzu kan\u0131tl\u0131yor.Keyifle okunacak olan bu kitap bitki k\u00f6rl\u00fc\u011f\u00fcn\u00fc gidermek ve size k\u0131lavuzluk etmek i\u00e7in kaleme al\u0131nd\u0131.<\/p>\n","protected":false},"excerpt":{"rendered":"<p>\u0130stanbul\u2019un \u00e7i\u00e7eklerine dair \u00f6zg\u00fcn ve ilgin\u00e7 bir kitap.Tarihe Bitkisel Yolculuk; evlerimizin \u00f6n\u00fcnde, sokaklarda, \u0130stanbul\u2019un neredeyse her yerinde kar\u015f\u0131m\u0131za \u00e7\u0131kan basit ve \u00f6nemsiz sand\u0131\u011f\u0131m\u0131z bitkilerin bilinmeyen y\u00f6nlerini<span class=\"excerpt-hellip\"> [\u2026]<\/span><\/p>\n","protected":false},"featured_media":0,"template":"","meta":{"_monsterinsights_skip_tracking":false,"_monsterinsights_sitenote_active":false,"_monsterinsights_sitenote_note":"","_monsterinsights_sitenote_category":0},"product_brand":[],"product_cat":[12365,12364],"product_tag":[],"class_list":{"0":"post-784779","1":"product","2":"type-product","3":"status-publish","5":"product_cat-diger-genel-konular","6":"product_cat-genel-konular","7":"pa_cilt-ciltsiz","8":"pa_tur-kitap","9":"pa_yayinevi-yitik-ulke-yayinlari","10":"pa_yazar-sukran-ayalp","12":"first","13":"instock","14":"sale","15":"shipping-taxable","16":"purchasable","17":"product-type-simple"},"_links":{"self":[{"href":"https:\/\/roveyayinevi.com.tr\/index.php\/wp-json\/wp\/v2\/product\/784779","targetHints":{"allow":["GET"]}}],"collection":[{"href":"https:\/\/roveyayinevi.com.tr\/index.php\/wp-json\/wp\/v2\/product"}],"about":[{"href":"https:\/\/roveyayinevi.com.tr\/index.php\/wp-json\/wp\/v2\/types\/product"}],"wp:attachment":[{"href":"https:\/\/roveyayinevi.com.tr\/index.php\/wp-json\/wp\/v2\/media?parent=784779"}],"wp:term":[{"taxonomy":"product_brand","embeddable":true,"href":"https:\/\/roveyayinevi.com.tr\/index.php\/wp-json\/wp\/v2\/product_brand?post=784779"},{"taxonomy":"product_cat","embeddable":true,"href":"https:\/\/roveyayinevi.com.tr\/index.php\/wp-json\/wp\/v2\/product_cat?post=784779"},{"taxonomy":"product_tag","embeddable":true,"href":"https:\/\/roveyayinevi.com.tr\/index.php\/wp-json\/wp\/v2\/product_tag?post=784779"}],"curies":[{"name":"wp","href":"https:\/\/api.w.org\/{rel}","templated":true}]}}