{"id":784778,"date":"2026-03-14T03:28:04","date_gmt":"2026-03-14T00:28:04","guid":{"rendered":"https:\/\/roveyayinevi.com.tr\/index.php\/urun\/dalgaya-dusmek\/"},"modified":"2026-04-15T03:47:50","modified_gmt":"2026-04-15T00:47:50","slug":"dalgaya-dusmek","status":"publish","type":"product","link":"https:\/\/roveyayinevi.com.tr\/index.php\/urun\/dalgaya-dusmek\/","title":{"rendered":"Dalgaya D\u00fc\u015fmek"},"content":{"rendered":"<p>Dalgaya D\u00fc\u015fmek, kap\u0131lma tecr\u00fcbesinin pe\u015fine d\u00fc\u015f\u00fcyor: \u015eehri, metay\u0131, m\u00fczi\u011fi, kayg\u0131y\u0131, d\u00fc\u015fleri kat eden, foto\u011fraflar ve fragmanlardan olu\u015fan bu melez metin, yeni bir yaz\u0131n\u0131n imk\u00e2n\u0131n\u0131 ara\u015ft\u0131r\u0131yor.<\/p>\n","protected":false},"excerpt":{"rendered":"<p>Dalgaya D\u00fc\u015fmek, kap\u0131lma tecr\u00fcbesinin pe\u015fine d\u00fc\u015f\u00fcyor: \u015eehri, metay\u0131, m\u00fczi\u011fi, kayg\u0131y\u0131, d\u00fc\u015fleri kat eden, foto\u011fraflar ve fragmanlardan olu\u015fan bu melez metin, yeni bir yaz\u0131n\u0131n imk\u00e2n\u0131n\u0131 ara\u015ft\u0131r\u0131yor.<\/p>\n","protected":false},"featured_media":0,"template":"","meta":{"_monsterinsights_skip_tracking":false,"_monsterinsights_sitenote_active":false,"_monsterinsights_sitenote_note":"","_monsterinsights_sitenote_category":0},"product_brand":[],"product_cat":[12777,12291],"product_tag":[],"class_list":{"0":"post-784778","1":"product","2":"type-product","3":"status-publish","5":"product_cat-deneme","6":"product_cat-edebiyat","7":"pa_cilt-ciltsiz","8":"pa_tur-kitap","9":"pa_yayinevi-nika-yayinevi","10":"pa_yazar-osman-sisman","12":"first","13":"instock","14":"sale","15":"shipping-taxable","16":"purchasable","17":"product-type-simple"},"_links":{"self":[{"href":"https:\/\/roveyayinevi.com.tr\/index.php\/wp-json\/wp\/v2\/product\/784778","targetHints":{"allow":["GET"]}}],"collection":[{"href":"https:\/\/roveyayinevi.com.tr\/index.php\/wp-json\/wp\/v2\/product"}],"about":[{"href":"https:\/\/roveyayinevi.com.tr\/index.php\/wp-json\/wp\/v2\/types\/product"}],"wp:attachment":[{"href":"https:\/\/roveyayinevi.com.tr\/index.php\/wp-json\/wp\/v2\/media?parent=784778"}],"wp:term":[{"taxonomy":"product_brand","embeddable":true,"href":"https:\/\/roveyayinevi.com.tr\/index.php\/wp-json\/wp\/v2\/product_brand?post=784778"},{"taxonomy":"product_cat","embeddable":true,"href":"https:\/\/roveyayinevi.com.tr\/index.php\/wp-json\/wp\/v2\/product_cat?post=784778"},{"taxonomy":"product_tag","embeddable":true,"href":"https:\/\/roveyayinevi.com.tr\/index.php\/wp-json\/wp\/v2\/product_tag?post=784778"}],"curies":[{"name":"wp","href":"https:\/\/api.w.org\/{rel}","templated":true}]}}