{"id":784777,"date":"2026-03-14T03:28:02","date_gmt":"2026-03-14T00:28:02","guid":{"rendered":"https:\/\/roveyayinevi.com.tr\/index.php\/urun\/antik-cag-yunan-dusuncesinde-ozne\/"},"modified":"2026-04-15T03:47:50","modified_gmt":"2026-04-15T00:47:50","slug":"antik-cag-yunan-dusuncesinde-ozne","status":"publish","type":"product","link":"https:\/\/roveyayinevi.com.tr\/index.php\/urun\/antik-cag-yunan-dusuncesinde-ozne\/","title":{"rendered":"Antik \u00c7a\u011f Yunan D\u00fc\u015f\u00fcncesinde \u00d6zne"},"content":{"rendered":"<p>\u00d6zne pek \u00e7ok filozofun \u00fczerine kafa yordu\u011fu bir kavram olagelmi\u015ftir. Ger\u00e7ekten de \u00f6znenin ne oldu\u011funu anlamak bir\u00e7ok temel epistemolojik, ontolojik ve psikolojik konu \u00fczerine d\u00fc\u015f\u00fcnmeyi gerektiriyor. \u00d6zneleri d\u00fcnyadaki di\u011fer \u015feylerden ay\u0131ran \u00f6zellikleri nelerdir? \u00d6znel deneyimimizin \u00f6tesine ge\u00e7ebilir miyiz? \u00d6zneler nas\u0131l karar verir ve harekete ge\u00e7er? Bu gibi sorular\u0131n incelenmesi, bilinci, \u00f6zne\/nesne (d\u0131\u015f d\u00fcnya) ayr\u0131m\u0131n\u0131, \u00f6znenin faaliyetini ve epistemik eri\u015fimimizin dinamiklerini anlamam\u0131za yard\u0131mc\u0131 olabilir. \u0130\u015fte bu kitap \u00f6zne hakk\u0131ndaki bu gibi sorulara Antik \u00c7a\u011f Yunan filozoflar\u0131n\u0131n sundu\u011fu cevaplar \u00fczerine \u00f6zg\u00fcn bak\u0131\u015f a\u00e7\u0131lar\u0131 geli\u015ftirmeyi ama\u00e7l\u0131yor. Bunu yaparken de \u00f6zne kavram\u0131na dair a\u00e7\u0131klay\u0131c\u0131 ve sistematik bir \u00e7er\u00e7eve ortaya koyuyor. Kitab\u0131n her bir b\u00f6l\u00fcm\u00fc Presokratik filozoflardan Helenistik okullara kadar geni\u015f bir d\u00f6nemi, belirli filozoflar ve metinlere dayanarak inceliyor. Antik \u00c7a\u011f Yunan D\u00fc\u015f\u00fcncesinde \u00d6zne kitab\u0131n\u0131n T\u00fcrk\u00e7e felsefe literat\u00fcr\u00fcndeki o\u0308nemli bir bo\u015flu\u011fu dolduraca\u011f\u0131na inan\u0131yoruz.<\/p>\n","protected":false},"excerpt":{"rendered":"<p>\u00d6zne pek \u00e7ok filozofun \u00fczerine kafa yordu\u011fu bir kavram olagelmi\u015ftir. Ger\u00e7ekten de \u00f6znenin ne oldu\u011funu anlamak bir\u00e7ok temel epistemolojik, ontolojik ve psikolojik konu \u00fczerine d\u00fc\u015f\u00fcnmeyi gerektiriyor.<span class=\"excerpt-hellip\"> [\u2026]<\/span><\/p>\n","protected":false},"featured_media":0,"template":"","meta":{"_monsterinsights_skip_tracking":false,"_monsterinsights_sitenote_active":false,"_monsterinsights_sitenote_note":"","_monsterinsights_sitenote_category":0},"product_brand":[],"product_cat":[12389,12388],"product_tag":[],"class_list":{"0":"post-784777","1":"product","2":"type-product","3":"status-publish","5":"product_cat-diger-felsefe","6":"product_cat-felsefe","7":"pa_cilt-ciltsiz","8":"pa_tur-kitap","9":"pa_yayinevi-nika-yayinevi","10":"pa_yazar-kolektif","12":"first","13":"instock","14":"sale","15":"shipping-taxable","16":"purchasable","17":"product-type-simple"},"_links":{"self":[{"href":"https:\/\/roveyayinevi.com.tr\/index.php\/wp-json\/wp\/v2\/product\/784777","targetHints":{"allow":["GET"]}}],"collection":[{"href":"https:\/\/roveyayinevi.com.tr\/index.php\/wp-json\/wp\/v2\/product"}],"about":[{"href":"https:\/\/roveyayinevi.com.tr\/index.php\/wp-json\/wp\/v2\/types\/product"}],"wp:attachment":[{"href":"https:\/\/roveyayinevi.com.tr\/index.php\/wp-json\/wp\/v2\/media?parent=784777"}],"wp:term":[{"taxonomy":"product_brand","embeddable":true,"href":"https:\/\/roveyayinevi.com.tr\/index.php\/wp-json\/wp\/v2\/product_brand?post=784777"},{"taxonomy":"product_cat","embeddable":true,"href":"https:\/\/roveyayinevi.com.tr\/index.php\/wp-json\/wp\/v2\/product_cat?post=784777"},{"taxonomy":"product_tag","embeddable":true,"href":"https:\/\/roveyayinevi.com.tr\/index.php\/wp-json\/wp\/v2\/product_tag?post=784777"}],"curies":[{"name":"wp","href":"https:\/\/api.w.org\/{rel}","templated":true}]}}