{"id":784776,"date":"2026-03-14T03:27:59","date_gmt":"2026-03-14T00:27:59","guid":{"rendered":"https:\/\/roveyayinevi.com.tr\/index.php\/urun\/ruh-sagliginda-tolumsal-perspektifler\/"},"modified":"2026-03-18T03:41:25","modified_gmt":"2026-03-18T00:41:25","slug":"ruh-sagliginda-tolumsal-perspektifler","status":"publish","type":"product","link":"https:\/\/roveyayinevi.com.tr\/index.php\/urun\/ruh-sagliginda-tolumsal-perspektifler\/","title":{"rendered":"Ruh Sa\u011fl\u0131\u011f\u0131nda Tolumsal Perspektifler"},"content":{"rendered":"<p>Ruhsal s\u0131k\u0131nt\u0131lar hem bireyler hem de \u00e7evreleri i\u00e7in kafa kar\u0131\u015f\u0131kl\u0131\u011f\u0131 ve korkuya yol a\u00e7abilmektedir. Biyomedikal model bu deneyimlere a\u00e7\u0131klamalar sunmay\u0131 ama\u00e7lasa da \u00e7o\u011fu zaman yeterli anlam \u00e7er\u00e7evesi sunamamaktad\u0131r. Bu nedenle ruh sa\u011fl\u0131\u011f\u0131 alan\u0131ndaki uzmanlar, hizmet alan bireyler ve destek\u00e7ileri giderek daha fazla toplumsal bak\u0131\u015f a\u00e7\u0131lar\u0131na y\u00f6nelmi\u015ftir. Ruh Sa\u011fl\u0131\u011f\u0131nda Toplumsal Perspektifler (Social Perspectives in Mental Health), ba\u015fl\u0131kl\u0131 bu kitap ruhsal s\u0131k\u0131nt\u0131y\u0131 ve onunla ba\u011flant\u0131l\u0131 olabilecek sosyal ve ki\u015fisel meseleleri anlamada faydal\u0131 olabilecek \u00e7e\u015fitli toplumsal perspektifleri bir araya getirmektedir. Yaln\u0131zca ruh sa\u011fl\u0131\u011f\u0131 alan\u0131nda \u00e7al\u0131\u015fan profesyoneller i\u00e7in de\u011fil, ayn\u0131 zamanda bu alana politika, etik ve toplumsal adalet perspektifinden yakla\u015fan t\u00fcm ara\u015ft\u0131rmac\u0131lar, \u00f6\u011frenciler ve aktivistler i\u00e7in \u00f6nemli bir ba\u015fvuru kayna\u011f\u0131d\u0131r. Jerry Tew&#8217;in edit\u00f6rl\u00fc\u011f\u00fcnde bir araya gelen bu derleme, ruhsal deneyimlerin yaln\u0131zca bireysel ya da biyolojik d\u00fczlemlerde de\u011fil, tarihsel, s\u0131n\u0131fsal ve toplumsal ba\u011flamlarda da ele al\u0131nmas\u0131 gerekti\u011fini savunan g\u00fc\u00e7l\u00fc bir \u00e7er\u00e7eve sunmaktad\u0131r. Bu y\u00f6n\u00fcyle kitap, ruh sa\u011fl\u0131\u011f\u0131na dair h\u00e2kim paradigmalara kar\u015f\u0131 ele\u015ftirel bir duru\u015f sergilemekte; sosyal hizmet, psikiyatri, psikoloji ve toplum ruh sa\u011fl\u0131\u011f\u0131 gibi alanlarda \u00f6nemli bir bo\u015flu\u011fu doldurarak, toplumsal okumalar\u0131n \u00f6n\u00fcn\u00fc a\u00e7maktad\u0131r.<\/p>\n","protected":false},"excerpt":{"rendered":"<p>Ruhsal s\u0131k\u0131nt\u0131lar hem bireyler hem de \u00e7evreleri i\u00e7in kafa kar\u0131\u015f\u0131kl\u0131\u011f\u0131 ve korkuya yol a\u00e7abilmektedir. Biyomedikal model bu deneyimlere a\u00e7\u0131klamalar sunmay\u0131 ama\u00e7lasa da \u00e7o\u011fu zaman yeterli anlam<span class=\"excerpt-hellip\"> [\u2026]<\/span><\/p>\n","protected":false},"featured_media":0,"template":"","meta":{"_monsterinsights_skip_tracking":false,"_monsterinsights_sitenote_active":false,"_monsterinsights_sitenote_note":"","_monsterinsights_sitenote_category":0},"product_brand":[],"product_cat":[12358,12357],"product_tag":[],"class_list":{"0":"post-784776","1":"product","2":"type-product","3":"status-publish","5":"product_cat-genel-psikoloji","6":"product_cat-psikoloji","7":"pa_cilt-ciltsiz","8":"pa_tur-kitap","9":"pa_yayinevi-nika-yayinevi","10":"pa_yazar-kolektif","12":"first","13":"instock","14":"sale","15":"shipping-taxable","16":"purchasable","17":"product-type-simple"},"_links":{"self":[{"href":"https:\/\/roveyayinevi.com.tr\/index.php\/wp-json\/wp\/v2\/product\/784776","targetHints":{"allow":["GET"]}}],"collection":[{"href":"https:\/\/roveyayinevi.com.tr\/index.php\/wp-json\/wp\/v2\/product"}],"about":[{"href":"https:\/\/roveyayinevi.com.tr\/index.php\/wp-json\/wp\/v2\/types\/product"}],"wp:attachment":[{"href":"https:\/\/roveyayinevi.com.tr\/index.php\/wp-json\/wp\/v2\/media?parent=784776"}],"wp:term":[{"taxonomy":"product_brand","embeddable":true,"href":"https:\/\/roveyayinevi.com.tr\/index.php\/wp-json\/wp\/v2\/product_brand?post=784776"},{"taxonomy":"product_cat","embeddable":true,"href":"https:\/\/roveyayinevi.com.tr\/index.php\/wp-json\/wp\/v2\/product_cat?post=784776"},{"taxonomy":"product_tag","embeddable":true,"href":"https:\/\/roveyayinevi.com.tr\/index.php\/wp-json\/wp\/v2\/product_tag?post=784776"}],"curies":[{"name":"wp","href":"https:\/\/api.w.org\/{rel}","templated":true}]}}