{"id":784774,"date":"2026-03-14T03:27:53","date_gmt":"2026-03-14T00:27:53","guid":{"rendered":"https:\/\/roveyayinevi.com.tr\/index.php\/urun\/yabancilasma-3\/"},"modified":"2026-04-15T03:47:50","modified_gmt":"2026-04-15T00:47:50","slug":"yabancilasma-3","status":"publish","type":"product","link":"https:\/\/roveyayinevi.com.tr\/index.php\/urun\/yabancilasma-3\/","title":{"rendered":"Yabanc\u0131la\u015fma"},"content":{"rendered":"<p>Rahel Jaeggi bu kitapta, \u201cmodas\u0131 ge\u00e7mi\u015f\u201d muamelesi g\u00f6ren yabanc\u0131la\u015fma kavram\u0131n\u0131 yenileyerek canland\u0131rmaya \u00e7al\u0131\u015f\u0131yor. Bunun i\u00e7in Heidegger\u2019in ve Marx\u2019\u0131n d\u00fc\u015f\u00fcnce \u00e7izgisinde yabanc\u0131la\u015fma teorisinin izini s\u00fcr\u00fcyor. Devam\u0131nda, \u00e7a\u011fda\u015f sosyal teorinin, yabanc\u0131la\u015fma teorisini mayalamaya elveren bulgular\u0131n\u0131 kola\u00e7an ediyor. \u0130nsan\u0131n yap\u0131p ettiklerini sahiplenmesi, kendini sahiplenmesi, d\u00fcnyay\u0131 sahiplenmesi, anlaml\u0131 bir ya\u015fam\u0131n anahtar\u0131 de\u011fil midir? Yabanc\u0131la\u015fma, o kay\u0131p anahtar\u0131 bulma yolunda bir felsefi d\u00fc\u015f\u00fcnme \u00e7abas\u0131\u2026\u201cYabanc\u0131la\u015fma kavram\u0131, Rousseau\u2019da da en az Marx\u2019ta ve v\u00e2rislerinde oldu\u011fu kadar, insan\u0131n \u00f6z\u00fcyle ilgili bir belirlemeyi varsayar: Yabanc\u0131la\u015ft\u0131\u011f\u0131 te\u015fhisi konan varl\u0131k, insan\u0131n as\u0131l do\u011fas\u0131, onun hakiki cevheri say\u0131lan bir \u015feye yabanc\u0131 hale gelmi\u015f olmal\u0131d\u0131r. Son ony\u0131llarda felsefede ya\u015fanan geli\u015fmeler, b\u00f6ylesi \u00f6zc\u00fc belirlemelere son verdi.(\u2026) Bu teorik kendini tashih olay\u0131n\u0131n bir sonucu da, yabanc\u0131la\u015fma kategorisinin felsefenin ya\u015fayan g\u00fcndelik dilinden kaybolmas\u0131 oldu. Ve Ele\u015ftirel Teori\u2019nin eskimesi tehlikesini, onun bir zamanki anahtar kavram\u0131n\u0131n \u00f6l\u00fcp gitmesi kadar bariz bir \u015fekilde ilan eden bir \u015fey yoktur.\u201d Axel Honneth<\/p>\n","protected":false},"excerpt":{"rendered":"<p>Rahel Jaeggi bu kitapta, \u201cmodas\u0131 ge\u00e7mi\u015f\u201d muamelesi g\u00f6ren yabanc\u0131la\u015fma kavram\u0131n\u0131 yenileyerek canland\u0131rmaya \u00e7al\u0131\u015f\u0131yor. Bunun i\u00e7in Heidegger\u2019in ve Marx\u2019\u0131n d\u00fc\u015f\u00fcnce \u00e7izgisinde yabanc\u0131la\u015fma teorisinin izini s\u00fcr\u00fcyor. Devam\u0131nda, \u00e7a\u011fda\u015f<span class=\"excerpt-hellip\"> [\u2026]<\/span><\/p>\n","protected":false},"featured_media":0,"template":"","meta":{"_monsterinsights_skip_tracking":false,"_monsterinsights_sitenote_active":false,"_monsterinsights_sitenote_note":"","_monsterinsights_sitenote_category":0},"product_brand":[],"product_cat":[13590,12337],"product_tag":[],"class_list":{"0":"post-784774","1":"product","2":"type-product","3":"status-publish","5":"product_cat-arastirma-inceleme-politika-siyaset","6":"product_cat-politika-siyaset","7":"pa_cilt-ciltsiz","8":"pa_tur-kitap","9":"pa_yayinevi-iletisim-yayinlari","10":"pa_yazar-rahel-jaeggi","12":"first","13":"instock","14":"sale","15":"shipping-taxable","16":"purchasable","17":"product-type-simple"},"_links":{"self":[{"href":"https:\/\/roveyayinevi.com.tr\/index.php\/wp-json\/wp\/v2\/product\/784774","targetHints":{"allow":["GET"]}}],"collection":[{"href":"https:\/\/roveyayinevi.com.tr\/index.php\/wp-json\/wp\/v2\/product"}],"about":[{"href":"https:\/\/roveyayinevi.com.tr\/index.php\/wp-json\/wp\/v2\/types\/product"}],"wp:attachment":[{"href":"https:\/\/roveyayinevi.com.tr\/index.php\/wp-json\/wp\/v2\/media?parent=784774"}],"wp:term":[{"taxonomy":"product_brand","embeddable":true,"href":"https:\/\/roveyayinevi.com.tr\/index.php\/wp-json\/wp\/v2\/product_brand?post=784774"},{"taxonomy":"product_cat","embeddable":true,"href":"https:\/\/roveyayinevi.com.tr\/index.php\/wp-json\/wp\/v2\/product_cat?post=784774"},{"taxonomy":"product_tag","embeddable":true,"href":"https:\/\/roveyayinevi.com.tr\/index.php\/wp-json\/wp\/v2\/product_tag?post=784774"}],"curies":[{"name":"wp","href":"https:\/\/api.w.org\/{rel}","templated":true}]}}