{"id":784771,"date":"2026-03-14T03:27:41","date_gmt":"2026-03-14T00:27:41","guid":{"rendered":"https:\/\/roveyayinevi.com.tr\/index.php\/urun\/lojman-2\/"},"modified":"2026-04-15T03:47:50","modified_gmt":"2026-04-15T00:47:50","slug":"lojman-2","status":"publish","type":"product","link":"https:\/\/roveyayinevi.com.tr\/index.php\/urun\/lojman-2\/","title":{"rendered":"Lojman"},"content":{"rendered":"<p>\u201cKarn\u0131m\u0131zdan, g\u00f6vdemizden a\u015f\u0131p hayata bula\u015fan bir \u015fey var! Renkli, parlak, ak\u0131\u015fkan, her yere girebilen bir \u015fey. Kulaklar\u0131m\u0131z\u0131 \u00e7\u0131nlatan dedikodular yok, s\u00fcr\u00fcp giden u\u011fultular var. F\u0131rt\u0131nalar\u0131n biriktirdi\u011fi kum tepeleri, \u00e7\u00f6l \u00e7i\u00e7ekleri ve satran\u00e7&#8230; Bunlar yok. Tuvaletler var, sidikler, cam g\u00fczelleri, kemirgenler, kaz\u0131c\u0131lar, didikleyenler, sal\u0131nanlar, c\u0131va var. Kalbim yok, g\u0131rtla\u011f\u0131m var. Fizik yok, alegori var. Ritim yok, at\u0131\u015f var. Hap var, satanik bir kavga var. Silahl\u0131 kumpas var. Patlayan tabanlar, d\u00fc\u011f\u00fcnler ve elektro ba\u011flama var. Biz yokuz, tolerans var, mezarl\u0131klar var. Sayfalar, ulu camiler, g\u00f6zeler yok. Cyberpunk var, pornpolitik var, hicret var. S\u0131cak su kabarc\u0131klar\u0131, volkanik, tektonik kaya\u00e7lar yok. D\u00fc\u011f\u00fcmlenmeler, ac\u0131l\u0131 serumlar, metan gaz\u0131 ve sitrik asit yok. \u0130slimler ve k\u00fck\u00fcrt var. Kay\u0131s\u0131 kasalar\u0131, yar\u0131lm\u0131\u015f yanaklar, so\u011fuk iklim, mira\u00e7 ve torso var. Al\u0131\u015fmak, tutmak, yap\u0131\u015fmak var. Emmek var. Fibula var, tibia yok, skapula yok! Una bat\u0131r\u0131lm\u0131\u015f incirler, s\u00fct\u00fc yara yapan bitkiler, ka\u015f\u0131nan cilt, kokulu mendiller, tuvalet k\u00fcf\u00fcrleri, unutmak var.\u201d<\/p>\n","protected":false},"excerpt":{"rendered":"<p>\u201cKarn\u0131m\u0131zdan, g\u00f6vdemizden a\u015f\u0131p hayata bula\u015fan bir \u015fey var! Renkli, parlak, ak\u0131\u015fkan, her yere girebilen bir \u015fey. Kulaklar\u0131m\u0131z\u0131 \u00e7\u0131nlatan dedikodular yok, s\u00fcr\u00fcp giden u\u011fultular var. F\u0131rt\u0131nalar\u0131n biriktirdi\u011fi<span class=\"excerpt-hellip\"> [\u2026]<\/span><\/p>\n","protected":false},"featured_media":0,"template":"","meta":{"_monsterinsights_skip_tracking":false,"_monsterinsights_sitenote_active":false,"_monsterinsights_sitenote_note":"","_monsterinsights_sitenote_category":0},"product_brand":[],"product_cat":[12291,12711],"product_tag":[],"class_list":{"0":"post-784771","1":"product","2":"type-product","3":"status-publish","5":"product_cat-edebiyat","6":"product_cat-roman-oyku","7":"pa_cilt-ciltsiz","8":"pa_tur-kitap","9":"pa_yayinevi-iletisim-yayinlari","10":"pa_yazar-ebru-ojen","12":"first","13":"instock","14":"sale","15":"shipping-taxable","16":"purchasable","17":"product-type-simple"},"_links":{"self":[{"href":"https:\/\/roveyayinevi.com.tr\/index.php\/wp-json\/wp\/v2\/product\/784771","targetHints":{"allow":["GET"]}}],"collection":[{"href":"https:\/\/roveyayinevi.com.tr\/index.php\/wp-json\/wp\/v2\/product"}],"about":[{"href":"https:\/\/roveyayinevi.com.tr\/index.php\/wp-json\/wp\/v2\/types\/product"}],"wp:attachment":[{"href":"https:\/\/roveyayinevi.com.tr\/index.php\/wp-json\/wp\/v2\/media?parent=784771"}],"wp:term":[{"taxonomy":"product_brand","embeddable":true,"href":"https:\/\/roveyayinevi.com.tr\/index.php\/wp-json\/wp\/v2\/product_brand?post=784771"},{"taxonomy":"product_cat","embeddable":true,"href":"https:\/\/roveyayinevi.com.tr\/index.php\/wp-json\/wp\/v2\/product_cat?post=784771"},{"taxonomy":"product_tag","embeddable":true,"href":"https:\/\/roveyayinevi.com.tr\/index.php\/wp-json\/wp\/v2\/product_tag?post=784771"}],"curies":[{"name":"wp","href":"https:\/\/api.w.org\/{rel}","templated":true}]}}