{"id":784770,"date":"2026-03-14T03:27:38","date_gmt":"2026-03-14T00:27:38","guid":{"rendered":"https:\/\/roveyayinevi.com.tr\/index.php\/urun\/tiziano-su-perisi-ile-coban\/"},"modified":"2026-04-15T03:47:50","modified_gmt":"2026-04-15T00:47:50","slug":"tiziano-su-perisi-ile-coban","status":"publish","type":"product","link":"https:\/\/roveyayinevi.com.tr\/index.php\/urun\/tiziano-su-perisi-ile-coban\/","title":{"rendered":"Tiziano &#8211; Su Perisi ile \u00c7oban"},"content":{"rendered":"<p>John,Tiziano hakk\u0131nda ne d\u00fc\u015f\u00fcn\u00fcyorum, biliyor musun? Bir kartpostala tek kelimeyle \u201cten\u201d yazard\u0131m. Sevgiyle, KatyaVenedik\u2019te Tiziano sergisini gezen Katya Berger\u2019\u0131n babas\u0131 John Berger\u2019a yazd\u0131\u011f\u0131 bu k\u0131sa not Tiziano hakk\u0131ndaki yaz\u0131\u015fmalar\u0131n\u0131 ba\u015flat\u0131yor. Tart\u0131\u015fmalar\u0131 giderek perilerden k\u00f6peklere, sa\u00e7, k\u0131l, et ve tenden erkek ve kad\u0131n bedenine, cinselli\u011fe, sanatlara y\u00f6n veren tutkulara do\u011fru yay\u0131l\u0131yor, ressam\u0131n b\u00fct\u00fcn repertuar\u0131n\u0131 tarayan, hayata dair derinlikli bir diyalog ortaya \u00e7\u0131k\u0131yor.<\/p>\n","protected":false},"excerpt":{"rendered":"<p>John,Tiziano hakk\u0131nda ne d\u00fc\u015f\u00fcn\u00fcyorum, biliyor musun? Bir kartpostala tek kelimeyle \u201cten\u201d yazard\u0131m. Sevgiyle, KatyaVenedik\u2019te Tiziano sergisini gezen Katya Berger\u2019\u0131n babas\u0131 John Berger\u2019a yazd\u0131\u011f\u0131 bu k\u0131sa not<span class=\"excerpt-hellip\"> [\u2026]<\/span><\/p>\n","protected":false},"featured_media":0,"template":"","meta":{"_monsterinsights_skip_tracking":false,"_monsterinsights_sitenote_active":false,"_monsterinsights_sitenote_note":"","_monsterinsights_sitenote_category":0},"product_brand":[],"product_cat":[44608,12408],"product_tag":[],"class_list":{"0":"post-784770","1":"product","2":"type-product","3":"status-publish","5":"product_cat-diger-sanat","6":"product_cat-sanat","7":"pa_cilt-ciltsiz","8":"pa_tur-kitap","9":"pa_yayinevi-metis-yayinlari","10":"pa_yazar-john-berger","11":"pa_yazar-katya-berger-andreadakis","13":"first","14":"instock","15":"sale","16":"shipping-taxable","17":"purchasable","18":"product-type-simple"},"_links":{"self":[{"href":"https:\/\/roveyayinevi.com.tr\/index.php\/wp-json\/wp\/v2\/product\/784770","targetHints":{"allow":["GET"]}}],"collection":[{"href":"https:\/\/roveyayinevi.com.tr\/index.php\/wp-json\/wp\/v2\/product"}],"about":[{"href":"https:\/\/roveyayinevi.com.tr\/index.php\/wp-json\/wp\/v2\/types\/product"}],"wp:attachment":[{"href":"https:\/\/roveyayinevi.com.tr\/index.php\/wp-json\/wp\/v2\/media?parent=784770"}],"wp:term":[{"taxonomy":"product_brand","embeddable":true,"href":"https:\/\/roveyayinevi.com.tr\/index.php\/wp-json\/wp\/v2\/product_brand?post=784770"},{"taxonomy":"product_cat","embeddable":true,"href":"https:\/\/roveyayinevi.com.tr\/index.php\/wp-json\/wp\/v2\/product_cat?post=784770"},{"taxonomy":"product_tag","embeddable":true,"href":"https:\/\/roveyayinevi.com.tr\/index.php\/wp-json\/wp\/v2\/product_tag?post=784770"}],"curies":[{"name":"wp","href":"https:\/\/api.w.org\/{rel}","templated":true}]}}