{"id":784768,"date":"2026-03-14T03:27:34","date_gmt":"2026-03-14T00:27:34","guid":{"rendered":"https:\/\/roveyayinevi.com.tr\/index.php\/urun\/tanrilar-ve-olumluler\/"},"modified":"2026-04-15T03:47:50","modified_gmt":"2026-04-15T00:47:50","slug":"tanrilar-ve-olumluler","status":"publish","type":"product","link":"https:\/\/roveyayinevi.com.tr\/index.php\/urun\/tanrilar-ve-olumluler\/","title":{"rendered":"Tanr\u0131lar ve \u00d6l\u00fcml\u00fcler"},"content":{"rendered":"<p>Tanr\u0131lar ve \u00d6l\u00fcml\u00fcler, Antik Yunan mitlerini birbirinden kopuk \u00f6yk\u00fcler olarak de\u011fil, ba\u015f\u0131 ve sonu olan b\u00fcy\u00fck bir anlat\u0131 olarak yeniden kuruyor. Sarah Iles Johnston, kozmosun do\u011fu\u015fundan Troya Sava\u015f\u0131\u2019n\u0131n sonras\u0131na uzanan bu b\u00fct\u00fcnl\u00fckl\u00fc hik\u00e2yede tanr\u0131larla insanlar\u0131n yollar\u0131n\u0131 kesi\u015ftiriyor; g\u00fc\u00e7, arzu, adalet ve d\u00f6n\u00fc\u015f\u00fcm etraf\u0131nda \u00f6r\u00fclen bir d\u00fcnyay\u0131 bug\u00fcn\u00fcn okuruna a\u00e7\u0131yor. Mitler burada ge\u00e7mi\u015fte kalm\u0131\u015f masallar de\u011fil, h\u00e2l\u00e2 i\u00e7imizde yank\u0131lanan sorular\u0131n sahnesine d\u00f6n\u00fc\u015f\u00fcyor.Tanr\u0131lar k\u0131l\u0131k de\u011fi\u015ftirerek yery\u00fcz\u00fcne iniyor, \u00f6l\u00fcml\u00fcler zek\u00e2lar\u0131yla ve cesaretleriyle s\u0131nan\u0131yor, lanetler ve \u00f6d\u00fcller ayn\u0131 hik\u00e2yenin par\u00e7alar\u0131 haline geliyor. Tanr\u0131lar ve \u00d6l\u00fcml\u00fcler, s\u00fcr\u00fckleyici dili ve g\u00fc\u00e7l\u00fc karakterleriyle her ya\u015ftan okuru i\u00e7ine \u00e7ekiyor, heyecan verici bir mitoloji yolculu\u011funa \u00e7\u0131kar\u0131yor. Bu kitap, tanr\u0131lar\u0131n d\u00fcnyas\u0131n\u0131 anlat\u0131rken asl\u0131nda insan\u0131n hik\u00e2yesini anlat\u0131yor. Ve o hik\u00e2ye, bug\u00fcn de devam ediyor.\u201cTanr\u0131lar ve \u00d6l\u00fcml\u00fcler muhte\u015fem bir ba\u015far\u0131, harika bir hik\u00e2ye anlat\u0131c\u0131l\u0131\u011f\u0131 ile marifetli akademisyenli\u011fin nadir g\u00f6r\u00fclen bir kombinasyonu. \u0130\u00e7 i\u00e7e ge\u00e7mi\u015f pek \u00e7ok olay \u00f6rg\u00fcs\u00fcyle bir roman gibi okunuyor ama metinlere dair derin bilgilerle de dolu. Ba\u015ftan sona tek bir hik\u00e2ye olarak okuyabilirsiniz ya da antik d\u00fc\u015f\u00fcn\u00fcrlerin Titanlar veya Truva at\u0131 hakk\u0131nda asl\u0131nda ne yazd\u0131\u011f\u0131n\u0131 kontrol etmek i\u00e7in derinlere dalabilirsiniz. Johnston hem bu mitler i\u00e7in hem de karakterlerin kim oldu\u011funa ve insanlara nas\u0131l ger\u00e7ek gibi geldiklerine dair en iyi rehberimiz olmu\u015f.\u201d\u2013 Tanya Marie Luhrmann, Antropolog, Stanford \u00dcniversitesi<\/p>\n","protected":false},"excerpt":{"rendered":"<p>Tanr\u0131lar ve \u00d6l\u00fcml\u00fcler, Antik Yunan mitlerini birbirinden kopuk \u00f6yk\u00fcler olarak de\u011fil, ba\u015f\u0131 ve sonu olan b\u00fcy\u00fck bir anlat\u0131 olarak yeniden kuruyor. Sarah Iles Johnston, kozmosun do\u011fu\u015fundan<span class=\"excerpt-hellip\"> [\u2026]<\/span><\/p>\n","protected":false},"featured_media":0,"template":"","meta":{"_monsterinsights_skip_tracking":false,"_monsterinsights_sitenote_active":false,"_monsterinsights_sitenote_note":"","_monsterinsights_sitenote_category":0},"product_brand":[],"product_cat":[12718,12858],"product_tag":[],"class_list":{"0":"post-784768","1":"product","2":"type-product","3":"status-publish","5":"product_cat-din","6":"product_cat-mitolojiler","7":"pa_cilt-ciltsiz","8":"pa_tur-kitap","9":"pa_yayinevi-dogan-kitap","10":"pa_yazar-sarah-iles-johnston","12":"first","13":"instock","14":"sale","15":"shipping-taxable","16":"purchasable","17":"product-type-simple"},"_links":{"self":[{"href":"https:\/\/roveyayinevi.com.tr\/index.php\/wp-json\/wp\/v2\/product\/784768","targetHints":{"allow":["GET"]}}],"collection":[{"href":"https:\/\/roveyayinevi.com.tr\/index.php\/wp-json\/wp\/v2\/product"}],"about":[{"href":"https:\/\/roveyayinevi.com.tr\/index.php\/wp-json\/wp\/v2\/types\/product"}],"wp:attachment":[{"href":"https:\/\/roveyayinevi.com.tr\/index.php\/wp-json\/wp\/v2\/media?parent=784768"}],"wp:term":[{"taxonomy":"product_brand","embeddable":true,"href":"https:\/\/roveyayinevi.com.tr\/index.php\/wp-json\/wp\/v2\/product_brand?post=784768"},{"taxonomy":"product_cat","embeddable":true,"href":"https:\/\/roveyayinevi.com.tr\/index.php\/wp-json\/wp\/v2\/product_cat?post=784768"},{"taxonomy":"product_tag","embeddable":true,"href":"https:\/\/roveyayinevi.com.tr\/index.php\/wp-json\/wp\/v2\/product_tag?post=784768"}],"curies":[{"name":"wp","href":"https:\/\/api.w.org\/{rel}","templated":true}]}}