{"id":784764,"date":"2026-03-14T03:27:19","date_gmt":"2026-03-14T00:27:19","guid":{"rendered":"https:\/\/roveyayinevi.com.tr\/index.php\/urun\/hayatimizin-geri-kalani\/"},"modified":"2026-04-15T03:47:42","modified_gmt":"2026-04-15T00:47:42","slug":"hayatimizin-geri-kalani","status":"publish","type":"product","link":"https:\/\/roveyayinevi.com.tr\/index.php\/urun\/hayatimizin-geri-kalani\/","title":{"rendered":"Hayat\u0131m\u0131z\u0131n Geri Kalan\u0131"},"content":{"rendered":"<p>2025 Booker \u00d6d\u00fcl\u00fc finalisti Hayat\u0131m\u0131z\u0131n Geri Kalan\u0131\u2019nda Ben Markovits, orta s\u0131n\u0131f Amerikan ailesinin ya\u015fad\u0131\u011f\u0131 bir \u201cr\u00fcya\u201dy\u0131 kendine \u00f6zg\u00fc dokunakl\u0131 \u00fcslubuyla tahlil ediyor. Kar\u0131s\u0131 kendisini aldatt\u0131ktan sonra onu terk etmek i\u00e7in k\u00fc\u00e7\u00fck k\u0131z\u0131n\u0131n \u00fcniversiteye gitmesini bekleyen Tom, k\u0131z\u0131n\u0131 okula b\u0131rakt\u0131\u011f\u0131 g\u00fcn herkesin \u00e7\u0131kmak istedi\u011fi o uzun araba yolculu\u011funa \u00e7\u0131kar. Bu yolculuk, 55 ya\u015f\u0131na dek alm\u0131\u015f oldu\u011fu kararlarla y\u00fczle\u015fmek i\u00e7in de bir f\u0131rsatt\u0131r. Ya\u015f ald\u0131k\u00e7a daha s\u0131k akla d\u00fc\u015fen \u201cO an ba\u015fka t\u00fcrl\u00fc davransayd\u0131m hayat\u0131m bug\u00fcn nas\u0131l olurdu?\u201d sorusunun cevab\u0131n\u0131, kendisinin se\u00e7medi\u011fi alternatif hayatlar\u0131 ya\u015fayan eski tan\u0131d\u0131klar\u0131n\u0131 otuz y\u0131l aradan sonra ziyaret ederek arayacakt\u0131r. Evlenmemeyi se\u00e7mi\u015f \u00fcniversite arkada\u015f\u0131 Sam; birlikte basketbol oynad\u0131\u011f\u0131 eski dostu Brian; babas\u0131yla daha \u00e7ok vakit ge\u00e7irmi\u015f oldu\u011fu i\u00e7in kendisini h\u00e2l\u00e2 su\u00e7lu hissetti\u011fi karde\u015fi Eric ve tek ba\u015f\u0131na \u00e7ocuk sahibi olmay\u0131 se\u00e7mi\u015f olan eski k\u0131z arkada\u015f\u0131 Jill\u2026 Tom\u2019un t\u00fcm bu ziyaretleri huzursuz bir merak\u0131 tetikleyerek okuru a\u015fk, aile, evlilik, arzu ve ebeveynli\u011fe dair d\u00fc\u015f\u00fcnmeye davet eder. Hayat\u0131m\u0131z\u0131n Geri Kalan\u0131, hayat\u0131n hep \u201cgaranti\u201d taraf\u0131n\u0131 se\u00e7mi\u015f, mecbur kalmad\u0131k\u00e7a risk almam\u0131\u015f, her \u015feyi do\u011fru yapt\u0131\u011f\u0131nda do\u011fru bir hayat ya\u015fayaca\u011f\u0131na inanm\u0131\u015f olanlara, geriye d\u00f6n\u00fcp bakt\u0131klar\u0131nda hissedilecek o ge\u00e7 kalm\u0131\u015fl\u0131k duygusunu sakin ama sars\u0131c\u0131 bir bi\u00e7imde hat\u0131rlatan bir roman.<\/p>\n","protected":false},"excerpt":{"rendered":"<p>2025 Booker \u00d6d\u00fcl\u00fc finalisti Hayat\u0131m\u0131z\u0131n Geri Kalan\u0131\u2019nda Ben Markovits, orta s\u0131n\u0131f Amerikan ailesinin ya\u015fad\u0131\u011f\u0131 bir \u201cr\u00fcya\u201dy\u0131 kendine \u00f6zg\u00fc dokunakl\u0131 \u00fcslubuyla tahlil ediyor. Kar\u0131s\u0131 kendisini aldatt\u0131ktan sonra<span class=\"excerpt-hellip\"> [\u2026]<\/span><\/p>\n","protected":false},"featured_media":0,"template":"","meta":{"_monsterinsights_skip_tracking":false,"_monsterinsights_sitenote_active":false,"_monsterinsights_sitenote_note":"","_monsterinsights_sitenote_category":0},"product_brand":[],"product_cat":[12291,12711],"product_tag":[],"class_list":{"0":"post-784764","1":"product","2":"type-product","3":"status-publish","5":"product_cat-edebiyat","6":"product_cat-roman-oyku","7":"pa_cilt-ciltsiz","8":"pa_tur-kitap","9":"pa_yayinevi-livera-yayinevi","10":"pa_yazar-ben-markovits","12":"first","13":"instock","14":"sale","15":"shipping-taxable","16":"purchasable","17":"product-type-simple"},"_links":{"self":[{"href":"https:\/\/roveyayinevi.com.tr\/index.php\/wp-json\/wp\/v2\/product\/784764","targetHints":{"allow":["GET"]}}],"collection":[{"href":"https:\/\/roveyayinevi.com.tr\/index.php\/wp-json\/wp\/v2\/product"}],"about":[{"href":"https:\/\/roveyayinevi.com.tr\/index.php\/wp-json\/wp\/v2\/types\/product"}],"wp:attachment":[{"href":"https:\/\/roveyayinevi.com.tr\/index.php\/wp-json\/wp\/v2\/media?parent=784764"}],"wp:term":[{"taxonomy":"product_brand","embeddable":true,"href":"https:\/\/roveyayinevi.com.tr\/index.php\/wp-json\/wp\/v2\/product_brand?post=784764"},{"taxonomy":"product_cat","embeddable":true,"href":"https:\/\/roveyayinevi.com.tr\/index.php\/wp-json\/wp\/v2\/product_cat?post=784764"},{"taxonomy":"product_tag","embeddable":true,"href":"https:\/\/roveyayinevi.com.tr\/index.php\/wp-json\/wp\/v2\/product_tag?post=784764"}],"curies":[{"name":"wp","href":"https:\/\/api.w.org\/{rel}","templated":true}]}}