{"id":784762,"date":"2026-03-14T03:26:55","date_gmt":"2026-03-14T00:26:55","guid":{"rendered":"https:\/\/roveyayinevi.com.tr\/index.php\/urun\/iyi-insan-olmanin-40-yolu\/"},"modified":"2026-04-11T03:47:39","modified_gmt":"2026-04-11T00:47:39","slug":"iyi-insan-olmanin-40-yolu","status":"publish","type":"product","link":"https:\/\/roveyayinevi.com.tr\/index.php\/urun\/iyi-insan-olmanin-40-yolu\/","title":{"rendered":"\u0130yi \u0130nsan Olman\u0131n 40 Yolu"},"content":{"rendered":"<p>BA\u015eKASI \u0130\u00c7\u0130N DE\u011e\u0130L, KEND\u0130N \u0130\u00c7\u0130N \u0130Y\u0130 OL!Herkes iyi insan olmay\u0131 ister, hatta \u00e7o\u011fumuz \u00f6z\u00fcm\u00fczde iyi oldu\u011fumuzdan \u015f\u00fcphe etmeyiz.Ancak kendini ba\u015fkas\u0131n\u0131n g\u00f6z\u00fcnden g\u00f6rmek kimi zaman \u015fok etkisi yapar.S\u0131n\u0131rl\u0131 bir \u00f6m\u00fcrde, s\u0131n\u0131rs\u0131z bir sevgiyle insanlar\u0131 kucaklamak ve mutlu, huzurlubir hayat s\u00fcrmek ise ancak ger\u00e7ek anlamda iyi insan olabilmekle m\u00fcmk\u00fcn olur.Bu kitapta, iyi insan olma yollar\u0131 anlat\u0131l\u0131yor.U\u011fur Becerikli, asl\u0131nda i\u00e7imizde bir yerde hepimizin bilip hissettiklerini, g\u00fcncel ya\u015fam deneyimleriyle yeniden hat\u0131rlat\u0131yor.\u0130yi \u0130nsan Olman\u0131n 40 Yolu hem size unuttu\u011funuz de\u011ferleri hat\u0131rlatacak hem de bildiklerinizi tazeleyecek.Nereden ba\u015flayaca\u011f\u0131n\u0131 d\u00fc\u015f\u00fcnen, kendisine bir yol haritas\u0131 \u00e7izmek isteyenler i\u00e7in bir rehber.\u0130yili\u011fin sonu olmaz. Hadi daha iyi olal\u0131m.<\/p>\n","protected":false},"excerpt":{"rendered":"<p>BA\u015eKASI \u0130\u00c7\u0130N DE\u011e\u0130L, KEND\u0130N \u0130\u00c7\u0130N \u0130Y\u0130 OL!Herkes iyi insan olmay\u0131 ister, hatta \u00e7o\u011fumuz \u00f6z\u00fcm\u00fczde iyi oldu\u011fumuzdan \u015f\u00fcphe etmeyiz.Ancak kendini ba\u015fkas\u0131n\u0131n g\u00f6z\u00fcnden g\u00f6rmek kimi zaman \u015fok etkisi<span class=\"excerpt-hellip\"> [\u2026]<\/span><\/p>\n","protected":false},"featured_media":0,"template":"","meta":{"_monsterinsights_skip_tracking":false,"_monsterinsights_sitenote_active":false,"_monsterinsights_sitenote_note":"","_monsterinsights_sitenote_category":0},"product_brand":[],"product_cat":[12364,12376],"product_tag":[],"class_list":{"0":"post-784762","1":"product","2":"type-product","3":"status-publish","5":"product_cat-genel-konular","6":"product_cat-kisisel-gelisim","7":"pa_cilt-ciltsiz","8":"pa_tur-kitap","9":"pa_yayinevi-destek-yayinlari","10":"pa_yazar-ugur-becerikli","12":"first","13":"instock","14":"sale","15":"shipping-taxable","16":"purchasable","17":"product-type-simple"},"_links":{"self":[{"href":"https:\/\/roveyayinevi.com.tr\/index.php\/wp-json\/wp\/v2\/product\/784762","targetHints":{"allow":["GET"]}}],"collection":[{"href":"https:\/\/roveyayinevi.com.tr\/index.php\/wp-json\/wp\/v2\/product"}],"about":[{"href":"https:\/\/roveyayinevi.com.tr\/index.php\/wp-json\/wp\/v2\/types\/product"}],"wp:attachment":[{"href":"https:\/\/roveyayinevi.com.tr\/index.php\/wp-json\/wp\/v2\/media?parent=784762"}],"wp:term":[{"taxonomy":"product_brand","embeddable":true,"href":"https:\/\/roveyayinevi.com.tr\/index.php\/wp-json\/wp\/v2\/product_brand?post=784762"},{"taxonomy":"product_cat","embeddable":true,"href":"https:\/\/roveyayinevi.com.tr\/index.php\/wp-json\/wp\/v2\/product_cat?post=784762"},{"taxonomy":"product_tag","embeddable":true,"href":"https:\/\/roveyayinevi.com.tr\/index.php\/wp-json\/wp\/v2\/product_tag?post=784762"}],"curies":[{"name":"wp","href":"https:\/\/api.w.org\/{rel}","templated":true}]}}