{"id":784760,"date":"2026-03-14T03:25:40","date_gmt":"2026-03-14T00:25:40","guid":{"rendered":"https:\/\/roveyayinevi.com.tr\/index.php\/urun\/bir-cocuk-nasil-buyur\/"},"modified":"2026-04-15T03:46:05","modified_gmt":"2026-04-15T00:46:05","slug":"bir-cocuk-nasil-buyur","status":"publish","type":"product","link":"https:\/\/roveyayinevi.com.tr\/index.php\/urun\/bir-cocuk-nasil-buyur\/","title":{"rendered":"Bir \u00c7ocuk Nas\u0131l B\u00fcy\u00fcr?"},"content":{"rendered":"<p>Bir \u00e7ocuk, kendisine nas\u0131l davran\u0131ld\u0131\u011f\u0131n\u0131 model alarak b\u00fcy\u00fcr. Onu sevme bi\u00e7iminiz; kendini sevme bi\u00e7imine d\u00f6n\u00fc\u015f\u00fcr. Siz nas\u0131l y\u00f6nlendirirseniz, o da kendine g\u00f6re bir hayat planlar. Bu nedenle \u00e7ocu\u011fun iyi olu\u015fu da, zorlan\u0131\u015f\u0131 da ebeveynin tutumuyla do\u011frudan ili\u015fkilidir. Ebeveynlik, kusursuz olmak de\u011fil; fark\u0131nda olmakt\u0131r. Bu kitapta:             \u2022           Sevgi nedir?             \u2022           \u00c7ocuk nas\u0131l yeti\u015ftirilir?             \u2022           Geli\u015fim basamaklar\u0131             \u2022           Anne ve baba olman\u0131n psikolojisi             \u2022           E\u011fitim hayat\u0131n\u0131n her a\u015famas\u0131             \u2022           Arkada\u015fl\u0131k, sayg\u0131, kitap sevgisi ve de\u011ferler             \u2022           Tak\u0131nt\u0131lar, kayg\u0131lar, davran\u0131\u015f bozukluklar\u0131             \u2022           Akran zorbal\u0131\u011f\u0131, cinsel e\u011fitim, \u00e7ocuk haklar\u0131             \u2022           Ergenlik, ba\u015far\u0131, mutluluk ve \u00e7ok daha fazlas\u0131; bilimsel bilgiler, ger\u00e7ek \u00f6rnekler ve hayat\u0131n i\u00e7inden bir sesle anlat\u0131l\u0131yor.. 0\u201313 ya\u015f d\u00f6neminde bir \u00e7ocuk; duygular\u0131yla, merak\u0131yla, hayalleriyle, korkular\u0131yla ve \u00e7evresiyle b\u00fcy\u00fcr. Bu yolculukta g\u00f6rd\u00fc\u011f\u00fc ilk d\u00fcnya, anne ve babas\u0131n\u0131n d\u00fcnyas\u0131d\u0131r. \u00c7ocuk, davran\u0131\u015flar\u0131yla de\u011fil; g\u00f6zleriyle \u00f6\u011frenir. S\u00f6ylediklerimizden \u00e7ok, kim oldu\u011fumuz onun karakterine yaz\u0131l\u0131r.   Anne ve baban\u0131n rol\u00fc, sadece bir rehber olmak de\u011fil; \u00e7ocu\u011fun kalbine dokunan bir yeti\u015fkin olabilmektir.   Ebeveyn; \u00e7ocu\u011fun ilk \u00f6\u011fretmeni, ilk arkada\u015f\u0131, ilk aynas\u0131d\u0131r. \u00c7ocu\u011fun hayat\u0131 boyunca ta\u015f\u0131yaca\u011f\u0131 de\u011ferlerin, do\u011fru ya da yanl\u0131\u015f davran\u0131\u015flar\u0131n, \u00f6zg\u00fcvenin ve hayal kurma cesaretinin kayna\u011f\u0131 \u00e7o\u011fu zaman evin i\u00e7indedir.<\/p>\n","protected":false},"excerpt":{"rendered":"<p>Bir \u00e7ocuk, kendisine nas\u0131l davran\u0131ld\u0131\u011f\u0131n\u0131 model alarak b\u00fcy\u00fcr. Onu sevme bi\u00e7iminiz; kendini sevme bi\u00e7imine d\u00f6n\u00fc\u015f\u00fcr. Siz nas\u0131l y\u00f6nlendirirseniz, o da kendine g\u00f6re bir hayat planlar. Bu<span class=\"excerpt-hellip\"> [\u2026]<\/span><\/p>\n","protected":false},"featured_media":0,"template":"","meta":{"_monsterinsights_skip_tracking":false,"_monsterinsights_sitenote_active":false,"_monsterinsights_sitenote_note":"","_monsterinsights_sitenote_category":0},"product_brand":[],"product_cat":[12291,18202],"product_tag":[],"class_list":{"0":"post-784760","1":"product","2":"type-product","3":"status-publish","5":"product_cat-edebiyat","6":"product_cat-hikaye","7":"pa_cilt-ciltsiz","8":"pa_tur-kitap","9":"pa_yayinevi-platanus-publishing","10":"pa_yazar-elif-saylam","12":"first","13":"instock","14":"sale","15":"shipping-taxable","16":"purchasable","17":"product-type-simple"},"_links":{"self":[{"href":"https:\/\/roveyayinevi.com.tr\/index.php\/wp-json\/wp\/v2\/product\/784760","targetHints":{"allow":["GET"]}}],"collection":[{"href":"https:\/\/roveyayinevi.com.tr\/index.php\/wp-json\/wp\/v2\/product"}],"about":[{"href":"https:\/\/roveyayinevi.com.tr\/index.php\/wp-json\/wp\/v2\/types\/product"}],"wp:attachment":[{"href":"https:\/\/roveyayinevi.com.tr\/index.php\/wp-json\/wp\/v2\/media?parent=784760"}],"wp:term":[{"taxonomy":"product_brand","embeddable":true,"href":"https:\/\/roveyayinevi.com.tr\/index.php\/wp-json\/wp\/v2\/product_brand?post=784760"},{"taxonomy":"product_cat","embeddable":true,"href":"https:\/\/roveyayinevi.com.tr\/index.php\/wp-json\/wp\/v2\/product_cat?post=784760"},{"taxonomy":"product_tag","embeddable":true,"href":"https:\/\/roveyayinevi.com.tr\/index.php\/wp-json\/wp\/v2\/product_tag?post=784760"}],"curies":[{"name":"wp","href":"https:\/\/api.w.org\/{rel}","templated":true}]}}