{"id":784758,"date":"2026-03-14T02:49:29","date_gmt":"2026-03-13T23:49:29","guid":{"rendered":"https:\/\/roveyayinevi.com.tr\/index.php\/urun\/kendini-arayan-tanri\/"},"modified":"2026-04-16T02:51:29","modified_gmt":"2026-04-15T23:51:29","slug":"kendini-arayan-tanri","status":"publish","type":"product","link":"https:\/\/roveyayinevi.com.tr\/index.php\/urun\/kendini-arayan-tanri\/","title":{"rendered":"Kendini Arayan Tanr\u0131"},"content":{"rendered":"<p>Sedat Memili, Mezopotamya mitolojilerinden esinlenerek haz\u0131rlad\u0131\u011f\u0131 bu kitab\u0131n\u0131n geni\u015fletilmi\u015f 4. bask\u0131s\u0131nda, Tanr\u0131, ak\u0131l, sevgi, umut, adalet ve inan\u00e7 gibi kavramlar\u0131 felsefi boyutlar\u0131yla ele al\u0131yor.   Yazar; ara\u015ft\u0131rmac\u0131incelemeci g\u00f6z\u00fcyle, okuru bir d\u00fc\u015f ve mant\u0131k yolculu\u011funa \u00e7\u0131kar\u0131yor. S\u00f6ylenceyle ger\u00e7ek, inan\u00e7la bilim, ge\u00e7mi\u015fle gelecek aras\u0131ndaki ili\u015fkileri ve \u00e7eli\u015fkileri \u015fiirsel bir dille okura sunuyor. Memili, aradan yakla\u015f\u0131k alt\u0131 bin y\u0131l ge\u00e7mesine kar\u015f\u0131n, birtak\u0131m inan\u00e7lar\u0131n g\u00fcn\u00fcm\u00fcze kadar gelmi\u015f oldu\u011funu mitolojik \u00f6rneklerle ortaya koyuyor.   <\/p>\n","protected":false},"excerpt":{"rendered":"<p>Sedat Memili, Mezopotamya mitolojilerinden esinlenerek haz\u0131rlad\u0131\u011f\u0131 bu kitab\u0131n\u0131n geni\u015fletilmi\u015f 4. bask\u0131s\u0131nda, Tanr\u0131, ak\u0131l, sevgi, umut, adalet ve inan\u00e7 gibi kavramlar\u0131 felsefi boyutlar\u0131yla ele al\u0131yor. Yazar; ara\u015ft\u0131rmac\u0131incelemeci<span class=\"excerpt-hellip\"> [\u2026]<\/span><\/p>\n","protected":false},"featured_media":0,"template":"","meta":{"_monsterinsights_skip_tracking":false,"_monsterinsights_sitenote_active":false,"_monsterinsights_sitenote_note":"","_monsterinsights_sitenote_category":0},"product_brand":[],"product_cat":[16382,12718],"product_tag":[],"class_list":{"0":"post-784758","1":"product","2":"type-product","3":"status-publish","5":"product_cat-diger-inanclar","6":"product_cat-din","7":"pa_cilt-ciltsiz","8":"pa_tur-kitap","9":"pa_yayinevi-favori-yayinlari","10":"pa_yazar-sedat-memili","12":"first","13":"instock","14":"sale","15":"shipping-taxable","16":"purchasable","17":"product-type-simple"},"_links":{"self":[{"href":"https:\/\/roveyayinevi.com.tr\/index.php\/wp-json\/wp\/v2\/product\/784758","targetHints":{"allow":["GET"]}}],"collection":[{"href":"https:\/\/roveyayinevi.com.tr\/index.php\/wp-json\/wp\/v2\/product"}],"about":[{"href":"https:\/\/roveyayinevi.com.tr\/index.php\/wp-json\/wp\/v2\/types\/product"}],"wp:attachment":[{"href":"https:\/\/roveyayinevi.com.tr\/index.php\/wp-json\/wp\/v2\/media?parent=784758"}],"wp:term":[{"taxonomy":"product_brand","embeddable":true,"href":"https:\/\/roveyayinevi.com.tr\/index.php\/wp-json\/wp\/v2\/product_brand?post=784758"},{"taxonomy":"product_cat","embeddable":true,"href":"https:\/\/roveyayinevi.com.tr\/index.php\/wp-json\/wp\/v2\/product_cat?post=784758"},{"taxonomy":"product_tag","embeddable":true,"href":"https:\/\/roveyayinevi.com.tr\/index.php\/wp-json\/wp\/v2\/product_tag?post=784758"}],"curies":[{"name":"wp","href":"https:\/\/api.w.org\/{rel}","templated":true}]}}