{"id":784742,"date":"2026-03-14T02:45:48","date_gmt":"2026-03-13T23:45:48","guid":{"rendered":"https:\/\/roveyayinevi.com.tr\/index.php\/urun\/devrimle-gelen-ask\/"},"modified":"2026-04-16T02:46:58","modified_gmt":"2026-04-15T23:46:58","slug":"devrimle-gelen-ask","status":"publish","type":"product","link":"https:\/\/roveyayinevi.com.tr\/index.php\/urun\/devrimle-gelen-ask\/","title":{"rendered":"Devrimle Gelen A\u015fk"},"content":{"rendered":"<p>Yok oluyor korkular Ruhlar\u0131na musallat olan Gereksiz rivayetler Terk ediyor anlams\u0131z tela\u015flar onlar\u0131 Yer tanr\u0131s\u0131 G\u00f6k tanr\u0131s\u0131 Tarihe kar\u0131\u015f\u0131yor S\u00f6k\u00fcyorlar s\u0131rtlar\u0131ndaki a\u011f\u0131r kamburu Bir ku\u015f gibi hafifler art\u0131k \u015eimdi daha \u00f6zg\u00fcrler Ve daha \u00fcretken Onlar da anlad\u0131lar Olmayan \u015feydi bellerini b\u00fcken <\/p>\n","protected":false},"excerpt":{"rendered":"<p>Yok oluyor korkular Ruhlar\u0131na musallat olan Gereksiz rivayetler Terk ediyor anlams\u0131z tela\u015flar onlar\u0131 Yer tanr\u0131s\u0131 G\u00f6k tanr\u0131s\u0131 Tarihe kar\u0131\u015f\u0131yor S\u00f6k\u00fcyorlar s\u0131rtlar\u0131ndaki a\u011f\u0131r kamburu Bir ku\u015f gibi<span class=\"excerpt-hellip\"> [\u2026]<\/span><\/p>\n","protected":false},"featured_media":0,"template":"","meta":{"_monsterinsights_skip_tracking":false,"_monsterinsights_sitenote_active":false,"_monsterinsights_sitenote_note":"","_monsterinsights_sitenote_category":0},"product_brand":[],"product_cat":[12291,12509],"product_tag":[],"class_list":{"0":"post-784742","1":"product","2":"type-product","3":"status-publish","5":"product_cat-edebiyat","6":"product_cat-siir","7":"pa_cilt-ciltsiz","8":"pa_tur-kitap","9":"pa_yayinevi-favori-yayinlari","10":"pa_yazar-yasar-polat","12":"first","13":"instock","14":"sale","15":"shipping-taxable","16":"purchasable","17":"product-type-simple"},"_links":{"self":[{"href":"https:\/\/roveyayinevi.com.tr\/index.php\/wp-json\/wp\/v2\/product\/784742","targetHints":{"allow":["GET"]}}],"collection":[{"href":"https:\/\/roveyayinevi.com.tr\/index.php\/wp-json\/wp\/v2\/product"}],"about":[{"href":"https:\/\/roveyayinevi.com.tr\/index.php\/wp-json\/wp\/v2\/types\/product"}],"wp:attachment":[{"href":"https:\/\/roveyayinevi.com.tr\/index.php\/wp-json\/wp\/v2\/media?parent=784742"}],"wp:term":[{"taxonomy":"product_brand","embeddable":true,"href":"https:\/\/roveyayinevi.com.tr\/index.php\/wp-json\/wp\/v2\/product_brand?post=784742"},{"taxonomy":"product_cat","embeddable":true,"href":"https:\/\/roveyayinevi.com.tr\/index.php\/wp-json\/wp\/v2\/product_cat?post=784742"},{"taxonomy":"product_tag","embeddable":true,"href":"https:\/\/roveyayinevi.com.tr\/index.php\/wp-json\/wp\/v2\/product_tag?post=784742"}],"curies":[{"name":"wp","href":"https:\/\/api.w.org\/{rel}","templated":true}]}}