{"id":784739,"date":"2026-03-14T02:39:20","date_gmt":"2026-03-13T23:39:20","guid":{"rendered":"https:\/\/roveyayinevi.com.tr\/index.php\/urun\/aybastidan-turnalar-goc-eyledi\/"},"modified":"2026-04-16T02:39:00","modified_gmt":"2026-04-15T23:39:00","slug":"aybastidan-turnalar-goc-eyledi","status":"publish","type":"product","link":"https:\/\/roveyayinevi.com.tr\/index.php\/urun\/aybastidan-turnalar-goc-eyledi\/","title":{"rendered":"Aybast\u0131&#8217;dan Turnalar G\u00f6\u00e7 Eyledi"},"content":{"rendered":"<p>Aylarca kendi kendime d\u00fc\u015f\u00fcnd\u00fcm; geceler boyu onulmaz hayaller kurdum. S\u0131k s\u0131k ge\u00e7mi\u015fe d\u00f6nd\u00fcm, zaman t\u00fcnelinde gezintilere \u00e7\u0131kt\u0131m. Bitmez g\u00f6z\u00fcyle bak\u0131lan uzun seneler, nas\u0131l da kayan bir y\u0131ld\u0131z gibi ak\u0131p gitmi\u015f. Belle\u011fimde dolan\u0131p duran siyah beyaz an\u0131lar\u0131 bir araya getirebilir miydim? Yoksa an\u0131lar\u0131n olu\u015fturdu\u011fu bir girdab\u0131n i\u00e7inde debelenip kaybolur muydum? U\u00e7up giden kocaman y\u0131llar, o y\u0131llar\u0131n kahramanlar\u0131; can\u0131m\u0131 yakar, i\u00e7imi ac\u0131t\u0131r m\u0131yd\u0131 acaba?   Ge\u00e7mi\u015fle \u00f6v\u00fcn\u00fcp gelece\u011fi kotarmak da istemiyordum. T\u00fcm bunlar\u0131 \u00fcst \u00fcste koyunca \u015fu kan\u0131ya vard\u0131m: Bu g\u00fczel ya\u015fanm\u0131\u015fl\u0131klar, ge\u00e7mi\u015fin tozlu raflar\u0131nda unutulup gidemezdi.      Sonra karar\u0131m\u0131 verdim; k\u0131r\u0131k d\u00f6k\u00fck an\u0131lar\u0131 bir araya getirip siyah beyaz da olsa bir tablo \u00e7\u0131karmal\u0131yd\u0131m ortaya. O an\u0131larla kahramanlar\u0131n\u0131 g\u00fcn\u00fcm\u00fcze ve gelece\u011fe ta\u015f\u0131mal\u0131yd\u0131m. O zaman, i\u00e7im de ac\u0131sa, can\u0131m da yansa yazmal\u0131y\u0131m dedim ve i\u015fe koyuldum. S\u00fcr\u00e7\u00fc lisan eylediysem affola\u2026<\/p>\n","protected":false},"excerpt":{"rendered":"<p>Aylarca kendi kendime d\u00fc\u015f\u00fcnd\u00fcm; geceler boyu onulmaz hayaller kurdum. S\u0131k s\u0131k ge\u00e7mi\u015fe d\u00f6nd\u00fcm, zaman t\u00fcnelinde gezintilere \u00e7\u0131kt\u0131m. Bitmez g\u00f6z\u00fcyle bak\u0131lan uzun seneler, nas\u0131l da kayan bir<span class=\"excerpt-hellip\"> [\u2026]<\/span><\/p>\n","protected":false},"featured_media":0,"template":"","meta":{"_monsterinsights_skip_tracking":false,"_monsterinsights_sitenote_active":false,"_monsterinsights_sitenote_note":"","_monsterinsights_sitenote_category":0},"product_brand":[],"product_cat":[13701,12291],"product_tag":[],"class_list":{"0":"post-784739","1":"product","2":"type-product","3":"status-publish","5":"product_cat-ani-mektup-gunluk","6":"product_cat-edebiyat","7":"pa_cilt-ciltsiz","8":"pa_tur-kitap","9":"pa_yayinevi-favori-yayinlari","10":"pa_yazar-cetin-yilmaz","12":"first","13":"instock","14":"sale","15":"shipping-taxable","16":"purchasable","17":"product-type-simple"},"_links":{"self":[{"href":"https:\/\/roveyayinevi.com.tr\/index.php\/wp-json\/wp\/v2\/product\/784739","targetHints":{"allow":["GET"]}}],"collection":[{"href":"https:\/\/roveyayinevi.com.tr\/index.php\/wp-json\/wp\/v2\/product"}],"about":[{"href":"https:\/\/roveyayinevi.com.tr\/index.php\/wp-json\/wp\/v2\/types\/product"}],"wp:attachment":[{"href":"https:\/\/roveyayinevi.com.tr\/index.php\/wp-json\/wp\/v2\/media?parent=784739"}],"wp:term":[{"taxonomy":"product_brand","embeddable":true,"href":"https:\/\/roveyayinevi.com.tr\/index.php\/wp-json\/wp\/v2\/product_brand?post=784739"},{"taxonomy":"product_cat","embeddable":true,"href":"https:\/\/roveyayinevi.com.tr\/index.php\/wp-json\/wp\/v2\/product_cat?post=784739"},{"taxonomy":"product_tag","embeddable":true,"href":"https:\/\/roveyayinevi.com.tr\/index.php\/wp-json\/wp\/v2\/product_tag?post=784739"}],"curies":[{"name":"wp","href":"https:\/\/api.w.org\/{rel}","templated":true}]}}