{"id":784736,"date":"2026-03-14T02:35:38","date_gmt":"2026-03-13T23:35:38","guid":{"rendered":"https:\/\/roveyayinevi.com.tr\/index.php\/urun\/gonencem\/"},"modified":"2026-04-16T02:35:20","modified_gmt":"2026-04-15T23:35:20","slug":"gonencem","status":"publish","type":"product","link":"https:\/\/roveyayinevi.com.tr\/index.php\/urun\/gonencem\/","title":{"rendered":"G\u00f6nencem"},"content":{"rendered":"<p>Asl\u0131nda, her insan an\u0131lar\u0131ndan olu\u015fan ba\u015fl\u0131 ba\u015f\u0131na bir \u00f6yk\u00fc, s\u00fcr\u00fckleyici bir roman ya da dilden dile yay\u0131lan bir destan\u0131n kahraman\u0131d\u0131r. Bu kitap, d\u00f6rt nesilden \u00e7ocuklu\u011fuma uzanan an\u0131lardan uyarlanarak yaz\u0131lm\u0131\u015ft\u0131r. Her b\u00f6l\u00fcm tek ba\u015f\u0131na oldu\u011fu gibi, ayn\u0131 zamanda birbiriyle de ili\u015fkilidir. I\u015f\u0131l Akkoyunlu <\/p>\n","protected":false},"excerpt":{"rendered":"<p>Asl\u0131nda, her insan an\u0131lar\u0131ndan olu\u015fan ba\u015fl\u0131 ba\u015f\u0131na bir \u00f6yk\u00fc, s\u00fcr\u00fckleyici bir roman ya da dilden dile yay\u0131lan bir destan\u0131n kahraman\u0131d\u0131r. Bu kitap, d\u00f6rt nesilden \u00e7ocuklu\u011fuma uzanan<span class=\"excerpt-hellip\"> [\u2026]<\/span><\/p>\n","protected":false},"featured_media":0,"template":"","meta":{"_monsterinsights_skip_tracking":false,"_monsterinsights_sitenote_active":false,"_monsterinsights_sitenote_note":"","_monsterinsights_sitenote_category":0},"product_brand":[],"product_cat":[12291,12711],"product_tag":[],"class_list":{"0":"post-784736","1":"product","2":"type-product","3":"status-publish","5":"product_cat-edebiyat","6":"product_cat-roman-oyku","7":"pa_cilt-ciltsiz","8":"pa_tur-kitap","9":"pa_yayinevi-favori-yayinlari","10":"pa_yazar-isil-akkoyunlu","12":"first","13":"instock","14":"sale","15":"shipping-taxable","16":"purchasable","17":"product-type-simple"},"_links":{"self":[{"href":"https:\/\/roveyayinevi.com.tr\/index.php\/wp-json\/wp\/v2\/product\/784736","targetHints":{"allow":["GET"]}}],"collection":[{"href":"https:\/\/roveyayinevi.com.tr\/index.php\/wp-json\/wp\/v2\/product"}],"about":[{"href":"https:\/\/roveyayinevi.com.tr\/index.php\/wp-json\/wp\/v2\/types\/product"}],"wp:attachment":[{"href":"https:\/\/roveyayinevi.com.tr\/index.php\/wp-json\/wp\/v2\/media?parent=784736"}],"wp:term":[{"taxonomy":"product_brand","embeddable":true,"href":"https:\/\/roveyayinevi.com.tr\/index.php\/wp-json\/wp\/v2\/product_brand?post=784736"},{"taxonomy":"product_cat","embeddable":true,"href":"https:\/\/roveyayinevi.com.tr\/index.php\/wp-json\/wp\/v2\/product_cat?post=784736"},{"taxonomy":"product_tag","embeddable":true,"href":"https:\/\/roveyayinevi.com.tr\/index.php\/wp-json\/wp\/v2\/product_tag?post=784736"}],"curies":[{"name":"wp","href":"https:\/\/api.w.org\/{rel}","templated":true}]}}