{"id":784735,"date":"2026-03-14T02:34:50","date_gmt":"2026-03-13T23:34:50","guid":{"rendered":"https:\/\/roveyayinevi.com.tr\/index.php\/urun\/evrenin-sesini-dinliyorum\/"},"modified":"2026-04-16T02:34:44","modified_gmt":"2026-04-15T23:34:44","slug":"evrenin-sesini-dinliyorum","status":"publish","type":"product","link":"https:\/\/roveyayinevi.com.tr\/index.php\/urun\/evrenin-sesini-dinliyorum\/","title":{"rendered":"Evrenin Sesini Dinliyorum"},"content":{"rendered":"<p>Mavi iplere diziliYuvas\u0131nda bir d\u00fcnyaNefretten uzak s\u00fcz\u00fcl\u00fcrYurdu ku\u015fat\u0131rBir ba\u015ftan bir ba\u015faNe firavunlar\u0131n ihanetiniNe Nemrut\u2019un ac\u0131mas\u0131zl\u0131\u011f\u0131n\u0131Y\u0131k\u0131l\u0131nca kum saraylar\u0131Bitince fermanlar\u0131Restore edilmeyen tanr\u0131lar\u0131\u015eimdi bardakta yaral\u0131K\u0131nal\u0131 eliBir ba\u015ftan bir ba\u015faDerya seli <\/p>\n","protected":false},"excerpt":{"rendered":"<p>Mavi iplere diziliYuvas\u0131nda bir d\u00fcnyaNefretten uzak s\u00fcz\u00fcl\u00fcrYurdu ku\u015fat\u0131rBir ba\u015ftan bir ba\u015faNe firavunlar\u0131n ihanetiniNe Nemrut\u2019un ac\u0131mas\u0131zl\u0131\u011f\u0131n\u0131Y\u0131k\u0131l\u0131nca kum saraylar\u0131Bitince fermanlar\u0131Restore edilmeyen tanr\u0131lar\u0131\u015eimdi bardakta yaral\u0131K\u0131nal\u0131 eliBir ba\u015ftan bir ba\u015faDerya<span class=\"excerpt-hellip\"> [\u2026]<\/span><\/p>\n","protected":false},"featured_media":0,"template":"","meta":{"_monsterinsights_skip_tracking":false,"_monsterinsights_sitenote_active":false,"_monsterinsights_sitenote_note":"","_monsterinsights_sitenote_category":0},"product_brand":[],"product_cat":[12291,12509],"product_tag":[],"class_list":{"0":"post-784735","1":"product","2":"type-product","3":"status-publish","5":"product_cat-edebiyat","6":"product_cat-siir","7":"pa_cilt-ciltsiz","8":"pa_tur-kitap","9":"pa_yayinevi-favori-yayinlari","10":"pa_yazar-halil-dogan","12":"first","13":"instock","14":"sale","15":"shipping-taxable","16":"purchasable","17":"product-type-simple"},"_links":{"self":[{"href":"https:\/\/roveyayinevi.com.tr\/index.php\/wp-json\/wp\/v2\/product\/784735","targetHints":{"allow":["GET"]}}],"collection":[{"href":"https:\/\/roveyayinevi.com.tr\/index.php\/wp-json\/wp\/v2\/product"}],"about":[{"href":"https:\/\/roveyayinevi.com.tr\/index.php\/wp-json\/wp\/v2\/types\/product"}],"wp:attachment":[{"href":"https:\/\/roveyayinevi.com.tr\/index.php\/wp-json\/wp\/v2\/media?parent=784735"}],"wp:term":[{"taxonomy":"product_brand","embeddable":true,"href":"https:\/\/roveyayinevi.com.tr\/index.php\/wp-json\/wp\/v2\/product_brand?post=784735"},{"taxonomy":"product_cat","embeddable":true,"href":"https:\/\/roveyayinevi.com.tr\/index.php\/wp-json\/wp\/v2\/product_cat?post=784735"},{"taxonomy":"product_tag","embeddable":true,"href":"https:\/\/roveyayinevi.com.tr\/index.php\/wp-json\/wp\/v2\/product_tag?post=784735"}],"curies":[{"name":"wp","href":"https:\/\/api.w.org\/{rel}","templated":true}]}}