{"id":784734,"date":"2026-03-14T02:33:53","date_gmt":"2026-03-13T23:33:53","guid":{"rendered":"https:\/\/roveyayinevi.com.tr\/index.php\/urun\/dereden-tepeden\/"},"modified":"2026-04-16T02:33:36","modified_gmt":"2026-04-15T23:33:36","slug":"dereden-tepeden","status":"publish","type":"product","link":"https:\/\/roveyayinevi.com.tr\/index.php\/urun\/dereden-tepeden\/","title":{"rendered":"Dereden Tepeden"},"content":{"rendered":"<p>Naz\u0131m Hikmet\u2019ten Sabahattin Ali\u2019ye, Sait Faik\u2019ten Tahsin Y\u00fccel\u2019e, Do\u011fan H\u0131zlan\u2019dan \u0130lber Ortayl\u0131\u2019ya, Sartre\u2019den Haldun Cezayirlio\u011flu\u2019na\u2026Ayval\u0131k\u2019tan Salihli\u2019ye, Bostanl\u0131\u2019dan Bergama\u2019ya, Buca\u2019dan \u0130sfahan\u2019a\u20261 May\u0131s\u2019tan 23 Nisan\u2019a, 19 May\u0131s\u2019tan 11 May\u0131s\u2019a\u2026Coronadan depremlere, ihalelerden adam kay\u0131rmalara, k\u00fct\u00fcphanelerden sokak isimlerine kadar \u2018\u2018Dereden Tepe\u2019\u2019den yaz\u0131lar\u2026<\/p>\n","protected":false},"excerpt":{"rendered":"<p>Naz\u0131m Hikmet\u2019ten Sabahattin Ali\u2019ye, Sait Faik\u2019ten Tahsin Y\u00fccel\u2019e, Do\u011fan H\u0131zlan\u2019dan \u0130lber Ortayl\u0131\u2019ya, Sartre\u2019den Haldun Cezayirlio\u011flu\u2019na\u2026Ayval\u0131k\u2019tan Salihli\u2019ye, Bostanl\u0131\u2019dan Bergama\u2019ya, Buca\u2019dan \u0130sfahan\u2019a\u20261 May\u0131s\u2019tan 23 Nisan\u2019a, 19 May\u0131s\u2019tan 11<span class=\"excerpt-hellip\"> [\u2026]<\/span><\/p>\n","protected":false},"featured_media":0,"template":"","meta":{"_monsterinsights_skip_tracking":false,"_monsterinsights_sitenote_active":false,"_monsterinsights_sitenote_note":"","_monsterinsights_sitenote_category":0},"product_brand":[],"product_cat":[12777,12291],"product_tag":[],"class_list":{"0":"post-784734","1":"product","2":"type-product","3":"status-publish","5":"product_cat-deneme","6":"product_cat-edebiyat","7":"pa_cilt-ciltsiz","8":"pa_tur-kitap","9":"pa_yayinevi-favori-yayinlari","10":"pa_yazar-recai-seyhoglu","12":"first","13":"instock","14":"sale","15":"shipping-taxable","16":"purchasable","17":"product-type-simple"},"_links":{"self":[{"href":"https:\/\/roveyayinevi.com.tr\/index.php\/wp-json\/wp\/v2\/product\/784734","targetHints":{"allow":["GET"]}}],"collection":[{"href":"https:\/\/roveyayinevi.com.tr\/index.php\/wp-json\/wp\/v2\/product"}],"about":[{"href":"https:\/\/roveyayinevi.com.tr\/index.php\/wp-json\/wp\/v2\/types\/product"}],"wp:attachment":[{"href":"https:\/\/roveyayinevi.com.tr\/index.php\/wp-json\/wp\/v2\/media?parent=784734"}],"wp:term":[{"taxonomy":"product_brand","embeddable":true,"href":"https:\/\/roveyayinevi.com.tr\/index.php\/wp-json\/wp\/v2\/product_brand?post=784734"},{"taxonomy":"product_cat","embeddable":true,"href":"https:\/\/roveyayinevi.com.tr\/index.php\/wp-json\/wp\/v2\/product_cat?post=784734"},{"taxonomy":"product_tag","embeddable":true,"href":"https:\/\/roveyayinevi.com.tr\/index.php\/wp-json\/wp\/v2\/product_tag?post=784734"}],"curies":[{"name":"wp","href":"https:\/\/api.w.org\/{rel}","templated":true}]}}