{"id":784733,"date":"2026-03-14T02:29:45","date_gmt":"2026-03-13T23:29:45","guid":{"rendered":"https:\/\/roveyayinevi.com.tr\/index.php\/urun\/ikircikli-durumlar\/"},"modified":"2026-04-16T02:29:17","modified_gmt":"2026-04-15T23:29:17","slug":"ikircikli-durumlar","status":"publish","type":"product","link":"https:\/\/roveyayinevi.com.tr\/index.php\/urun\/ikircikli-durumlar\/","title":{"rendered":"\u0130kircikli Durumlar"},"content":{"rendered":"<p>O tuhaf durum ba\u015f\u0131ma gelmeseydi belki de hi\u00e7 e\u015felemeyecektim bu a\u015fk\u0131n dibini. Sadece bir kayb\u0131n yas\u0131n\u0131 tutacak, \u2018\u2018Yasemin mezar\u0131ndan \u00e7\u0131k\u0131p geri geldi\u2019\u2019 gibi paranoyak d\u00fc\u015f\u00fcncelere saplanmayacakt\u0131m.      Benim kavgam y\u0131llarca s\u00fcrd\u00fc \u00f6l\u00fc Yasemin\u2019le. Belki de h\u00e2l\u00e2 s\u00fcr\u00fcyor. Yoksa b\u00fct\u00fcn bunlar\u0131 taptaze an\u0131lar gibi yazmaya kalk\u0131\u015fmazd\u0131m bir hevesle. Onu i\u00e7imde tamamen \u00f6ld\u00fcrd\u00fc\u011f\u00fcme inanmad\u0131k\u00e7a, ger\u00e7ek benli\u011fime geri d\u00f6nmem imk\u00e2ns\u0131zla\u015f\u0131yordu. Her \u015feyi en ger\u00e7ek\u00e7i h\u00e2liyle anlatarak; ruhumu, beynimi ve duygular\u0131m\u0131 ac\u0131lardan ar\u0131nd\u0131r\u0131p kendimi daha fazla m\u0131 \u00f6ld\u00fcrmeye \u00e7al\u0131\u015f\u0131yordum acaba? \u0130kram edilecek bir i\u00e7ecek gibi barda\u011fa doldurulmu\u015ftum sanki. <\/p>\n","protected":false},"excerpt":{"rendered":"<p>O tuhaf durum ba\u015f\u0131ma gelmeseydi belki de hi\u00e7 e\u015felemeyecektim bu a\u015fk\u0131n dibini. Sadece bir kayb\u0131n yas\u0131n\u0131 tutacak, \u2018\u2018Yasemin mezar\u0131ndan \u00e7\u0131k\u0131p geri geldi\u2019\u2019 gibi paranoyak d\u00fc\u015f\u00fcncelere saplanmayacakt\u0131m.<span class=\"excerpt-hellip\"> [\u2026]<\/span><\/p>\n","protected":false},"featured_media":0,"template":"","meta":{"_monsterinsights_skip_tracking":false,"_monsterinsights_sitenote_active":false,"_monsterinsights_sitenote_note":"","_monsterinsights_sitenote_category":0},"product_brand":[],"product_cat":[12291,12711],"product_tag":[],"class_list":{"0":"post-784733","1":"product","2":"type-product","3":"status-publish","5":"product_cat-edebiyat","6":"product_cat-roman-oyku","7":"pa_cilt-ciltsiz","8":"pa_tur-kitap","9":"pa_yayinevi-favori-yayinlari","10":"pa_yazar-yuksel-ayaydin","12":"first","13":"instock","14":"sale","15":"shipping-taxable","16":"purchasable","17":"product-type-simple"},"_links":{"self":[{"href":"https:\/\/roveyayinevi.com.tr\/index.php\/wp-json\/wp\/v2\/product\/784733","targetHints":{"allow":["GET"]}}],"collection":[{"href":"https:\/\/roveyayinevi.com.tr\/index.php\/wp-json\/wp\/v2\/product"}],"about":[{"href":"https:\/\/roveyayinevi.com.tr\/index.php\/wp-json\/wp\/v2\/types\/product"}],"wp:attachment":[{"href":"https:\/\/roveyayinevi.com.tr\/index.php\/wp-json\/wp\/v2\/media?parent=784733"}],"wp:term":[{"taxonomy":"product_brand","embeddable":true,"href":"https:\/\/roveyayinevi.com.tr\/index.php\/wp-json\/wp\/v2\/product_brand?post=784733"},{"taxonomy":"product_cat","embeddable":true,"href":"https:\/\/roveyayinevi.com.tr\/index.php\/wp-json\/wp\/v2\/product_cat?post=784733"},{"taxonomy":"product_tag","embeddable":true,"href":"https:\/\/roveyayinevi.com.tr\/index.php\/wp-json\/wp\/v2\/product_tag?post=784733"}],"curies":[{"name":"wp","href":"https:\/\/api.w.org\/{rel}","templated":true}]}}