{"id":784732,"date":"2026-03-14T02:19:46","date_gmt":"2026-03-13T23:19:46","guid":{"rendered":"https:\/\/roveyayinevi.com.tr\/index.php\/urun\/yalanin-siyaseti-post-truth\/"},"modified":"2026-04-16T02:19:23","modified_gmt":"2026-04-15T23:19:23","slug":"yalanin-siyaseti-post-truth","status":"publish","type":"product","link":"https:\/\/roveyayinevi.com.tr\/index.php\/urun\/yalanin-siyaseti-post-truth\/","title":{"rendered":"Yalan\u0131n Siyaseti (Post-Truth)"},"content":{"rendered":"<p>\u201cYalan\u0131n Siyaseti post-truth (hakikatin gizlenmesi, yalan\u0131n me\u015frula\u015ft\u0131r\u0131lmas\u0131, hileye ba\u015fvurulmas\u0131) denilen kavram\u0131 her y\u00f6n\u00fcyle ele al\u0131yor. Kitab\u0131 \u015fiddetle tavsiye ederim, siyasete, medyaya bak\u0131\u015f\u0131n\u0131z de\u011fi\u015fecektir.\u201d &#8211; Mehmet Tezkan, Milliyet, 2018   \u201cYal\u0131n Alpay\u2019\u0131n kitab\u0131n\u0131 okuyun. Trump\u2019\u0131 anlayacaks\u0131n\u0131z. T\u00fcrkiye\u2019nin durumunu da g\u00f6receksiniz. \u00dclkenizi \u00e7ok iyi anlayacaks\u0131n\u0131z. Ve dinledi\u011finiz yalanlar\u0131, yalanc\u0131n\u0131n y\u00fcz\u00fcne \u00e7arpma iste\u011finiz nas\u0131l bir karara d\u00f6n\u00fc\u015fecek, g\u00f6receksiniz&#8230;\u201d &#8211; Erdal Atabek, Cumhuriyet, 2017   \u201cYal\u0131n Alpay\u2019\u0131n Yalan\u0131n Siyaseti adl\u0131 \u00e7ok de\u011ferli kitab\u0131ndan yararland\u0131m, al\u0131nt\u0131lar yapt\u0131m.\u201d  &#8211; G\u00fcneri C\u0131vao\u011flu, Milliyet, 2017   \u201cYal\u0131n Alpay\u2019\u0131n Yalan\u0131n Siyaseti kitab\u0131n\u0131n her sayfas\u0131n\u0131 merakla okur ve sevin\u00e7le \u2018t\u00fcketemezken\u2019, hakikatin \u00f6nemsizle\u015f(tiril)mesinin, yalan\u0131 kabulleni\u015ften de \u00f6te, zihinsel konforumuzu korumak y\u00f6n\u00fcndeki y\u0131lg\u0131n talebimize \u00e7a\u011f\u0131n siyasetinin ve siyaset\u00e7isinin \u00fcretti\u011fi bir cevap oldu\u011fu \u015f\u00fcphesi deh\u015fetle zihnimi sard\u0131\u2026 Alpay\u2019\u0131n kitab\u0131 uyanmak ve korunmak isteyenler i\u00e7in hem bir \u00e7a\u011fr\u0131 hem de referans niteli\u011finde.\u201d &#8211; Prof. Dr. Ahmet Kas\u0131m Han  <\/p>\n","protected":false},"excerpt":{"rendered":"<p>\u201cYalan\u0131n Siyaseti post-truth (hakikatin gizlenmesi, yalan\u0131n me\u015frula\u015ft\u0131r\u0131lmas\u0131, hileye ba\u015fvurulmas\u0131) denilen kavram\u0131 her y\u00f6n\u00fcyle ele al\u0131yor. Kitab\u0131 \u015fiddetle tavsiye ederim, siyasete, medyaya bak\u0131\u015f\u0131n\u0131z de\u011fi\u015fecektir.\u201d &#8211; Mehmet Tezkan,<span class=\"excerpt-hellip\"> [\u2026]<\/span><\/p>\n","protected":false},"featured_media":0,"template":"","meta":{"_monsterinsights_skip_tracking":false,"_monsterinsights_sitenote_active":false,"_monsterinsights_sitenote_note":"","_monsterinsights_sitenote_category":0},"product_brand":[],"product_cat":[13590,12337],"product_tag":[],"class_list":{"0":"post-784732","1":"product","2":"type-product","3":"status-publish","5":"product_cat-arastirma-inceleme-politika-siyaset","6":"product_cat-politika-siyaset","7":"pa_cilt-ciltsiz","8":"pa_tur-kitap","9":"pa_yayinevi-destek-yayinlari","10":"pa_yazar-yalin-alpay","12":"first","13":"instock","14":"sale","15":"shipping-taxable","16":"purchasable","17":"product-type-simple"},"_links":{"self":[{"href":"https:\/\/roveyayinevi.com.tr\/index.php\/wp-json\/wp\/v2\/product\/784732","targetHints":{"allow":["GET"]}}],"collection":[{"href":"https:\/\/roveyayinevi.com.tr\/index.php\/wp-json\/wp\/v2\/product"}],"about":[{"href":"https:\/\/roveyayinevi.com.tr\/index.php\/wp-json\/wp\/v2\/types\/product"}],"wp:attachment":[{"href":"https:\/\/roveyayinevi.com.tr\/index.php\/wp-json\/wp\/v2\/media?parent=784732"}],"wp:term":[{"taxonomy":"product_brand","embeddable":true,"href":"https:\/\/roveyayinevi.com.tr\/index.php\/wp-json\/wp\/v2\/product_brand?post=784732"},{"taxonomy":"product_cat","embeddable":true,"href":"https:\/\/roveyayinevi.com.tr\/index.php\/wp-json\/wp\/v2\/product_cat?post=784732"},{"taxonomy":"product_tag","embeddable":true,"href":"https:\/\/roveyayinevi.com.tr\/index.php\/wp-json\/wp\/v2\/product_tag?post=784732"}],"curies":[{"name":"wp","href":"https:\/\/api.w.org\/{rel}","templated":true}]}}