{"id":784730,"date":"2026-03-13T03:27:25","date_gmt":"2026-03-13T00:27:25","guid":{"rendered":"https:\/\/roveyayinevi.com.tr\/index.php\/urun\/leonardo-da-vinci-ilham-verenler-8\/"},"modified":"2026-04-15T03:48:41","modified_gmt":"2026-04-15T00:48:41","slug":"leonardo-da-vinci-ilham-verenler-8","status":"publish","type":"product","link":"https:\/\/roveyayinevi.com.tr\/index.php\/urun\/leonardo-da-vinci-ilham-verenler-8\/","title":{"rendered":"Leonardo Da Vinci &#8211; \u0130lham Verenler 8"},"content":{"rendered":"<p>Mona Lisa\u2019n\u0131n ressam\u0131\u2026 R\u00f6nesans\u2019\u0131n en merakl\u0131 zihni\u2026 U\u00e7may\u0131 hayal eden bir mucit, insan bedenini inceleyen bir bilim insan\u0131, do\u011fay\u0131 hayranl\u0131kla g\u00f6zlemleyen bir k\u00e2\u015fif\u2026 On parma\u011f\u0131nda on marifet, muhte\u015fem bir deha! Leonardo\u2019nun hayat\u0131, sadece bir dehan\u0131n nas\u0131l do\u011fdu\u011funu de\u011fil, insan\u0131n merak\u0131n\u0131n pe\u015finden giderek kendini nas\u0131l in\u015fa edebilece\u011finin de harika bir g\u00f6stergesi.  E\u011fer siz de merak\u0131n insan\u0131 nereye ta\u015f\u0131yabilece\u011fini g\u00f6rmek istiyorsan\u0131z, bu kitap tam size g\u00f6re. \u00c7\u00fcnk\u00fc bazen gereken tek \u015fey, merak etmeye cesaret etmektir.<\/p>\n","protected":false},"excerpt":{"rendered":"<p>Mona Lisa\u2019n\u0131n ressam\u0131\u2026 R\u00f6nesans\u2019\u0131n en merakl\u0131 zihni\u2026 U\u00e7may\u0131 hayal eden bir mucit, insan bedenini inceleyen bir bilim insan\u0131, do\u011fay\u0131 hayranl\u0131kla g\u00f6zlemleyen bir k\u00e2\u015fif\u2026 On parma\u011f\u0131nda on<span class=\"excerpt-hellip\"> [\u2026]<\/span><\/p>\n","protected":false},"featured_media":0,"template":"","meta":{"_monsterinsights_skip_tracking":false,"_monsterinsights_sitenote_active":false,"_monsterinsights_sitenote_note":"","_monsterinsights_sitenote_category":0},"product_brand":[],"product_cat":[14009,12291],"product_tag":[],"class_list":{"0":"post-784730","1":"product","2":"type-product","3":"status-publish","5":"product_cat-biyografi-otobiyografi-edebiyat","6":"product_cat-edebiyat","7":"pa_cilt-ciltsiz","8":"pa_tur-kitap","9":"pa_yayinevi-ugurbocegi-yayinlari","10":"pa_yazar-sevgi-basman","12":"first","13":"instock","14":"sale","15":"shipping-taxable","16":"purchasable","17":"product-type-simple"},"_links":{"self":[{"href":"https:\/\/roveyayinevi.com.tr\/index.php\/wp-json\/wp\/v2\/product\/784730","targetHints":{"allow":["GET"]}}],"collection":[{"href":"https:\/\/roveyayinevi.com.tr\/index.php\/wp-json\/wp\/v2\/product"}],"about":[{"href":"https:\/\/roveyayinevi.com.tr\/index.php\/wp-json\/wp\/v2\/types\/product"}],"wp:attachment":[{"href":"https:\/\/roveyayinevi.com.tr\/index.php\/wp-json\/wp\/v2\/media?parent=784730"}],"wp:term":[{"taxonomy":"product_brand","embeddable":true,"href":"https:\/\/roveyayinevi.com.tr\/index.php\/wp-json\/wp\/v2\/product_brand?post=784730"},{"taxonomy":"product_cat","embeddable":true,"href":"https:\/\/roveyayinevi.com.tr\/index.php\/wp-json\/wp\/v2\/product_cat?post=784730"},{"taxonomy":"product_tag","embeddable":true,"href":"https:\/\/roveyayinevi.com.tr\/index.php\/wp-json\/wp\/v2\/product_tag?post=784730"}],"curies":[{"name":"wp","href":"https:\/\/api.w.org\/{rel}","templated":true}]}}