{"id":784729,"date":"2026-03-13T03:27:22","date_gmt":"2026-03-13T00:27:22","guid":{"rendered":"https:\/\/roveyayinevi.com.tr\/index.php\/urun\/uc-boyutlu-oyun-ciftlik\/"},"modified":"2026-04-15T03:48:38","modified_gmt":"2026-04-15T00:48:38","slug":"uc-boyutlu-oyun-ciftlik","status":"publish","type":"product","link":"https:\/\/roveyayinevi.com.tr\/index.php\/urun\/uc-boyutlu-oyun-ciftlik\/","title":{"rendered":"\u00dc\u00e7 Boyutlu Oyun &#8211; \u00c7iftlik"},"content":{"rendered":"<p>\u00dc\u00c7 BOYUTLU OYUN &#8211; \u00c7\u0130FTL\u0130K \u00c7iftlikteki hayvanlarla hazine av\u0131na \u00e7\u0131kmaya ne dersin? Pencereleri kald\u0131r ve s\u00fcrprizlerle dolu bu \u00fc\u00e7 boyutlu maceraya kat\u0131l! Her sayfada a\u00e7\u0131lan pencereler ve \u00fc\u00e7 boyutlu s\u00fcrprizler g\u00fcl\u00fcmsemeni sa\u011flayacak.   Bu kitapta \u201cYa\u015fl\u0131 \u00c7ift\u00e7i&#8221; adl\u0131 bir kart oyunu bulacaks\u0131n. Hemen bir arkada\u015f\u0131n\u0131 \u00e7a\u011f\u0131r ve oyuna ba\u015fla! Kurallar\u0131 kartlar\u0131n arkas\u0131nda g\u00f6rebilirsin. S\u0131radan Kitaplar\u0131n \u00d6tesinde: \u00dc\u00e7 Boyutlu Bir Oyun Deneyimi! \u00c7ocuk kitaplar\u0131nda e\u011flence ve \u00f6\u011frenme boyut de\u011fi\u015ftiriyor!  \u0130ndigo \u00c7ocuk, minik okurlar\u0131n\u0131 sadece okumaya de\u011fil; ke\u015ffetmeye, oynamaya ve hayal kurmaya davet eden yepyeni &#8220;\u00dc\u00e7 Boyutlu Oyun&#8221; serisini sunar.   Bu seri neden \u00e7ok \u00f6zel? \u00b7   Canlanan Sayfalar: Her sayfada y\u00fckselen \u00fc\u00e7 boyutlu s\u00fcrprizler ve gizli pencereler, \u00e7ocuklar\u0131n el-g\u00f6z koordinasyonunu desteklerken merak duygular\u0131n\u0131 zirveye ta\u015f\u0131yor.   \u00b7   Kitab\u0131n \u0130\u00e7inde Bir Oyun: Sadece bir hikaye kitab\u0131 de\u011fil, ayn\u0131 zamanda bir oyun seti! Her kitab\u0131n i\u00e7inde, hikayeye \u00f6zel tasarlanm\u0131\u015f bir kart oyunu sizi bekliyor.   \u00b7   Sosyalle\u015fmeyi Destekler: &#8220;Hemen bir arkada\u015f\u0131n\u0131 \u00e7a\u011f\u0131r ve oyuna ba\u015fla!&#8221; mottosuyla \u00e7ocuklar\u0131 birlikte vakit ge\u00e7irmeye ve payla\u015fmaya te\u015fvik ediyor.   \u00b7   Dayan\u0131kl\u0131 ve Kaliteli: Ciltli yap\u0131s\u0131 ve \u00f6zel &#8220;board&#8221; sayfalar\u0131 sayesinde en merakl\u0131 parmaklara bile uzun s\u00fcre dayanacak \u015fekilde tasarland\u0131.<\/p>\n","protected":false},"excerpt":{"rendered":"<p>\u00dc\u00c7 BOYUTLU OYUN &#8211; \u00c7\u0130FTL\u0130K \u00c7iftlikteki hayvanlarla hazine av\u0131na \u00e7\u0131kmaya ne dersin? Pencereleri kald\u0131r ve s\u00fcrprizlerle dolu bu \u00fc\u00e7 boyutlu maceraya kat\u0131l! Her sayfada a\u00e7\u0131lan pencereler<span class=\"excerpt-hellip\"> [\u2026]<\/span><\/p>\n","protected":false},"featured_media":0,"template":"","meta":{"_monsterinsights_skip_tracking":false,"_monsterinsights_sitenote_active":false,"_monsterinsights_sitenote_note":"","_monsterinsights_sitenote_category":0},"product_brand":[],"product_cat":[12274,15842],"product_tag":[],"class_list":{"0":"post-784729","1":"product","2":"type-product","3":"status-publish","5":"product_cat-cocuk-ve-genclik-kitaplari","6":"product_cat-egitici-kitaplar","7":"pa_cilt-ciltli","8":"pa_tur-oyun","9":"pa_yayinevi-indigo-cocuk","10":"pa_yazar-kolektif","12":"first","13":"instock","14":"sale","15":"shipping-taxable","16":"purchasable","17":"product-type-simple"},"_links":{"self":[{"href":"https:\/\/roveyayinevi.com.tr\/index.php\/wp-json\/wp\/v2\/product\/784729","targetHints":{"allow":["GET"]}}],"collection":[{"href":"https:\/\/roveyayinevi.com.tr\/index.php\/wp-json\/wp\/v2\/product"}],"about":[{"href":"https:\/\/roveyayinevi.com.tr\/index.php\/wp-json\/wp\/v2\/types\/product"}],"wp:attachment":[{"href":"https:\/\/roveyayinevi.com.tr\/index.php\/wp-json\/wp\/v2\/media?parent=784729"}],"wp:term":[{"taxonomy":"product_brand","embeddable":true,"href":"https:\/\/roveyayinevi.com.tr\/index.php\/wp-json\/wp\/v2\/product_brand?post=784729"},{"taxonomy":"product_cat","embeddable":true,"href":"https:\/\/roveyayinevi.com.tr\/index.php\/wp-json\/wp\/v2\/product_cat?post=784729"},{"taxonomy":"product_tag","embeddable":true,"href":"https:\/\/roveyayinevi.com.tr\/index.php\/wp-json\/wp\/v2\/product_tag?post=784729"}],"curies":[{"name":"wp","href":"https:\/\/api.w.org\/{rel}","templated":true}]}}