{"id":784724,"date":"2026-03-13T03:27:08","date_gmt":"2026-03-13T00:27:08","guid":{"rendered":"https:\/\/roveyayinevi.com.tr\/index.php\/urun\/en-buyuk-ayak-izi-ciltli\/"},"modified":"2026-04-15T03:48:37","modified_gmt":"2026-04-15T00:48:37","slug":"en-buyuk-ayak-izi-ciltli","status":"publish","type":"product","link":"https:\/\/roveyayinevi.com.tr\/index.php\/urun\/en-buyuk-ayak-izi-ciltli\/","title":{"rendered":"En B\u00fcy\u00fck Ayak \u0130zi (Ciltli)"},"content":{"rendered":"<p>TAM SEK\u0130Z M\u0130LYAR \u0130NSANIZNefes alan, yemek yiyen, yerinde duramayan ya da derin d\u00fc\u015f\u00fcncelere dalan sekiz milyar insan. Bu akla hayale s\u0131\u011fmayacak bir say\u0131 m\u0131 sence? Yoksa de\u011fil mi?O zaman mega insanla tan\u0131\u015f: D\u00fcnya \u00fczerindeki t\u00fcm insanlardan muhte\u015fem bir dev yapt\u0131k. Bu mega insan, canl\u0131lar\u0131n en ak\u0131ll\u0131s\u0131 olmasa da, gezegenin gelece\u011fi i\u00e7in yaratt\u0131\u011f\u0131 sorunlar\u0131 ve onlar\u0131 nas\u0131l \u00e7\u00f6zebilece\u011fini yava\u015f yava\u015f anlamaya ba\u015fl\u0131yor. Sekiz milyar insan, hantal bir dev. Yo\u011frulmaya haz\u0131r m\u0131s\u0131n?<\/p>\n","protected":false},"excerpt":{"rendered":"<p>TAM SEK\u0130Z M\u0130LYAR \u0130NSANIZNefes alan, yemek yiyen, yerinde duramayan ya da derin d\u00fc\u015f\u00fcncelere dalan sekiz milyar insan. Bu akla hayale s\u0131\u011fmayacak bir say\u0131 m\u0131 sence? Yoksa<span class=\"excerpt-hellip\"> [\u2026]<\/span><\/p>\n","protected":false},"featured_media":0,"template":"","meta":{"_monsterinsights_skip_tracking":false,"_monsterinsights_sitenote_active":false,"_monsterinsights_sitenote_note":"","_monsterinsights_sitenote_category":0},"product_brand":[],"product_cat":[12274,12284],"product_tag":[],"class_list":{"0":"post-784724","1":"product","2":"type-product","3":"status-publish","5":"product_cat-cocuk-ve-genclik-kitaplari","6":"product_cat-hikayeler","7":"pa_cilt-ciltsiz","8":"pa_tur-kitap","9":"pa_yayinevi-mea-kitap","10":"pa_yazar-rob-sears","12":"first","13":"instock","14":"sale","15":"shipping-taxable","16":"purchasable","17":"product-type-simple"},"_links":{"self":[{"href":"https:\/\/roveyayinevi.com.tr\/index.php\/wp-json\/wp\/v2\/product\/784724","targetHints":{"allow":["GET"]}}],"collection":[{"href":"https:\/\/roveyayinevi.com.tr\/index.php\/wp-json\/wp\/v2\/product"}],"about":[{"href":"https:\/\/roveyayinevi.com.tr\/index.php\/wp-json\/wp\/v2\/types\/product"}],"wp:attachment":[{"href":"https:\/\/roveyayinevi.com.tr\/index.php\/wp-json\/wp\/v2\/media?parent=784724"}],"wp:term":[{"taxonomy":"product_brand","embeddable":true,"href":"https:\/\/roveyayinevi.com.tr\/index.php\/wp-json\/wp\/v2\/product_brand?post=784724"},{"taxonomy":"product_cat","embeddable":true,"href":"https:\/\/roveyayinevi.com.tr\/index.php\/wp-json\/wp\/v2\/product_cat?post=784724"},{"taxonomy":"product_tag","embeddable":true,"href":"https:\/\/roveyayinevi.com.tr\/index.php\/wp-json\/wp\/v2\/product_tag?post=784724"}],"curies":[{"name":"wp","href":"https:\/\/api.w.org\/{rel}","templated":true}]}}