{"id":784722,"date":"2026-03-13T03:27:03","date_gmt":"2026-03-13T00:27:03","guid":{"rendered":"https:\/\/roveyayinevi.com.tr\/index.php\/urun\/bir-tekelin-anatomisi-osmanlida-tutun-reji-idaresi-ve-isci-dunyasi-1883-1925\/"},"modified":"2026-04-15T03:48:37","modified_gmt":"2026-04-15T00:48:37","slug":"bir-tekelin-anatomisi-osmanlida-tutun-reji-idaresi-ve-isci-dunyasi-1883-1925","status":"publish","type":"product","link":"https:\/\/roveyayinevi.com.tr\/index.php\/urun\/bir-tekelin-anatomisi-osmanlida-tutun-reji-idaresi-ve-isci-dunyasi-1883-1925\/","title":{"rendered":"Bir Tekelin Anatomisi: Osmanl\u0131\u2019da T\u00fct\u00fcn, Reji \u0130daresi ve \u0130\u015f\u00e7i D\u00fcnyas\u0131 (1883\u20131925)"},"content":{"rendered":"<p>1. G\u0130R\u0130\u015e  2. T\u00dcT\u00dcN\u00dcN KE\u015eFED\u0130LMES\u0130 ve AVRUPA\u2019YA YAYILMASI  3. OSMANLI \u0130MPARATORLU\u011eU\u2019NDA T\u00dcT\u00dcN\u00dcN YAYILMASI VE REJ\u0130 \u0130DARES\u0130NE KADAR OLAN S\u00dcRE\u00c7 4. MEM\u00c2L\u0130K\u0130 OSMAN\u0130YE D\u00dbHANLARI M\u00dc\u015eTEREK\u00dcL MENFAA REJ\u0130 \u015e\u0130RKET\u0130 5. C\u0130BAL\u0130 REJ\u0130 FABR\u0130KASI VE C\u0130BAL\u0130 REJ\u0130 FABR\u0130KASI \u0130\u015e\u00c7\u0130LER\u0130 6. REJ\u0130 \u015e\u0130RKET\u0130\u2019N\u0130N UYGULAMALARINA KAR\u015eI C\u0130BAL\u0130 REJ\u0130 \u0130\u015e\u00c7\u0130LER\u0130N\u0130N TEPK\u0130LER\u0130 7. SONU\u00c7<\/p>\n","protected":false},"excerpt":{"rendered":"<p>1. G\u0130R\u0130\u015e 2. T\u00dcT\u00dcN\u00dcN KE\u015eFED\u0130LMES\u0130 ve AVRUPA\u2019YA YAYILMASI 3. OSMANLI \u0130MPARATORLU\u011eU\u2019NDA T\u00dcT\u00dcN\u00dcN YAYILMASI VE REJ\u0130 \u0130DARES\u0130NE KADAR OLAN S\u00dcRE\u00c7 4. MEM\u00c2L\u0130K\u0130 OSMAN\u0130YE D\u00dbHANLARI M\u00dc\u015eTEREK\u00dcL MENFAA REJ\u0130<span class=\"excerpt-hellip\"> [\u2026]<\/span><\/p>\n","protected":false},"featured_media":0,"template":"","meta":{"_monsterinsights_skip_tracking":false,"_monsterinsights_sitenote_active":false,"_monsterinsights_sitenote_note":"","_monsterinsights_sitenote_category":0},"product_brand":[],"product_cat":[141304],"product_tag":[],"class_list":{"0":"post-784722","1":"product","2":"type-product","3":"status-publish","5":"product_cat-yeni-cikanlar","6":"pa_cilt-ciltsiz","7":"pa_tur-kitap","8":"pa_yayinevi-gazi-kitabevi","9":"pa_yazar-mehmet-mubarek-alan","11":"first","12":"instock","13":"sale","14":"shipping-taxable","15":"purchasable","16":"product-type-simple"},"_links":{"self":[{"href":"https:\/\/roveyayinevi.com.tr\/index.php\/wp-json\/wp\/v2\/product\/784722","targetHints":{"allow":["GET"]}}],"collection":[{"href":"https:\/\/roveyayinevi.com.tr\/index.php\/wp-json\/wp\/v2\/product"}],"about":[{"href":"https:\/\/roveyayinevi.com.tr\/index.php\/wp-json\/wp\/v2\/types\/product"}],"wp:attachment":[{"href":"https:\/\/roveyayinevi.com.tr\/index.php\/wp-json\/wp\/v2\/media?parent=784722"}],"wp:term":[{"taxonomy":"product_brand","embeddable":true,"href":"https:\/\/roveyayinevi.com.tr\/index.php\/wp-json\/wp\/v2\/product_brand?post=784722"},{"taxonomy":"product_cat","embeddable":true,"href":"https:\/\/roveyayinevi.com.tr\/index.php\/wp-json\/wp\/v2\/product_cat?post=784722"},{"taxonomy":"product_tag","embeddable":true,"href":"https:\/\/roveyayinevi.com.tr\/index.php\/wp-json\/wp\/v2\/product_tag?post=784722"}],"curies":[{"name":"wp","href":"https:\/\/api.w.org\/{rel}","templated":true}]}}