{"id":784720,"date":"2026-03-13T03:26:53","date_gmt":"2026-03-13T00:26:53","guid":{"rendered":"https:\/\/roveyayinevi.com.tr\/index.php\/urun\/ataturk-ve-kopegi-foks\/"},"modified":"2026-04-15T03:47:43","modified_gmt":"2026-04-15T00:47:43","slug":"ataturk-ve-kopegi-foks","status":"publish","type":"product","link":"https:\/\/roveyayinevi.com.tr\/index.php\/urun\/ataturk-ve-kopegi-foks\/","title":{"rendered":"Atat\u00fcrk ve K\u00f6pe\u011fi Foks"},"content":{"rendered":"<p>Atat\u00fcrk y\u00fcr\u00fcrken Foks yan\u0131ndayd\u0131. Atat\u00fcrk \u00e7al\u0131\u015f\u0131rken Foks yan\u0131ndayd\u0131. Atat\u00fcrk toplant\u0131 yaparken Foks yan\u0131ndayd\u0131. Atat\u00fcrk dinlenirken Foks yan\u0131ndayd\u0131. Atat\u00fcrk k\u00fct\u00fcphanede kitab\u0131n\u0131 okurken Foks yan\u0131ndayd\u0131. Atat\u00fcrk nerede Foks oradayd\u0131&#8230; Do\u011faseverli\u011fiyle tan\u0131d\u0131\u011f\u0131m\u0131z Atat\u00fcrk, ayn\u0131 zamanda ger\u00e7ek bir hayvanseverdi.   Atat\u00fcrk ve K\u00f6pe\u011fi Foks, Atat\u00fcrk\u2019\u00fcn hayvan sevgisinin \u00e7ok canl\u0131 bir \u00f6rne\u011fi&#8230;<\/p>\n","protected":false},"excerpt":{"rendered":"<p>Atat\u00fcrk y\u00fcr\u00fcrken Foks yan\u0131ndayd\u0131. Atat\u00fcrk \u00e7al\u0131\u015f\u0131rken Foks yan\u0131ndayd\u0131. Atat\u00fcrk toplant\u0131 yaparken Foks yan\u0131ndayd\u0131. Atat\u00fcrk dinlenirken Foks yan\u0131ndayd\u0131. Atat\u00fcrk k\u00fct\u00fcphanede kitab\u0131n\u0131 okurken Foks yan\u0131ndayd\u0131. Atat\u00fcrk nerede Foks<span class=\"excerpt-hellip\"> [\u2026]<\/span><\/p>\n","protected":false},"featured_media":0,"template":"","meta":{"_monsterinsights_skip_tracking":false,"_monsterinsights_sitenote_active":false,"_monsterinsights_sitenote_note":"","_monsterinsights_sitenote_category":0},"product_brand":[],"product_cat":[12274,12284],"product_tag":[],"class_list":{"0":"post-784720","1":"product","2":"type-product","3":"status-publish","5":"product_cat-cocuk-ve-genclik-kitaplari","6":"product_cat-hikayeler","7":"pa_cilt-ciltsiz","8":"pa_tur-kitap","9":"pa_yayinevi-mundi","10":"pa_yazar-suleyman-bulut","12":"first","13":"instock","14":"sale","15":"shipping-taxable","16":"purchasable","17":"product-type-simple"},"_links":{"self":[{"href":"https:\/\/roveyayinevi.com.tr\/index.php\/wp-json\/wp\/v2\/product\/784720","targetHints":{"allow":["GET"]}}],"collection":[{"href":"https:\/\/roveyayinevi.com.tr\/index.php\/wp-json\/wp\/v2\/product"}],"about":[{"href":"https:\/\/roveyayinevi.com.tr\/index.php\/wp-json\/wp\/v2\/types\/product"}],"wp:attachment":[{"href":"https:\/\/roveyayinevi.com.tr\/index.php\/wp-json\/wp\/v2\/media?parent=784720"}],"wp:term":[{"taxonomy":"product_brand","embeddable":true,"href":"https:\/\/roveyayinevi.com.tr\/index.php\/wp-json\/wp\/v2\/product_brand?post=784720"},{"taxonomy":"product_cat","embeddable":true,"href":"https:\/\/roveyayinevi.com.tr\/index.php\/wp-json\/wp\/v2\/product_cat?post=784720"},{"taxonomy":"product_tag","embeddable":true,"href":"https:\/\/roveyayinevi.com.tr\/index.php\/wp-json\/wp\/v2\/product_tag?post=784720"}],"curies":[{"name":"wp","href":"https:\/\/api.w.org\/{rel}","templated":true}]}}