{"id":784718,"date":"2026-03-13T03:26:48","date_gmt":"2026-03-13T00:26:48","guid":{"rendered":"https:\/\/roveyayinevi.com.tr\/index.php\/urun\/bosanma\/"},"modified":"2026-04-15T03:47:43","modified_gmt":"2026-04-15T00:47:43","slug":"bosanma","status":"publish","type":"product","link":"https:\/\/roveyayinevi.com.tr\/index.php\/urun\/bosanma\/","title":{"rendered":"Bo\u015fanma"},"content":{"rendered":"<p>Yaln\u0131zca r\u00fcyalar biter. Ve bu mant\u0131k do\u011frultusunda a\u015fklar, oyunlar ve hik\u00e2yeler de t\u0131pk\u0131 r\u00fcyalar gibidir; biterler. Budape\u015fte\u2019de do\u011fan Sophie \u00e7ocuklu\u011funu orada ge\u00e7irdikten sonra \u0130kinci D\u00fcnya Sava\u015f\u0131 \u00f6ncesi babas\u0131yla birlikte New York\u2019a ta\u015f\u0131n\u0131r ve orada Ezra Blind\u2019la evlenip anne olur. Zamanla e\u015f, anne ve entelekt\u00fcel kimlikleri aras\u0131nda b\u00f6l\u00fcnen Sophie hayat\u0131, ili\u015fkileri ve inan\u00e7lar\u0131 \u00fczerine d\u00fc\u015f\u00fcn\u00fcrken evlili\u011fin ondan neleri ald\u0131\u011f\u0131n\u0131 sorgulamaya ba\u015flar. Bo\u015fanma a\u015fk, inan\u00e7, beden ve \u00f6zg\u00fcrl\u00fck kavramlar\u0131n\u0131 keskin bir d\u00fcr\u00fcstl\u00fckle irdelerken toplumsal rollerin alt\u0131nda ezilen bir kad\u0131n\u0131n yaln\u0131zca evlili\u011finden de\u011fil, kendisini t\u00fcketen her kal\u0131ptan kurtulma hik\u00e2yesini anlat\u0131yor. \u201cBo\u015fanma, sadece bir evlili\u011fin biti\u015fiyle ilgili de\u011fil. Belki de en \u00e7ok, zek\u00e2s\u0131yla var olmaya \u00e7al\u0131\u015fan bir kad\u0131n\u0131 y\u0131ld\u0131rabilen ve k\u00f6reltebilen kad\u0131n d\u00fc\u015fmanl\u0131\u011f\u0131yla ilgili.\u201d Deborah Levy<\/p>\n","protected":false},"excerpt":{"rendered":"<p>Yaln\u0131zca r\u00fcyalar biter. Ve bu mant\u0131k do\u011frultusunda a\u015fklar, oyunlar ve hik\u00e2yeler de t\u0131pk\u0131 r\u00fcyalar gibidir; biterler. Budape\u015fte\u2019de do\u011fan Sophie \u00e7ocuklu\u011funu orada ge\u00e7irdikten sonra \u0130kinci D\u00fcnya Sava\u015f\u0131<span class=\"excerpt-hellip\"> [\u2026]<\/span><\/p>\n","protected":false},"featured_media":0,"template":"","meta":{"_monsterinsights_skip_tracking":false,"_monsterinsights_sitenote_active":false,"_monsterinsights_sitenote_note":"","_monsterinsights_sitenote_category":0},"product_brand":[],"product_cat":[141304],"product_tag":[],"class_list":{"0":"post-784718","1":"product","2":"type-product","3":"status-publish","5":"product_cat-yeni-cikanlar","6":"pa_cilt-ciltsiz","7":"pa_tur-kitap","8":"pa_yayinevi-can-yayinlari","9":"pa_yazar-susan-taubes","11":"first","12":"instock","13":"sale","14":"shipping-taxable","15":"purchasable","16":"product-type-simple"},"_links":{"self":[{"href":"https:\/\/roveyayinevi.com.tr\/index.php\/wp-json\/wp\/v2\/product\/784718","targetHints":{"allow":["GET"]}}],"collection":[{"href":"https:\/\/roveyayinevi.com.tr\/index.php\/wp-json\/wp\/v2\/product"}],"about":[{"href":"https:\/\/roveyayinevi.com.tr\/index.php\/wp-json\/wp\/v2\/types\/product"}],"wp:attachment":[{"href":"https:\/\/roveyayinevi.com.tr\/index.php\/wp-json\/wp\/v2\/media?parent=784718"}],"wp:term":[{"taxonomy":"product_brand","embeddable":true,"href":"https:\/\/roveyayinevi.com.tr\/index.php\/wp-json\/wp\/v2\/product_brand?post=784718"},{"taxonomy":"product_cat","embeddable":true,"href":"https:\/\/roveyayinevi.com.tr\/index.php\/wp-json\/wp\/v2\/product_cat?post=784718"},{"taxonomy":"product_tag","embeddable":true,"href":"https:\/\/roveyayinevi.com.tr\/index.php\/wp-json\/wp\/v2\/product_tag?post=784718"}],"curies":[{"name":"wp","href":"https:\/\/api.w.org\/{rel}","templated":true}]}}