{"id":784715,"date":"2026-03-13T03:26:21","date_gmt":"2026-03-13T00:26:21","guid":{"rendered":"https:\/\/roveyayinevi.com.tr\/index.php\/urun\/degirmenimden-mektuplar-11\/"},"modified":"2026-04-15T03:47:39","modified_gmt":"2026-04-15T00:47:39","slug":"degirmenimden-mektuplar-11","status":"publish","type":"product","link":"https:\/\/roveyayinevi.com.tr\/index.php\/urun\/degirmenimden-mektuplar-11\/","title":{"rendered":"De\u011firmenimden Mektuplar"},"content":{"rendered":"<p>Alphonse Daudet\u2019nin Provence\u2019\u0131n g\u00fcne\u015fli tepelerinde, terk edilmi\u015f bir de\u011firmende yazd\u0131\u011f\u0131 ve onun anlat\u0131 ustal\u0131\u011f\u0131n\u0131, g\u00f6zlem g\u00fcc\u00fcn\u00fc yans\u0131tan bu \u00f6yk\u00fcler, insan ruhunun en sade ve en derin hallerine dokunuyor. K\u00f6yl\u00fcler, \u00e7obanlar, \u00e2\u015f\u0131klar ve yaln\u0131z insanlar; mizahla h\u00fcz\u00fcn aras\u0131nda sal\u0131nan bir dil e\u015fli\u011finde unutulmaz karakterlere d\u00f6n\u00fc\u015f\u00fcyor. Yay\u0131mland\u0131\u011f\u0131 g\u00fcnden bu yana bir\u00e7ok farkl\u0131 dilde defalarca bas\u0131lan ve d\u00fcnya klasikleri aras\u0131nda kendine sayg\u0131n bir yer edinen De\u011firmenimden Mektuplar, yal\u0131n anlat\u0131m\u0131 ve insani s\u0131cakl\u0131\u011f\u0131yla zamana direnen, ku\u015faklar boyunca okunan bir ba\u015fyap\u0131t.<\/p>\n","protected":false},"excerpt":{"rendered":"<p>Alphonse Daudet\u2019nin Provence\u2019\u0131n g\u00fcne\u015fli tepelerinde, terk edilmi\u015f bir de\u011firmende yazd\u0131\u011f\u0131 ve onun anlat\u0131 ustal\u0131\u011f\u0131n\u0131, g\u00f6zlem g\u00fcc\u00fcn\u00fc yans\u0131tan bu \u00f6yk\u00fcler, insan ruhunun en sade ve en derin<span class=\"excerpt-hellip\"> [\u2026]<\/span><\/p>\n","protected":false},"featured_media":0,"template":"","meta":{"_monsterinsights_skip_tracking":false,"_monsterinsights_sitenote_active":false,"_monsterinsights_sitenote_note":"","_monsterinsights_sitenote_category":0},"product_brand":[],"product_cat":[12291,13872],"product_tag":[],"class_list":{"0":"post-784715","1":"product","2":"type-product","3":"status-publish","5":"product_cat-edebiyat","6":"product_cat-klasikler","7":"pa_cilt-ciltsiz","8":"pa_tur-kitap","9":"pa_yayinevi-can-yayinlari","10":"pa_yazar-alphonse-daudet","12":"first","13":"instock","14":"sale","15":"shipping-taxable","16":"purchasable","17":"product-type-simple"},"_links":{"self":[{"href":"https:\/\/roveyayinevi.com.tr\/index.php\/wp-json\/wp\/v2\/product\/784715","targetHints":{"allow":["GET"]}}],"collection":[{"href":"https:\/\/roveyayinevi.com.tr\/index.php\/wp-json\/wp\/v2\/product"}],"about":[{"href":"https:\/\/roveyayinevi.com.tr\/index.php\/wp-json\/wp\/v2\/types\/product"}],"wp:attachment":[{"href":"https:\/\/roveyayinevi.com.tr\/index.php\/wp-json\/wp\/v2\/media?parent=784715"}],"wp:term":[{"taxonomy":"product_brand","embeddable":true,"href":"https:\/\/roveyayinevi.com.tr\/index.php\/wp-json\/wp\/v2\/product_brand?post=784715"},{"taxonomy":"product_cat","embeddable":true,"href":"https:\/\/roveyayinevi.com.tr\/index.php\/wp-json\/wp\/v2\/product_cat?post=784715"},{"taxonomy":"product_tag","embeddable":true,"href":"https:\/\/roveyayinevi.com.tr\/index.php\/wp-json\/wp\/v2\/product_tag?post=784715"}],"curies":[{"name":"wp","href":"https:\/\/api.w.org\/{rel}","templated":true}]}}