{"id":784714,"date":"2026-03-13T03:25:42","date_gmt":"2026-03-13T00:25:42","guid":{"rendered":"https:\/\/roveyayinevi.com.tr\/index.php\/urun\/1368\/"},"modified":"2026-04-15T03:46:12","modified_gmt":"2026-04-15T00:46:12","slug":"1368","status":"publish","type":"product","link":"https:\/\/roveyayinevi.com.tr\/index.php\/urun\/1368\/","title":{"rendered":"1368"},"content":{"rendered":"<p>\u00c7in, yenilik konusundaki liderli\u011fini Bat\u0131\u2019ya tam olarak ne zaman kapt\u0131rd\u0131? Bug\u00fcn tan\u0131kl\u0131k etti\u011fimiz \u201cS\u00fcper G\u00fc\u00e7 \u00c7in\u201din y\u00fckseli\u015fi ger\u00e7ekten yeni bir durum mu, yoksa tarih asl\u0131nda do\u011fal ak\u0131\u015f\u0131na geri mi d\u00f6n\u00fcyor?Ali Humayun Akhtar, 1368: \u00c7in ve Modern D\u00fcnyan\u0131n \u0130n\u015fas\u0131\u2019nda, okuru B\u00fcy\u00fck Ming Hanedan\u0131\u2019n\u0131n kurulu\u015fundan Qing Hanedan\u0131\u2019n\u0131n sonuna uzanan be\u015f as\u0131rl\u0131k b\u00fcy\u00fcleyici bir yolculu\u011fa \u00e7\u0131kar\u0131yor. Bu yolculuk, Kristof Kolomb\u2019dan \u00e7ok \u00f6nce okyanuslara a\u00e7\u0131lan Amiral Zheng He\u2019nin hazine filolar\u0131ndan, Pekin\u2019deki Yasak \u015eehir\u2019de g\u00f6rev yapan Cizvit bilginlere; Hollandal\u0131 t\u00fcccarlar\u0131n ta\u015f\u0131d\u0131\u011f\u0131 Ming porselenlerinden, \u0130ngilizlerin imparatorluk al\u0131\u015fkanl\u0131\u011f\u0131na d\u00f6n\u00fc\u015fen \u00c7in \u00e7ay\u0131na kadar k\u00fcresel ticaretin ve k\u00fclt\u00fcr\u00fcn nas\u0131l \u015fekillendi\u011fini g\u00f6zler \u00f6n\u00fcne seriyor.Hollandal\u0131 t\u00fcccarlar\u0131n, Osmanl\u0131\u2019n\u0131n kahve \u00fczerindeki tekelini k\u0131rmak ve pazarlar\u0131n\u0131 devre d\u0131\u015f\u0131 b\u0131rakmak i\u00e7in kahve tohumlar\u0131n\u0131 ka\u00e7\u0131r\u0131p Cava\u2019da nas\u0131l yeti\u015ftirdiklerini; \u0130ngilizlerin, \u00c7in\u2019den d\u00fcnyaya yayd\u0131\u011f\u0131 \u00e7ay al\u0131\u015fkanl\u0131\u011f\u0131n\u0131n, y\u00fczy\u0131llar s\u00fcren bir kahve hakimiyetinin ard\u0131ndan nas\u0131l Osmanl\u0131 topraklar\u0131na s\u0131zd\u0131\u011f\u0131n\u0131 ve nihayetinde Rize\u2019de k\u00f6k salarak modern T\u00fcrkiye\u2019nin \u00e7ay k\u00fclt\u00fcr\u00fcn\u00fc nas\u0131l do\u011furdu\u011funa; Afyon Sava\u015flar\u0131\u2019n\u0131n y\u0131k\u0131m\u0131ndan Japonya\u2019n\u0131n Meiji Restorasyonu ile y\u00fckseli\u015fine kadar uzanan bu eser, \u00c7in\u2019in yeniden y\u00fckseli\u015finin tesad\u00fcf olmad\u0131\u011f\u0131n\u0131 kan\u0131tl\u0131yor.Bu kitap, \u00c7in\u2019in ipek ve porselen ihra\u00e7 eden bir pazar olmas\u0131n\u0131n yan\u0131nda idari modelleri, felsefesi ve teknolojisiyle Japonya\u2019dan Avrupa\u2019ya b\u00fct\u00fcn modernle\u015fmenin \u00f6nc\u00fcs\u00fc oldu\u011funu ortaya koyuyor. Tarihin d\u00f6n\u00fcm noktalar\u0131n\u0131 Asya\u2019y\u0131 merkeze alarak okuyan Akhtar, k\u00fcreselle\u015fmenin ba\u015flad\u0131\u011f\u0131 yeri sorguluyor. 1368 tarihi bu kitapta Bat\u0131\u2019n\u0131n Do\u011fu\u2019ya, Do\u011fu\u2019nun da Bat\u0131\u2019ya bakt\u0131\u011f\u0131 ve bug\u00fcn\u00fcn jeopolitik manzaras\u0131na y\u00f6n veren o b\u00fcy\u00fck kar\u015f\u0131la\u015fman\u0131n milad\u0131.<\/p>\n","protected":false},"excerpt":{"rendered":"<p>\u00c7in, yenilik konusundaki liderli\u011fini Bat\u0131\u2019ya tam olarak ne zaman kapt\u0131rd\u0131? Bug\u00fcn tan\u0131kl\u0131k etti\u011fimiz \u201cS\u00fcper G\u00fc\u00e7 \u00c7in\u201din y\u00fckseli\u015fi ger\u00e7ekten yeni bir durum mu, yoksa tarih asl\u0131nda do\u011fal<span class=\"excerpt-hellip\"> [\u2026]<\/span><\/p>\n","protected":false},"featured_media":0,"template":"","meta":{"_monsterinsights_skip_tracking":false,"_monsterinsights_sitenote_active":false,"_monsterinsights_sitenote_note":"","_monsterinsights_sitenote_category":0},"product_brand":[],"product_cat":[12304],"product_tag":[],"class_list":{"0":"post-784714","1":"product","2":"type-product","3":"status-publish","5":"product_cat-tarih","6":"pa_cilt-ciltsiz","7":"pa_tur-kitap","8":"pa_yayinevi-ketebe-yayinlari","9":"pa_yazar-ali-humayun-akhtar","11":"first","12":"instock","13":"sale","14":"shipping-taxable","15":"purchasable","16":"product-type-simple"},"_links":{"self":[{"href":"https:\/\/roveyayinevi.com.tr\/index.php\/wp-json\/wp\/v2\/product\/784714","targetHints":{"allow":["GET"]}}],"collection":[{"href":"https:\/\/roveyayinevi.com.tr\/index.php\/wp-json\/wp\/v2\/product"}],"about":[{"href":"https:\/\/roveyayinevi.com.tr\/index.php\/wp-json\/wp\/v2\/types\/product"}],"wp:attachment":[{"href":"https:\/\/roveyayinevi.com.tr\/index.php\/wp-json\/wp\/v2\/media?parent=784714"}],"wp:term":[{"taxonomy":"product_brand","embeddable":true,"href":"https:\/\/roveyayinevi.com.tr\/index.php\/wp-json\/wp\/v2\/product_brand?post=784714"},{"taxonomy":"product_cat","embeddable":true,"href":"https:\/\/roveyayinevi.com.tr\/index.php\/wp-json\/wp\/v2\/product_cat?post=784714"},{"taxonomy":"product_tag","embeddable":true,"href":"https:\/\/roveyayinevi.com.tr\/index.php\/wp-json\/wp\/v2\/product_tag?post=784714"}],"curies":[{"name":"wp","href":"https:\/\/api.w.org\/{rel}","templated":true}]}}