{"id":784713,"date":"2026-03-13T03:25:37","date_gmt":"2026-03-13T00:25:37","guid":{"rendered":"https:\/\/roveyayinevi.com.tr\/index.php\/urun\/unlu-dahiler-stephen-hawking\/"},"modified":"2026-04-15T03:46:12","modified_gmt":"2026-04-15T00:46:12","slug":"unlu-dahiler-stephen-hawking","status":"publish","type":"product","link":"https:\/\/roveyayinevi.com.tr\/index.php\/urun\/unlu-dahiler-stephen-hawking\/","title":{"rendered":"\u00dcnl\u00fc Dahiler: Stephen Hawking"},"content":{"rendered":"<p>\u00c7a\u011f\u0131m\u0131z\u0131n en b\u00fcy\u00fck fizik\u00e7ilerinden biri\u2026 Evrenin s\u0131rlar\u0131n\u0131 \u00e7\u00f6zmeye adanm\u0131\u015f bir zihin\u2026 Zek\u00e2s\u0131yla t\u00fcm engelleri a\u015fan bir d\u00e2hi\u2026 ALS hastal\u0131\u011f\u0131na ra\u011fmen Stephen Hawking evrenin en karma\u015f\u0131k sorular\u0131na kafa yordu ve yaln\u0131zca bilim d\u00fcnyas\u0131n\u0131 de\u011fil, t\u00fcm insanl\u0131\u011f\u0131 etkiledi.Zaman\u0131n K\u0131sa Tarihi ile milyonlara ula\u015fan Hawking mizah anlay\u0131\u015f\u0131, pop\u00fcler k\u00fclt\u00fcrle kurdu\u011fu ba\u011f\u0131 ve felsefi sorgulamalar\u0131yla da haf\u0131zalara kaz\u0131nd\u0131. Bilim, m\u00fccadele, tutku ve sonsuz merakla \u00f6r\u00fclm\u00fc\u015f bu ya\u015fam hik\u00e2yesi hayata, farkl\u0131 bir g\u00f6zle bakmak isteyen herkese ilham verecek.Evrenin bilinmeyenlerine \u0131\u015f\u0131k tutan bu s\u0131ra d\u0131\u015f\u0131 yolculu\u011fa haz\u0131r olun<\/p>\n","protected":false},"excerpt":{"rendered":"<p>\u00c7a\u011f\u0131m\u0131z\u0131n en b\u00fcy\u00fck fizik\u00e7ilerinden biri\u2026 Evrenin s\u0131rlar\u0131n\u0131 \u00e7\u00f6zmeye adanm\u0131\u015f bir zihin\u2026 Zek\u00e2s\u0131yla t\u00fcm engelleri a\u015fan bir d\u00e2hi\u2026 ALS hastal\u0131\u011f\u0131na ra\u011fmen Stephen Hawking evrenin en karma\u015f\u0131k sorular\u0131na<span class=\"excerpt-hellip\"> [\u2026]<\/span><\/p>\n","protected":false},"featured_media":0,"template":"","meta":{"_monsterinsights_skip_tracking":false,"_monsterinsights_sitenote_active":false,"_monsterinsights_sitenote_note":"","_monsterinsights_sitenote_category":0},"product_brand":[],"product_cat":[14009,12291],"product_tag":[],"class_list":{"0":"post-784713","1":"product","2":"type-product","3":"status-publish","5":"product_cat-biyografi-otobiyografi-edebiyat","6":"product_cat-edebiyat","7":"pa_cilt-ciltsiz","8":"pa_tur-kitap","9":"pa_yayinevi-peta-kitap","10":"pa_yazar-can-eren","12":"first","13":"instock","14":"sale","15":"shipping-taxable","16":"purchasable","17":"product-type-simple"},"_links":{"self":[{"href":"https:\/\/roveyayinevi.com.tr\/index.php\/wp-json\/wp\/v2\/product\/784713","targetHints":{"allow":["GET"]}}],"collection":[{"href":"https:\/\/roveyayinevi.com.tr\/index.php\/wp-json\/wp\/v2\/product"}],"about":[{"href":"https:\/\/roveyayinevi.com.tr\/index.php\/wp-json\/wp\/v2\/types\/product"}],"wp:attachment":[{"href":"https:\/\/roveyayinevi.com.tr\/index.php\/wp-json\/wp\/v2\/media?parent=784713"}],"wp:term":[{"taxonomy":"product_brand","embeddable":true,"href":"https:\/\/roveyayinevi.com.tr\/index.php\/wp-json\/wp\/v2\/product_brand?post=784713"},{"taxonomy":"product_cat","embeddable":true,"href":"https:\/\/roveyayinevi.com.tr\/index.php\/wp-json\/wp\/v2\/product_cat?post=784713"},{"taxonomy":"product_tag","embeddable":true,"href":"https:\/\/roveyayinevi.com.tr\/index.php\/wp-json\/wp\/v2\/product_tag?post=784713"}],"curies":[{"name":"wp","href":"https:\/\/api.w.org\/{rel}","templated":true}]}}