{"id":784712,"date":"2026-03-13T03:25:33","date_gmt":"2026-03-13T00:25:33","guid":{"rendered":"https:\/\/roveyayinevi.com.tr\/index.php\/urun\/unlu-dahiler-nikola-tesla\/"},"modified":"2026-04-15T03:46:12","modified_gmt":"2026-04-15T00:46:12","slug":"unlu-dahiler-nikola-tesla","status":"publish","type":"product","link":"https:\/\/roveyayinevi.com.tr\/index.php\/urun\/unlu-dahiler-nikola-tesla\/","title":{"rendered":"\u00dcnl\u00fc Dahiler: Nikola Tesla"},"content":{"rendered":"<p>Elektri\u011fin efendisi\u2026 Zaman\u0131n\u0131n \u00e7ok \u00f6tesinde d\u00fc\u015f\u00fcnen bir d\u00e2hi\u2026 \u00c7a\u011f\u0131n\u0131n anlayamad\u0131\u011f\u0131 bir vizyoner\u2026 Nikola Tesla, yenilik\u00e7i fikirleriyle modern d\u00fcnyan\u0131n temel ta\u015flar\u0131n\u0131 d\u00f6\u015ferken yaln\u0131zl\u0131\u011f\u0131, m\u00fccadeleleri ve sars\u0131lmaz tutkusu ile tarihin en gizemli isimlerinden biri h\u00e2line geldi.Bu kitap, S\u0131rbistan\u2019da ba\u015flayan sade bir hayat\u0131n bilimsel hayallerle nas\u0131l d\u00fcnya \u00e7ap\u0131nda bir ser\u00fcvene d\u00f6n\u00fc\u015ft\u00fc\u011f\u00fcn\u00fc anlat\u0131yor. Alternatif ak\u0131m\u0131n babas\u0131 Tesla\u2019n\u0131n Edison\u2019la girdi\u011fi rekabetten kablosuz enerji deneylerine, hayal k\u0131r\u0131kl\u0131klar\u0131ndan sars\u0131c\u0131 bulu\u015flar\u0131na kadar her y\u00f6n\u00fcyle etkileyici ya\u015fam \u00f6yk\u00fcs\u00fcne tan\u0131kl\u0131k edeceksiniz.Gelece\u011fin enerjisini ke\u015ffeden bu b\u00fcy\u00fcleyici yolculu\u011fa kat\u0131l\u0131n.<\/p>\n","protected":false},"excerpt":{"rendered":"<p>Elektri\u011fin efendisi\u2026 Zaman\u0131n\u0131n \u00e7ok \u00f6tesinde d\u00fc\u015f\u00fcnen bir d\u00e2hi\u2026 \u00c7a\u011f\u0131n\u0131n anlayamad\u0131\u011f\u0131 bir vizyoner\u2026 Nikola Tesla, yenilik\u00e7i fikirleriyle modern d\u00fcnyan\u0131n temel ta\u015flar\u0131n\u0131 d\u00f6\u015ferken yaln\u0131zl\u0131\u011f\u0131, m\u00fccadeleleri ve sars\u0131lmaz tutkusu<span class=\"excerpt-hellip\"> [\u2026]<\/span><\/p>\n","protected":false},"featured_media":0,"template":"","meta":{"_monsterinsights_skip_tracking":false,"_monsterinsights_sitenote_active":false,"_monsterinsights_sitenote_note":"","_monsterinsights_sitenote_category":0},"product_brand":[],"product_cat":[14009,12291],"product_tag":[],"class_list":{"0":"post-784712","1":"product","2":"type-product","3":"status-publish","5":"product_cat-biyografi-otobiyografi-edebiyat","6":"product_cat-edebiyat","7":"pa_cilt-ciltsiz","8":"pa_tur-kitap","9":"pa_yayinevi-peta-kitap","10":"pa_yazar-can-eren","12":"first","13":"instock","14":"sale","15":"shipping-taxable","16":"purchasable","17":"product-type-simple"},"_links":{"self":[{"href":"https:\/\/roveyayinevi.com.tr\/index.php\/wp-json\/wp\/v2\/product\/784712","targetHints":{"allow":["GET"]}}],"collection":[{"href":"https:\/\/roveyayinevi.com.tr\/index.php\/wp-json\/wp\/v2\/product"}],"about":[{"href":"https:\/\/roveyayinevi.com.tr\/index.php\/wp-json\/wp\/v2\/types\/product"}],"wp:attachment":[{"href":"https:\/\/roveyayinevi.com.tr\/index.php\/wp-json\/wp\/v2\/media?parent=784712"}],"wp:term":[{"taxonomy":"product_brand","embeddable":true,"href":"https:\/\/roveyayinevi.com.tr\/index.php\/wp-json\/wp\/v2\/product_brand?post=784712"},{"taxonomy":"product_cat","embeddable":true,"href":"https:\/\/roveyayinevi.com.tr\/index.php\/wp-json\/wp\/v2\/product_cat?post=784712"},{"taxonomy":"product_tag","embeddable":true,"href":"https:\/\/roveyayinevi.com.tr\/index.php\/wp-json\/wp\/v2\/product_tag?post=784712"}],"curies":[{"name":"wp","href":"https:\/\/api.w.org\/{rel}","templated":true}]}}