{"id":784711,"date":"2026-03-13T03:25:28","date_gmt":"2026-03-13T00:25:28","guid":{"rendered":"https:\/\/roveyayinevi.com.tr\/index.php\/urun\/unlu-dahiler-marie-curie\/"},"modified":"2026-04-15T03:46:12","modified_gmt":"2026-04-15T00:46:12","slug":"unlu-dahiler-marie-curie","status":"publish","type":"product","link":"https:\/\/roveyayinevi.com.tr\/index.php\/urun\/unlu-dahiler-marie-curie\/","title":{"rendered":"\u00dcnl\u00fc Dahiler: Marie Curie"},"content":{"rendered":"<p>Kad\u0131nlar\u0131n bilim d\u00fcnyas\u0131nda yok say\u0131ld\u0131\u011f\u0131 bir \u00e7a\u011fda engelleri a\u015fan ve iki farkl\u0131 alanda Nobel \u00d6d\u00fcl\u00fc kazanarak tarihe ad\u0131n\u0131 alt\u0131n harflerle yazd\u0131ran bir \u00f6nc\u00fc\u2026Bu kitap, Marie Curie\u2019nin Polonya\u2019dan Paris\u2019e uzanan zorlu yolculu\u011funu, radyoaktiviteye dair \u00e7\u0131\u011f\u0131r a\u00e7an ke\u015fiflerini, a\u015fk\u0131n\u0131, kay\u0131plar\u0131n\u0131 ve bilime duydu\u011fu sars\u0131lmaz inanc\u0131n\u0131 g\u00f6zler \u00f6n\u00fcne seriyor. Bu hik\u00e2ye yaln\u0131zca bir bilim kad\u0131n\u0131n\u0131n de\u011fil, ayn\u0131 zamanda bir annenin, bir g\u00f6\u00e7menin ve cesur bir \u00f6nc\u00fcn\u00fcn hayat\u0131n\u0131 anlat\u0131yor.Bilimin ve cesaretin \u0131\u015f\u0131\u011f\u0131nda ilham verici bir yolculu\u011fa \u00e7\u0131k\u0131n.<\/p>\n","protected":false},"excerpt":{"rendered":"<p>Kad\u0131nlar\u0131n bilim d\u00fcnyas\u0131nda yok say\u0131ld\u0131\u011f\u0131 bir \u00e7a\u011fda engelleri a\u015fan ve iki farkl\u0131 alanda Nobel \u00d6d\u00fcl\u00fc kazanarak tarihe ad\u0131n\u0131 alt\u0131n harflerle yazd\u0131ran bir \u00f6nc\u00fc\u2026Bu kitap, Marie Curie\u2019nin<span class=\"excerpt-hellip\"> [\u2026]<\/span><\/p>\n","protected":false},"featured_media":0,"template":"","meta":{"_monsterinsights_skip_tracking":false,"_monsterinsights_sitenote_active":false,"_monsterinsights_sitenote_note":"","_monsterinsights_sitenote_category":0},"product_brand":[],"product_cat":[14009,12291],"product_tag":[],"class_list":{"0":"post-784711","1":"product","2":"type-product","3":"status-publish","5":"product_cat-biyografi-otobiyografi-edebiyat","6":"product_cat-edebiyat","7":"pa_cilt-ciltsiz","8":"pa_tur-kitap","9":"pa_yayinevi-peta-kitap","10":"pa_yazar-can-eren","12":"first","13":"instock","14":"sale","15":"shipping-taxable","16":"purchasable","17":"product-type-simple"},"_links":{"self":[{"href":"https:\/\/roveyayinevi.com.tr\/index.php\/wp-json\/wp\/v2\/product\/784711","targetHints":{"allow":["GET"]}}],"collection":[{"href":"https:\/\/roveyayinevi.com.tr\/index.php\/wp-json\/wp\/v2\/product"}],"about":[{"href":"https:\/\/roveyayinevi.com.tr\/index.php\/wp-json\/wp\/v2\/types\/product"}],"wp:attachment":[{"href":"https:\/\/roveyayinevi.com.tr\/index.php\/wp-json\/wp\/v2\/media?parent=784711"}],"wp:term":[{"taxonomy":"product_brand","embeddable":true,"href":"https:\/\/roveyayinevi.com.tr\/index.php\/wp-json\/wp\/v2\/product_brand?post=784711"},{"taxonomy":"product_cat","embeddable":true,"href":"https:\/\/roveyayinevi.com.tr\/index.php\/wp-json\/wp\/v2\/product_cat?post=784711"},{"taxonomy":"product_tag","embeddable":true,"href":"https:\/\/roveyayinevi.com.tr\/index.php\/wp-json\/wp\/v2\/product_tag?post=784711"}],"curies":[{"name":"wp","href":"https:\/\/api.w.org\/{rel}","templated":true}]}}