{"id":784710,"date":"2026-03-13T03:25:23","date_gmt":"2026-03-13T00:25:23","guid":{"rendered":"https:\/\/roveyayinevi.com.tr\/index.php\/urun\/unlu-dahiler-louis-pasteur\/"},"modified":"2026-04-15T03:46:12","modified_gmt":"2026-04-15T00:46:12","slug":"unlu-dahiler-louis-pasteur","status":"publish","type":"product","link":"https:\/\/roveyayinevi.com.tr\/index.php\/urun\/unlu-dahiler-louis-pasteur\/","title":{"rendered":"\u00dcnl\u00fc Dahiler: Louis Pasteur"},"content":{"rendered":"<p>\u00f6zle g\u00f6r\u00fclmeyen d\u00fc\u015fmanlarla sava\u015farak milyonlar\u0131n hayat\u0131n\u0131 kurtaran bir bilim insan\u0131\u2026 A\u015f\u0131lar\u0131n, mikrop teorisinin ve past\u00f6rizasyonun \u00f6nc\u00fcs\u00fc\u2026 T\u0131p ve biyolojide \u00e7\u0131\u011f\u0131r a\u00e7an; inanc\u0131, bilimi ve azmi bir arada ta\u015f\u0131yan bir d\u00e2hi\u2026Bu kitap, Fransa\u2019n\u0131n k\u00fc\u00e7\u00fck bir kasabas\u0131nda ba\u015flayan m\u00fctevaz\u0131 bir hayat\u0131n, insan sa\u011fl\u0131\u011f\u0131n\u0131 k\u00f6kten de\u011fi\u015ftiren bir ke\u015fif yolculu\u011funa nas\u0131l d\u00f6n\u00fc\u015ft\u00fc\u011f\u00fcn\u00fc anlat\u0131yor. Louis Pasteur\u2019\u00fcn gen\u00e7lik y\u0131llar\u0131ndan itibaren bilime duydu\u011fu sars\u0131lmaz tutkuyu, kar\u015f\u0131la\u015ft\u0131\u011f\u0131 engellere, d\u00f6nemin \u00f6l\u00fcmc\u00fcl hastal\u0131klar\u0131na kar\u015f\u0131 geli\u015ftirdi\u011fi devrim niteli\u011findeki \u00e7\u00f6z\u00fcmleri ve bilim d\u00fcnyas\u0131nda b\u0131rakt\u0131\u011f\u0131 kal\u0131c\u0131 izlere ad\u0131m ad\u0131m tan\u0131kl\u0131k edeceksiniz.\u0130nsanl\u0131\u011f\u0131n sa\u011fl\u0131\u011f\u0131n\u0131 k\u00f6kten de\u011fi\u015ftiren bu bilim ve cesaret yolculu\u011funa kat\u0131l\u0131n.<\/p>\n","protected":false},"excerpt":{"rendered":"<p>\u00f6zle g\u00f6r\u00fclmeyen d\u00fc\u015fmanlarla sava\u015farak milyonlar\u0131n hayat\u0131n\u0131 kurtaran bir bilim insan\u0131\u2026 A\u015f\u0131lar\u0131n, mikrop teorisinin ve past\u00f6rizasyonun \u00f6nc\u00fcs\u00fc\u2026 T\u0131p ve biyolojide \u00e7\u0131\u011f\u0131r a\u00e7an; inanc\u0131, bilimi ve azmi bir<span class=\"excerpt-hellip\"> [\u2026]<\/span><\/p>\n","protected":false},"featured_media":0,"template":"","meta":{"_monsterinsights_skip_tracking":false,"_monsterinsights_sitenote_active":false,"_monsterinsights_sitenote_note":"","_monsterinsights_sitenote_category":0},"product_brand":[],"product_cat":[14009,12291],"product_tag":[],"class_list":{"0":"post-784710","1":"product","2":"type-product","3":"status-publish","5":"product_cat-biyografi-otobiyografi-edebiyat","6":"product_cat-edebiyat","7":"pa_cilt-ciltsiz","8":"pa_tur-kitap","9":"pa_yayinevi-peta-kitap","10":"pa_yazar-can-eren","12":"first","13":"instock","14":"sale","15":"shipping-taxable","16":"purchasable","17":"product-type-simple"},"_links":{"self":[{"href":"https:\/\/roveyayinevi.com.tr\/index.php\/wp-json\/wp\/v2\/product\/784710","targetHints":{"allow":["GET"]}}],"collection":[{"href":"https:\/\/roveyayinevi.com.tr\/index.php\/wp-json\/wp\/v2\/product"}],"about":[{"href":"https:\/\/roveyayinevi.com.tr\/index.php\/wp-json\/wp\/v2\/types\/product"}],"wp:attachment":[{"href":"https:\/\/roveyayinevi.com.tr\/index.php\/wp-json\/wp\/v2\/media?parent=784710"}],"wp:term":[{"taxonomy":"product_brand","embeddable":true,"href":"https:\/\/roveyayinevi.com.tr\/index.php\/wp-json\/wp\/v2\/product_brand?post=784710"},{"taxonomy":"product_cat","embeddable":true,"href":"https:\/\/roveyayinevi.com.tr\/index.php\/wp-json\/wp\/v2\/product_cat?post=784710"},{"taxonomy":"product_tag","embeddable":true,"href":"https:\/\/roveyayinevi.com.tr\/index.php\/wp-json\/wp\/v2\/product_tag?post=784710"}],"curies":[{"name":"wp","href":"https:\/\/api.w.org\/{rel}","templated":true}]}}