{"id":784709,"date":"2026-03-13T03:25:19","date_gmt":"2026-03-13T00:25:19","guid":{"rendered":"https:\/\/roveyayinevi.com.tr\/index.php\/urun\/unlu-dahiler-isaac-newton\/"},"modified":"2026-04-15T03:46:12","modified_gmt":"2026-04-15T00:46:12","slug":"unlu-dahiler-isaac-newton","status":"publish","type":"product","link":"https:\/\/roveyayinevi.com.tr\/index.php\/urun\/unlu-dahiler-isaac-newton\/","title":{"rendered":"\u00dcnl\u00fc Dahiler: Isaac Newton"},"content":{"rendered":"<p>A\u011fa\u00e7tan bir elma d\u00fc\u015ft\u00fc\u2026 Ve t\u00fcm d\u00fcnya de\u011fi\u015fti. 17. y\u00fczy\u0131lda \u0130ngiltere\u2019de do\u011fan Isaac Newton yaln\u0131z ve merakl\u0131 bir \u00e7ocuktu. Kendini do\u011fan\u0131n yasalar\u0131n\u0131 ke\u015ffetmeye adad\u0131 ve sonunda modern bilimin temellerini atan teoriler ile evrenin i\u015fleyi\u015fine dair derin bir anlay\u0131\u015f\u0131 d\u00fcnyaya miras b\u0131rakt\u0131.Bu kitap, Newton\u2019un matematikten fizi\u011fe, optikten astronomiye uzanan ola\u011fan\u00fcst\u00fc yolculu\u011funu anlat\u0131yor. Cambridge\u2019deki akademik zaferlerinden veba salg\u0131n\u0131 s\u0131ras\u0131nda k\u0131rsalda \u015fekillenen \u00e7\u0131\u011f\u0131r a\u00e7\u0131c\u0131 fikirlerine ve Principia Mathematica gibi bilim tarihine y\u00f6n veren ba\u015fyap\u0131tlar\u0131na kadar her ad\u0131m\u0131na tan\u0131kl\u0131k edeceksiniz.Evrenin gizemlerine yolculuk yapmak isteyenler i\u00e7in bir ke\u015fif ser\u00fcveni sizi bekliyor.<\/p>\n","protected":false},"excerpt":{"rendered":"<p>A\u011fa\u00e7tan bir elma d\u00fc\u015ft\u00fc\u2026 Ve t\u00fcm d\u00fcnya de\u011fi\u015fti. 17. y\u00fczy\u0131lda \u0130ngiltere\u2019de do\u011fan Isaac Newton yaln\u0131z ve merakl\u0131 bir \u00e7ocuktu. Kendini do\u011fan\u0131n yasalar\u0131n\u0131 ke\u015ffetmeye adad\u0131 ve sonunda<span class=\"excerpt-hellip\"> [\u2026]<\/span><\/p>\n","protected":false},"featured_media":0,"template":"","meta":{"_monsterinsights_skip_tracking":false,"_monsterinsights_sitenote_active":false,"_monsterinsights_sitenote_note":"","_monsterinsights_sitenote_category":0},"product_brand":[],"product_cat":[14009,12291],"product_tag":[],"class_list":{"0":"post-784709","1":"product","2":"type-product","3":"status-publish","5":"product_cat-biyografi-otobiyografi-edebiyat","6":"product_cat-edebiyat","7":"pa_cilt-ciltsiz","8":"pa_tur-kitap","9":"pa_yayinevi-peta-kitap","10":"pa_yazar-can-eren","12":"first","13":"instock","14":"sale","15":"shipping-taxable","16":"purchasable","17":"product-type-simple"},"_links":{"self":[{"href":"https:\/\/roveyayinevi.com.tr\/index.php\/wp-json\/wp\/v2\/product\/784709","targetHints":{"allow":["GET"]}}],"collection":[{"href":"https:\/\/roveyayinevi.com.tr\/index.php\/wp-json\/wp\/v2\/product"}],"about":[{"href":"https:\/\/roveyayinevi.com.tr\/index.php\/wp-json\/wp\/v2\/types\/product"}],"wp:attachment":[{"href":"https:\/\/roveyayinevi.com.tr\/index.php\/wp-json\/wp\/v2\/media?parent=784709"}],"wp:term":[{"taxonomy":"product_brand","embeddable":true,"href":"https:\/\/roveyayinevi.com.tr\/index.php\/wp-json\/wp\/v2\/product_brand?post=784709"},{"taxonomy":"product_cat","embeddable":true,"href":"https:\/\/roveyayinevi.com.tr\/index.php\/wp-json\/wp\/v2\/product_cat?post=784709"},{"taxonomy":"product_tag","embeddable":true,"href":"https:\/\/roveyayinevi.com.tr\/index.php\/wp-json\/wp\/v2\/product_tag?post=784709"}],"curies":[{"name":"wp","href":"https:\/\/api.w.org\/{rel}","templated":true}]}}