{"id":784707,"date":"2026-03-13T03:25:12","date_gmt":"2026-03-13T00:25:12","guid":{"rendered":"https:\/\/roveyayinevi.com.tr\/index.php\/urun\/unlu-dahiler-albert-einstein\/"},"modified":"2026-04-15T03:46:12","modified_gmt":"2026-04-15T00:46:12","slug":"unlu-dahiler-albert-einstein","status":"publish","type":"product","link":"https:\/\/roveyayinevi.com.tr\/index.php\/urun\/unlu-dahiler-albert-einstein\/","title":{"rendered":"\u00dcnl\u00fc Dahiler: Albert Einstein"},"content":{"rendered":"<p>Tarihin y\u00f6n\u00fcn\u00fc de\u011fi\u015ftiren bir zihin&#8230; Evrenin en derin s\u0131rlar\u0131na meydan okuyan, doyumsuz bir merak&#8230; G\u00f6relilik Teorisi\u2019yle fizik d\u00fcnyas\u0131n\u0131 alt\u00fcst eden bir deha&#8230; Bar\u0131\u015f, adalet ve insan haklar\u0131 i\u00e7in hayat\u0131 boyunca y\u0131lmadan m\u00fccadele eden bir vicdan&#8230;1879\u2019da, Almanya\u2019n\u0131n Ulm kentinde, sessiz ve i\u00e7ine kapan\u0131k bir \u00e7ocuk olarak ya\u015fama ba\u015flayan Albert Einstein, yirminci y\u00fczy\u0131l\u0131n en parlak ve etkili bilim insan\u0131na d\u00f6n\u00fc\u015ft\u00fc. Bu kitap, Einstein\u2019\u0131n \u00e7ocukluk d\u00fc\u015flerinden e\u011fitim sistemine ba\u015fkald\u0131r\u0131s\u0131na, devrim niteli\u011findeki fikirlerinden g\u00f6relilik ve kuantum fizi\u011fine getirdi\u011fi \u00e7\u0131\u011f\u0131r a\u00e7\u0131c\u0131 katk\u0131lara, Amerika\u2019ya g\u00f6\u00e7\u00fcnden n\u00fckleer silahlanmaya kar\u015f\u0131 cesur direni\u015fine kadar uzanan e\u015fsiz hik\u00e2yesini anlat\u0131yor.Bilim ve insanl\u0131k tarihinde derin izler b\u0131rakan bu yolculu\u011fa haz\u0131r olun.<\/p>\n","protected":false},"excerpt":{"rendered":"<p>Tarihin y\u00f6n\u00fcn\u00fc de\u011fi\u015ftiren bir zihin&#8230; Evrenin en derin s\u0131rlar\u0131na meydan okuyan, doyumsuz bir merak&#8230; G\u00f6relilik Teorisi\u2019yle fizik d\u00fcnyas\u0131n\u0131 alt\u00fcst eden bir deha&#8230; Bar\u0131\u015f, adalet ve insan<span class=\"excerpt-hellip\"> [\u2026]<\/span><\/p>\n","protected":false},"featured_media":0,"template":"","meta":{"_monsterinsights_skip_tracking":false,"_monsterinsights_sitenote_active":false,"_monsterinsights_sitenote_note":"","_monsterinsights_sitenote_category":0},"product_brand":[],"product_cat":[14009,12291],"product_tag":[],"class_list":{"0":"post-784707","1":"product","2":"type-product","3":"status-publish","5":"product_cat-biyografi-otobiyografi-edebiyat","6":"product_cat-edebiyat","7":"pa_cilt-ciltsiz","8":"pa_tur-kitap","9":"pa_yayinevi-peta-kitap","10":"pa_yazar-can-eren","12":"first","13":"instock","14":"sale","15":"shipping-taxable","16":"purchasable","17":"product-type-simple"},"_links":{"self":[{"href":"https:\/\/roveyayinevi.com.tr\/index.php\/wp-json\/wp\/v2\/product\/784707","targetHints":{"allow":["GET"]}}],"collection":[{"href":"https:\/\/roveyayinevi.com.tr\/index.php\/wp-json\/wp\/v2\/product"}],"about":[{"href":"https:\/\/roveyayinevi.com.tr\/index.php\/wp-json\/wp\/v2\/types\/product"}],"wp:attachment":[{"href":"https:\/\/roveyayinevi.com.tr\/index.php\/wp-json\/wp\/v2\/media?parent=784707"}],"wp:term":[{"taxonomy":"product_brand","embeddable":true,"href":"https:\/\/roveyayinevi.com.tr\/index.php\/wp-json\/wp\/v2\/product_brand?post=784707"},{"taxonomy":"product_cat","embeddable":true,"href":"https:\/\/roveyayinevi.com.tr\/index.php\/wp-json\/wp\/v2\/product_cat?post=784707"},{"taxonomy":"product_tag","embeddable":true,"href":"https:\/\/roveyayinevi.com.tr\/index.php\/wp-json\/wp\/v2\/product_tag?post=784707"}],"curies":[{"name":"wp","href":"https:\/\/api.w.org\/{rel}","templated":true}]}}