{"id":784706,"date":"2026-03-13T03:24:00","date_gmt":"2026-03-13T00:24:00","guid":{"rendered":"https:\/\/roveyayinevi.com.tr\/index.php\/urun\/beceri-egitim-ve-istihdam-isgucu-piyasalarinda-donusum\/"},"modified":"2026-04-15T03:44:52","modified_gmt":"2026-04-15T00:44:52","slug":"beceri-egitim-ve-istihdam-isgucu-piyasalarinda-donusum","status":"publish","type":"product","link":"https:\/\/roveyayinevi.com.tr\/index.php\/urun\/beceri-egitim-ve-istihdam-isgucu-piyasalarinda-donusum\/","title":{"rendered":"Beceri, E\u011fitim Ve \u0130stihdam: \u0130\u015fg\u00fcc\u00fc Piyasalar\u0131nda D\u00f6n\u00fc\u015f\u00fcm"},"content":{"rendered":"<p>\u0130\u00e7indekiler :   B\u00f6l\u00fcm 1 \u2013 Giri\u015f ve Kavramsal \u00c7er\u00e7eve   B\u00f6l\u00fcm 2 \u2013 T\u00fcrkiye \u0130\u015fg\u00fcc\u00fc Piyasas\u0131n\u0131n Genel G\u00f6r\u00fcn\u00fcm\u00fc   B\u00f6l\u00fcm 3 \u2013 E\u011fitim Sistemi ve \u0130\u015fg\u00fcc\u00fc Piyasas\u0131 Uyumu   B\u00f6l\u00fcm 4 \u2013 Beceri D\u00f6n\u00fc\u015f\u00fcm\u00fc ve Dijitalle\u015fme   B\u00f6l\u00fcm 5 \u2013 T\u00fcrkiye\u2019de Beceri A\u00e7\u0131\u011f\u0131 ve Meslek Analizi   B\u00f6l\u00fcm 6 \u2013 K\u0131r\u0131lgan Gruplar ve \u0130stihdam Politikalar\u0131   B\u00f6l\u00fcm 7 \u2013 Politika Analizi ve \u0130yi Uygulama \u00d6rnekleri <\/p>\n","protected":false},"excerpt":{"rendered":"<p>\u0130\u00e7indekiler : B\u00f6l\u00fcm 1 \u2013 Giri\u015f ve Kavramsal \u00c7er\u00e7eve B\u00f6l\u00fcm 2 \u2013 T\u00fcrkiye \u0130\u015fg\u00fcc\u00fc Piyasas\u0131n\u0131n Genel G\u00f6r\u00fcn\u00fcm\u00fc B\u00f6l\u00fcm 3 \u2013 E\u011fitim Sistemi ve \u0130\u015fg\u00fcc\u00fc Piyasas\u0131 Uyumu<span class=\"excerpt-hellip\"> [\u2026]<\/span><\/p>\n","protected":false},"featured_media":0,"template":"","meta":{"_monsterinsights_skip_tracking":false,"_monsterinsights_sitenote_active":false,"_monsterinsights_sitenote_note":"","_monsterinsights_sitenote_category":0},"product_brand":[],"product_cat":[13043,14381],"product_tag":[],"class_list":{"0":"post-784706","1":"product","2":"type-product","3":"status-publish","5":"product_cat-ekonomi","6":"product_cat-isletme-muhasebe-maliye","7":"pa_cilt-ciltsiz","8":"pa_tur-kitap","9":"pa_yayinevi-gazi-kitabevi","10":"pa_yazar-asli-dolu-huseyin-ikizler","12":"first","13":"instock","14":"sale","15":"shipping-taxable","16":"purchasable","17":"product-type-simple"},"_links":{"self":[{"href":"https:\/\/roveyayinevi.com.tr\/index.php\/wp-json\/wp\/v2\/product\/784706","targetHints":{"allow":["GET"]}}],"collection":[{"href":"https:\/\/roveyayinevi.com.tr\/index.php\/wp-json\/wp\/v2\/product"}],"about":[{"href":"https:\/\/roveyayinevi.com.tr\/index.php\/wp-json\/wp\/v2\/types\/product"}],"wp:attachment":[{"href":"https:\/\/roveyayinevi.com.tr\/index.php\/wp-json\/wp\/v2\/media?parent=784706"}],"wp:term":[{"taxonomy":"product_brand","embeddable":true,"href":"https:\/\/roveyayinevi.com.tr\/index.php\/wp-json\/wp\/v2\/product_brand?post=784706"},{"taxonomy":"product_cat","embeddable":true,"href":"https:\/\/roveyayinevi.com.tr\/index.php\/wp-json\/wp\/v2\/product_cat?post=784706"},{"taxonomy":"product_tag","embeddable":true,"href":"https:\/\/roveyayinevi.com.tr\/index.php\/wp-json\/wp\/v2\/product_tag?post=784706"}],"curies":[{"name":"wp","href":"https:\/\/api.w.org\/{rel}","templated":true}]}}