{"id":784705,"date":"2026-03-13T03:16:30","date_gmt":"2026-03-13T00:16:30","guid":{"rendered":"https:\/\/roveyayinevi.com.tr\/index.php\/urun\/filistin-israil-meselesinin-kisa-tarihi\/"},"modified":"2026-04-15T03:36:25","modified_gmt":"2026-04-15T00:36:25","slug":"filistin-israil-meselesinin-kisa-tarihi","status":"publish","type":"product","link":"https:\/\/roveyayinevi.com.tr\/index.php\/urun\/filistin-israil-meselesinin-kisa-tarihi\/","title":{"rendered":"Filistin-\u0130srail Meselesinin K\u0131sa Tarihi"},"content":{"rendered":"<p>Filistin-\u0130srail meselesini ve bundan nas\u0131l bir \u00e7\u0131k\u0131\u015f yolu bulabilece\u011fimizi anlamak i\u00e7in vazge\u00e7ilmez bir rehber. 7 Ekim 2023\u2019te Filistin co\u011frafyas\u0131nda ya\u015fananlar ve bu su\u0308recin ard\u0131ndan gelen deh\u015fet ve vah\u015fet bu\u0308tu\u0308n du\u0308nyay\u0131 hayrete du\u0308\u015fu\u0308rdu\u0308. Ancak \u0130srail\u2019in Filistin\u2019e y\u00f6nelik bu sald\u0131rgan tutumu ne 7 Ekim\u2019de ne \u0130srail\u2019in Bat\u0131 \u015eeria\u2019y\u0131 i\u015fgal etti\u011fi 1967\u2019de ne de \u0130srail devletinin ilan edildi\u011fi 1948\u2019de ba\u015flam\u0131\u015ft\u0131. 1882\u2019de, ilk Siyonist yerle\u015fimcilerin o zamanlar Osmanl\u0131 \u0130mparatorlu\u011fu idaresinde bulunan bu topraklara gelmesiyle ileride ya\u015fanacak bu\u0308yu\u0308k s\u0131k\u0131nt\u0131lar\u0131n fitili ate\u015flenmi\u015fti. Ilan Papp\u00e9, Filistin meselesinin uzun tarihini konu edinen bu \u00e7al\u0131\u015fmas\u0131nda Filistinlileri, ellerinden al\u0131nan topraklar\u0131n\u0131, vatanlar\u0131n\u0131, ya\u015famlar\u0131n\u0131, tarihlerini ve geleceklerini inceliyor. Siyonizmin ortaya \u00e7\u0131k\u0131\u015f\u0131ndan kurucular\u0131na, Filistinlilerin ilk ba\u015fkald\u0131r\u0131\u015flar\u0131ndan bu\u0308yu\u0308k devletlerin iki yu\u0308zlu\u0308lu\u0308\u011fu\u0308ne, Filistin-\u0130srail meselesine y\u00f6nelik uluslararas\u0131 politikan\u0131n d\u00f6neme\u00e7lerinden Filistinlilerin i\u015fgale kar\u015f\u0131 direni\u015flerine kadar h\u00e2l\u00e2 \u00e7\u00f6zu\u0308lememi\u015f 150 y\u0131ll\u0131k bu vakay\u0131 derinlemesine irdeliyor. Filistin-\u0130srail Meselesinin K\u0131sa Tarihi, Filistinlilerin ve Filistin topraklar\u0131n\u0131n gu\u0308nu\u0308mu\u0308zdeki durumundan hareketle i\u015fgalin ilk gu\u0308nlerinden bugu\u0308nlere nas\u0131l gelindi\u011fini tarafs\u0131z, abart\u0131s\u0131z, bu\u0308tu\u0308n \u00e7\u0131plakl\u0131\u011f\u0131 ve \u00e7arp\u0131c\u0131l\u0131\u011f\u0131yla g\u00f6zler \u00f6nu\u0308ne seren bir panorama sunuyor.<\/p>\n","protected":false},"excerpt":{"rendered":"<p>Filistin-\u0130srail meselesini ve bundan nas\u0131l bir \u00e7\u0131k\u0131\u015f yolu bulabilece\u011fimizi anlamak i\u00e7in vazge\u00e7ilmez bir rehber. 7 Ekim 2023\u2019te Filistin co\u011frafyas\u0131nda ya\u015fananlar ve bu su\u0308recin ard\u0131ndan gelen deh\u015fet<span class=\"excerpt-hellip\"> [\u2026]<\/span><\/p>\n","protected":false},"featured_media":0,"template":"","meta":{"_monsterinsights_skip_tracking":false,"_monsterinsights_sitenote_active":false,"_monsterinsights_sitenote_note":"","_monsterinsights_sitenote_category":0},"product_brand":[],"product_cat":[12304],"product_tag":[],"class_list":{"0":"post-784705","1":"product","2":"type-product","3":"status-publish","5":"product_cat-tarih","6":"pa_cilt-ciltsiz","7":"pa_tur-kitap","8":"pa_yayinevi-ketebe-yayinlari","9":"pa_yazar-ilan-pappe","11":"first","12":"instock","13":"sale","14":"shipping-taxable","15":"purchasable","16":"product-type-simple"},"_links":{"self":[{"href":"https:\/\/roveyayinevi.com.tr\/index.php\/wp-json\/wp\/v2\/product\/784705","targetHints":{"allow":["GET"]}}],"collection":[{"href":"https:\/\/roveyayinevi.com.tr\/index.php\/wp-json\/wp\/v2\/product"}],"about":[{"href":"https:\/\/roveyayinevi.com.tr\/index.php\/wp-json\/wp\/v2\/types\/product"}],"wp:attachment":[{"href":"https:\/\/roveyayinevi.com.tr\/index.php\/wp-json\/wp\/v2\/media?parent=784705"}],"wp:term":[{"taxonomy":"product_brand","embeddable":true,"href":"https:\/\/roveyayinevi.com.tr\/index.php\/wp-json\/wp\/v2\/product_brand?post=784705"},{"taxonomy":"product_cat","embeddable":true,"href":"https:\/\/roveyayinevi.com.tr\/index.php\/wp-json\/wp\/v2\/product_cat?post=784705"},{"taxonomy":"product_tag","embeddable":true,"href":"https:\/\/roveyayinevi.com.tr\/index.php\/wp-json\/wp\/v2\/product_tag?post=784705"}],"curies":[{"name":"wp","href":"https:\/\/api.w.org\/{rel}","templated":true}]}}