{"id":784704,"date":"2026-03-13T03:15:48","date_gmt":"2026-03-13T00:15:48","guid":{"rendered":"https:\/\/roveyayinevi.com.tr\/index.php\/urun\/kehribar\/"},"modified":"2026-04-15T03:35:40","modified_gmt":"2026-04-15T00:35:40","slug":"kehribar","status":"publish","type":"product","link":"https:\/\/roveyayinevi.com.tr\/index.php\/urun\/kehribar\/","title":{"rendered":"Kehribar"},"content":{"rendered":"<p>Bir omuz ve \u00e7ocu\u011fum; Zamana, Arza, asumana. Bir omuz ver; Ufuklara, G\u00f6k kubbeye, Y\u0131ld\u0131zlar d\u00fc\u015fmesin Bir bir topra\u011fa. Bir omuz ver \u00e7ocu\u011fum; Karl\u0131 da\u011flara, Kara kara bulutlara, Y\u00fckleri ta\u015f\u0131mak zordur Tek ba\u015f\u0131na. Bir omuz ver; Akl\u0131nla, fikirlerinle, Bak\u0131\u015flar\u0131nla, d\u00fc\u015flerinle, Co\u015fkunla. Bir omuz ver \u00e7ocu\u011fum; \u0130ki kap\u0131l\u0131 han\u0131n K\u00f6hne duvarlar\u0131na. Belki de H\u0131z\u0131r omuzlar\u0131nd\u0131r, Belki de, \u2018\u00d6l\u00fcms\u00fczl\u00fck \u0130ksiri\u2019 denen \u015fey Kahramanl\u0131\u011f\u0131nd\u0131. <\/p>\n","protected":false},"excerpt":{"rendered":"<p>Bir omuz ve \u00e7ocu\u011fum; Zamana, Arza, asumana. Bir omuz ver; Ufuklara, G\u00f6k kubbeye, Y\u0131ld\u0131zlar d\u00fc\u015fmesin Bir bir topra\u011fa. Bir omuz ver \u00e7ocu\u011fum; Karl\u0131 da\u011flara, Kara kara<span class=\"excerpt-hellip\"> [\u2026]<\/span><\/p>\n","protected":false},"featured_media":0,"template":"","meta":{"_monsterinsights_skip_tracking":false,"_monsterinsights_sitenote_active":false,"_monsterinsights_sitenote_note":"","_monsterinsights_sitenote_category":0},"product_brand":[],"product_cat":[12291,12509],"product_tag":[],"class_list":{"0":"post-784704","1":"product","2":"type-product","3":"status-publish","5":"product_cat-edebiyat","6":"product_cat-siir","7":"pa_cilt-ciltsiz","8":"pa_tur-kitap","9":"pa_yayinevi-gulnar-yayinlari","10":"pa_yazar-ali-gokce","12":"first","13":"instock","14":"sale","15":"shipping-taxable","16":"purchasable","17":"product-type-simple"},"_links":{"self":[{"href":"https:\/\/roveyayinevi.com.tr\/index.php\/wp-json\/wp\/v2\/product\/784704","targetHints":{"allow":["GET"]}}],"collection":[{"href":"https:\/\/roveyayinevi.com.tr\/index.php\/wp-json\/wp\/v2\/product"}],"about":[{"href":"https:\/\/roveyayinevi.com.tr\/index.php\/wp-json\/wp\/v2\/types\/product"}],"wp:attachment":[{"href":"https:\/\/roveyayinevi.com.tr\/index.php\/wp-json\/wp\/v2\/media?parent=784704"}],"wp:term":[{"taxonomy":"product_brand","embeddable":true,"href":"https:\/\/roveyayinevi.com.tr\/index.php\/wp-json\/wp\/v2\/product_brand?post=784704"},{"taxonomy":"product_cat","embeddable":true,"href":"https:\/\/roveyayinevi.com.tr\/index.php\/wp-json\/wp\/v2\/product_cat?post=784704"},{"taxonomy":"product_tag","embeddable":true,"href":"https:\/\/roveyayinevi.com.tr\/index.php\/wp-json\/wp\/v2\/product_tag?post=784704"}],"curies":[{"name":"wp","href":"https:\/\/api.w.org\/{rel}","templated":true}]}}