{"id":784701,"date":"2026-03-12T03:47:50","date_gmt":"2026-03-12T00:47:50","guid":{"rendered":"https:\/\/roveyayinevi.com.tr\/index.php\/urun\/iktisat-ve-toplum-dergisi-185-sayi-turkiye-ekonomisinin-fotografi\/"},"modified":"2026-04-15T03:48:41","modified_gmt":"2026-04-15T00:48:41","slug":"iktisat-ve-toplum-dergisi-185-sayi-turkiye-ekonomisinin-fotografi","status":"publish","type":"product","link":"https:\/\/roveyayinevi.com.tr\/index.php\/urun\/iktisat-ve-toplum-dergisi-185-sayi-turkiye-ekonomisinin-fotografi\/","title":{"rendered":"\u0130ktisat ve Toplum Dergisi 185. Say\u0131 T\u00fcrkiye Ekonomisinin Foto\u011fraf\u0131"},"content":{"rendered":"<p>Bu say\u0131da: 2026\u2019ya Girerken T\u00fcrkiye Ekonomisinin Foto\u011fraf\u0131 Nur Keyder                 B\u00fcy\u00fck Buhran ve \u0130kinci D\u00fcnya Sava\u015f\u0131\u2019nda T\u00fcrkiye\u2019de B\u00f6lgesel Fiyatlar Fatma Do\u011fruel, Alpay Filiztekin, Burhan Can Karahasan          21. Y\u00fczy\u0131l\u0131n \u00dccret \u00c7evrimleri A. Erin\u00e7 Yeldan                      \u0130zmir\u2019de Gayrimenkul Bazl\u0131 Servet Alper Duman, Ece Tahminci, Kerem Kavruk                 Kurala Dayal\u0131 Uluslararas\u0131 Sisteme Veda Ederken Ersin Kalayc\u0131o\u011flu                   Alt\u0131n Standard\u0131 Para Sistemi Neden Da\u011f\u0131ld\u0131? Bahri Y\u0131lmaz               T\u00fcrkiye\u2019de \u00c7oklu Kriz Ortam\u0131nda Kapsay\u0131c\u0131, E\u015fitlik\u00e7i ve S\u00fcrd\u00fcr\u00fclebilir bir Ekonomi i\u00e7in \u201cYenilenen\/Yinelenen\u201d Taleplerimiz Kad\u0131n Eme\u011fi \u00c7al\u0131\u015fan Feminist Ara\u015ft\u0131rmac\u0131lar A\u011f\u0131 (KEFA)                 \u0130ktisat Doktoras\u0131nda Kad\u0131n-Erkek E\u015fitsizli\u011fi ve \u00dcretkenlik Farklar\u0131 Ali Sina \u00d6nder                        Metodolojik Ba\u011f: \u0130ktisat ve Biyoloji Arda Tunca                 T\u00fcrkiye\u2019de Milli \u0130ktisat D\u00fc\u015f\u00fcncesinin \u00d6nc\u00fclerinden Mehmet M\u00fcnir Serim: Teorik \u00c7er\u00e7eve, Metodoloji ve Kurumsal Vizyon Alaaddin Tok, Ercan Eren               \u0130ki K\u00fclt\u00fcrel Ekonominin Hikayesi III: K\u00fclt\u00fcrel Kutupla\u015fma ve Devletin K\u00fclt\u00fcr-Sanat \u00dcretimindeki Rol\u00fc Sacit Hadi Akdede<\/p>\n","protected":false},"excerpt":{"rendered":"<p>Bu say\u0131da: 2026\u2019ya Girerken T\u00fcrkiye Ekonomisinin Foto\u011fraf\u0131 Nur Keyder B\u00fcy\u00fck Buhran ve \u0130kinci D\u00fcnya Sava\u015f\u0131\u2019nda T\u00fcrkiye\u2019de B\u00f6lgesel Fiyatlar Fatma Do\u011fruel, Alpay Filiztekin, Burhan Can Karahasan 21.<span class=\"excerpt-hellip\"> [\u2026]<\/span><\/p>\n","protected":false},"featured_media":0,"template":"","meta":{"_monsterinsights_skip_tracking":false,"_monsterinsights_sitenote_active":false,"_monsterinsights_sitenote_note":"","_monsterinsights_sitenote_category":0},"product_brand":[],"product_cat":[13527],"product_tag":[],"class_list":{"0":"post-784701","1":"product","2":"type-product","3":"status-publish","5":"product_cat-sureli-yayinlar","6":"pa_cilt-ciltsiz","7":"pa_tur-dergi","8":"pa_yayinevi-efil-yayinevi-dergi","9":"pa_yazar-kolektif","11":"first","12":"instock","13":"sale","14":"shipping-taxable","15":"purchasable","16":"product-type-simple"},"_links":{"self":[{"href":"https:\/\/roveyayinevi.com.tr\/index.php\/wp-json\/wp\/v2\/product\/784701","targetHints":{"allow":["GET"]}}],"collection":[{"href":"https:\/\/roveyayinevi.com.tr\/index.php\/wp-json\/wp\/v2\/product"}],"about":[{"href":"https:\/\/roveyayinevi.com.tr\/index.php\/wp-json\/wp\/v2\/types\/product"}],"wp:attachment":[{"href":"https:\/\/roveyayinevi.com.tr\/index.php\/wp-json\/wp\/v2\/media?parent=784701"}],"wp:term":[{"taxonomy":"product_brand","embeddable":true,"href":"https:\/\/roveyayinevi.com.tr\/index.php\/wp-json\/wp\/v2\/product_brand?post=784701"},{"taxonomy":"product_cat","embeddable":true,"href":"https:\/\/roveyayinevi.com.tr\/index.php\/wp-json\/wp\/v2\/product_cat?post=784701"},{"taxonomy":"product_tag","embeddable":true,"href":"https:\/\/roveyayinevi.com.tr\/index.php\/wp-json\/wp\/v2\/product_tag?post=784701"}],"curies":[{"name":"wp","href":"https:\/\/api.w.org\/{rel}","templated":true}]}}