{"id":784694,"date":"2026-03-12T03:47:11","date_gmt":"2026-03-12T00:47:11","guid":{"rendered":"https:\/\/roveyayinevi.com.tr\/index.php\/urun\/julie-chan-oldu\/"},"modified":"2026-04-15T03:48:36","modified_gmt":"2026-04-15T00:48:36","slug":"julie-chan-oldu","status":"publish","type":"product","link":"https:\/\/roveyayinevi.com.tr\/index.php\/urun\/julie-chan-oldu\/","title":{"rendered":"Julie Chan \u00d6ld\u00fc"},"content":{"rendered":"<p>Julie Chan\u2019\u0131n hi\u00e7bir \u015feyi yok. \u0130kiz k\u0131z karde\u015finin ise atmayan nabz\u0131 d\u0131\u015f\u0131nda her \u015feyi var.Zar zor ge\u00e7inen, bir s\u00fcpermarket kasiyeri olan Julie Chan, \u00f6len ikizinin g\u00f6z al\u0131c\u0131 d\u00fcnyas\u0131na savrulur: Chloe Van Huusen, g\u00fczel, zengin ve milyonlar\u0131n hayran oldu\u011fu bir influencerd\u0131r. Julie, ikizinin cans\u0131z bedeniyle kar\u015f\u0131la\u015ft\u0131\u011f\u0131nda h\u0131zl\u0131ca karar verir: \u00f6l\u00fc k\u0131z karde\u015finin kusursuzca kurgulanm\u0131\u015f hayat\u0131na s\u0131zacakt\u0131r. L\u00fcks k\u0131yafetler, son model \u00e7antalar, pahal\u0131 cilt bak\u0131m rutinleri ve ger\u00e7e\u011fi fark etmeyen sad\u0131k bir takip\u00e7i kitlesi\u2026 Ba\u015fta her \u015fey \u015fa\u015f\u0131rt\u0131c\u0131 derecede sorunsuzdur. Julie, \u015f\u00f6hretin ve g\u00f6r\u00fcn\u00fcrl\u00fc\u011f\u00fcn sarho\u015f edici konforunu ke\u015ffeder. Ama Chloe\u2019nin hayat\u0131 g\u00f6r\u00fcnd\u00fc\u011f\u00fc gibi de\u011fildir. P\u00fcr\u00fczs\u00fcz payla\u015f\u0131mlar\u0131n ard\u0131nda paranoya, manip\u00fclasyon ve karanl\u0131k s\u0131rlar sakl\u0131d\u0131r. Julie, ikizinin son g\u00fcnlerine g\u00f6lge d\u00fc\u015f\u00fcren ger\u00e7e\u011fi \u00e7\u00f6zmeye ba\u015flad\u0131k\u00e7a, bu kusursuz hayat\u0131n asl\u0131nda tehlikeli bir tuzak oldu\u011funu fark eder. \u00d6zel bir ada ka\u00e7ama\u011f\u0131nda Chloe\u2019nin se\u00e7kin \u00e7evresiyle kapana k\u0131s\u0131lan Julie, rol\u00fcn\u00fc s\u00fcrd\u00fcrmek ve bu adadan ne olursa olsun \u00e7\u0131kmak zorundad\u0131r. Kara mizah\u0131 keskin, temposu nefes kesici, sosyal medya \u00e7a\u011f\u0131nda kimlik, k\u0131skan\u00e7l\u0131k ve g\u00f6r\u00fcn\u00fcrl\u00fc\u011f\u00fcn bedeli \u00fczerine sars\u0131c\u0131 bir psikolojik gerilim.<\/p>\n","protected":false},"excerpt":{"rendered":"<p>Julie Chan\u2019\u0131n hi\u00e7bir \u015feyi yok. \u0130kiz k\u0131z karde\u015finin ise atmayan nabz\u0131 d\u0131\u015f\u0131nda her \u015feyi var.Zar zor ge\u00e7inen, bir s\u00fcpermarket kasiyeri olan Julie Chan, \u00f6len ikizinin g\u00f6z<span class=\"excerpt-hellip\"> [\u2026]<\/span><\/p>\n","protected":false},"featured_media":0,"template":"","meta":{"_monsterinsights_skip_tracking":false,"_monsterinsights_sitenote_active":false,"_monsterinsights_sitenote_note":"","_monsterinsights_sitenote_category":0},"product_brand":[],"product_cat":[13835],"product_tag":[],"class_list":{"0":"post-784694","1":"product","2":"type-product","3":"status-publish","5":"product_cat-cok-satanlar","6":"pa_cilt-ciltsiz","7":"pa_tur-kitap","8":"pa_yayinevi-nora-kitap","9":"pa_yazar-liann-zhang","11":"first","12":"instock","13":"sale","14":"shipping-taxable","15":"purchasable","16":"product-type-simple"},"_links":{"self":[{"href":"https:\/\/roveyayinevi.com.tr\/index.php\/wp-json\/wp\/v2\/product\/784694","targetHints":{"allow":["GET"]}}],"collection":[{"href":"https:\/\/roveyayinevi.com.tr\/index.php\/wp-json\/wp\/v2\/product"}],"about":[{"href":"https:\/\/roveyayinevi.com.tr\/index.php\/wp-json\/wp\/v2\/types\/product"}],"wp:attachment":[{"href":"https:\/\/roveyayinevi.com.tr\/index.php\/wp-json\/wp\/v2\/media?parent=784694"}],"wp:term":[{"taxonomy":"product_brand","embeddable":true,"href":"https:\/\/roveyayinevi.com.tr\/index.php\/wp-json\/wp\/v2\/product_brand?post=784694"},{"taxonomy":"product_cat","embeddable":true,"href":"https:\/\/roveyayinevi.com.tr\/index.php\/wp-json\/wp\/v2\/product_cat?post=784694"},{"taxonomy":"product_tag","embeddable":true,"href":"https:\/\/roveyayinevi.com.tr\/index.php\/wp-json\/wp\/v2\/product_tag?post=784694"}],"curies":[{"name":"wp","href":"https:\/\/api.w.org\/{rel}","templated":true}]}}