{"id":784688,"date":"2026-03-12T03:46:54","date_gmt":"2026-03-12T00:46:54","guid":{"rendered":"https:\/\/roveyayinevi.com.tr\/index.php\/urun\/ferrante-mektuplarikolektif-elestiri-deneyi\/"},"modified":"2026-04-15T03:47:51","modified_gmt":"2026-04-15T00:47:51","slug":"ferrante-mektuplarikolektif-elestiri-deneyi","status":"publish","type":"product","link":"https:\/\/roveyayinevi.com.tr\/index.php\/urun\/ferrante-mektuplarikolektif-elestiri-deneyi\/","title":{"rendered":"Ferrante Mektuplar\u0131;Kolektif Ele\u015ftiri Deneyi"},"content":{"rendered":"<p>Napoli Romanlar\u0131\u2019na d\u00f6rt farkl\u0131pencereden, tek bir y\u00fcrekle bak\u0131\u015fElena Ferrante\u2019nin Napoli Romanlar\u0131, d\u00fcnya \u00e7ap\u0131nda milyonlarca okuru sarst\u0131, \u201cFerrante hummas\u0131\u201d bir fenomene d\u00f6n\u00fc\u015ft\u00fc. Peki, d\u00f6rt parlak edebiyat\u00e7\u0131 ve akademisyen \u2013Sarah Chihaya, Merve Emre, Katherine Hill ve Jill Richards\u2013 bu k\u00fclliyat\u0131 tart\u0131\u015fmak, ama bunu al\u0131\u015f\u0131lm\u0131\u015f\u0131n d\u0131\u015f\u0131nda bir y\u00f6ntemle yapmak \u00fczere bir araya gelirse ne olur?Elena Ferrante\u2019nin s\u0131k\u00e7a i\u015fledi\u011fi \u201csmarginatura\u201d (s\u0131n\u0131rlar\u0131n erimesi) kavram\u0131,bu kitapla birlikte sadece bir roman temas\u0131 olmaktan \u00e7\u0131k\u0131p radikal bir okuma y\u00f6ntemine d\u00f6n\u00fc\u015f\u00fcyor.Elinizdeki kitapta yazarlar, mesafeli bir ele\u015ftiri dili yerine Ferrante\u2019nin d\u00fcnyas\u0131na en \u00e7ok yak\u0131\u015fan formu; mektupla\u015fmay\u0131 se\u00e7iyor. Birbirlerine yazd\u0131klar\u0131 bu metinlerde, romanlar\u0131n edebi derinli\u011fini analiz ederken s\u0131n\u0131rlar\u0131 ihlal ediyorlar; ele\u015ftiriye kendi hayatlar\u0131n\u0131, annelik deneyimlerini, akademik kariyerlerini ve en \u00f6nemlisi kendi dostluklar\u0131n\u0131 dahil ediyorlar.T\u0131pk\u0131 Lila ve Len\u00f9\u2019nun birbirini \u015fekillendirmesi gibi, bu d\u00f6rt yazar da \u201ckolektif ele\u015ftiri\u201d ad\u0131n\u0131 verdikleri bir deneyle birbirlerinin d\u00fc\u015f\u00fcncelerini yo\u011furuyor. Ortaya \u00e7\u0131kan eser, okuman\u0131n, yazman\u0131n ve kad\u0131n dostlu\u011funun radikal g\u00fcc\u00fcne dair heyecan verici bir manifesto niteli\u011finde.Ferrante Mektuplar\u0131, edebiyat\u0131n sadece kitap sayfalar\u0131nda kalmad\u0131\u011f\u0131n\u0131, hayat\u0131n tam merkezine nas\u0131l yerle\u015fti\u011fini g\u00f6steren, ya\u015fayan bir metin.Ferrante hayranlar\u0131 ve edebiyat\u0131n \u201cbirlikte\u201d nas\u0131l deneyimlendi\u011fini merak edenler i\u00e7in, T\u00fcrk\u00e7ede ilk kez&#8230;<\/p>\n","protected":false},"excerpt":{"rendered":"<p>Napoli Romanlar\u0131\u2019na d\u00f6rt farkl\u0131pencereden, tek bir y\u00fcrekle bak\u0131\u015fElena Ferrante\u2019nin Napoli Romanlar\u0131, d\u00fcnya \u00e7ap\u0131nda milyonlarca okuru sarst\u0131, \u201cFerrante hummas\u0131\u201d bir fenomene d\u00f6n\u00fc\u015ft\u00fc. Peki, d\u00f6rt parlak edebiyat\u00e7\u0131 ve<span class=\"excerpt-hellip\"> [\u2026]<\/span><\/p>\n","protected":false},"featured_media":0,"template":"","meta":{"_monsterinsights_skip_tracking":false,"_monsterinsights_sitenote_active":false,"_monsterinsights_sitenote_note":"","_monsterinsights_sitenote_category":0},"product_brand":[],"product_cat":[12777,12291],"product_tag":[],"class_list":{"0":"post-784688","1":"product","2":"type-product","3":"status-publish","5":"product_cat-deneme","6":"product_cat-edebiyat","7":"pa_cilt-ciltsiz","8":"pa_tur-kitap","9":"pa_yayinevi-everest-yayinlari","10":"pa_yazar-sarah-chihaya","12":"first","13":"instock","14":"sale","15":"shipping-taxable","16":"purchasable","17":"product-type-simple"},"_links":{"self":[{"href":"https:\/\/roveyayinevi.com.tr\/index.php\/wp-json\/wp\/v2\/product\/784688","targetHints":{"allow":["GET"]}}],"collection":[{"href":"https:\/\/roveyayinevi.com.tr\/index.php\/wp-json\/wp\/v2\/product"}],"about":[{"href":"https:\/\/roveyayinevi.com.tr\/index.php\/wp-json\/wp\/v2\/types\/product"}],"wp:attachment":[{"href":"https:\/\/roveyayinevi.com.tr\/index.php\/wp-json\/wp\/v2\/media?parent=784688"}],"wp:term":[{"taxonomy":"product_brand","embeddable":true,"href":"https:\/\/roveyayinevi.com.tr\/index.php\/wp-json\/wp\/v2\/product_brand?post=784688"},{"taxonomy":"product_cat","embeddable":true,"href":"https:\/\/roveyayinevi.com.tr\/index.php\/wp-json\/wp\/v2\/product_cat?post=784688"},{"taxonomy":"product_tag","embeddable":true,"href":"https:\/\/roveyayinevi.com.tr\/index.php\/wp-json\/wp\/v2\/product_tag?post=784688"}],"curies":[{"name":"wp","href":"https:\/\/api.w.org\/{rel}","templated":true}]}}