{"id":784687,"date":"2026-03-12T03:46:50","date_gmt":"2026-03-12T00:46:50","guid":{"rendered":"https:\/\/roveyayinevi.com.tr\/index.php\/urun\/kan-kitaplari-5\/"},"modified":"2026-04-15T03:47:51","modified_gmt":"2026-04-15T00:47:51","slug":"kan-kitaplari-5","status":"publish","type":"product","link":"https:\/\/roveyayinevi.com.tr\/index.php\/urun\/kan-kitaplari-5\/","title":{"rendered":"Kan Kitaplar\u0131 5"},"content":{"rendered":"<p>Korku edebiyat\u0131n\u0131n ya\u015fayan en b\u00fcy\u00fck ustalar\u0131ndan olan ve Hellraiser\u2019\u0131n, unutulmaz Pin Head\u2019in yarat\u0131c\u0131s\u0131 Clive Barker\u2019\u0131n alt\u0131 kitapl\u0131k Kan Kitaplar\u0131 serisinin be\u015finci kitab\u0131\u015fu an elinizde.Okuru hayalg\u00fcc\u00fcn\u00fcn eri\u015febilece\u011fi en kanl\u0131 s\u0131n\u0131rlarda gezdiren bu be\u015f \u00f6yk\u00fcde, sinemaya ilk kez 1992 y\u0131l\u0131nda uyarlanan \u015eeker Adam efsanesini, terk edilmi\u015f bir tesiste ya\u015fayan do\u011fa\u00fcst\u00fc bir varl\u0131\u011f\u0131n gizemini, bir Yunan adas\u0131nda kendini garip bir manast\u0131rda bulan bir turist kad\u0131n\u0131n maceralar\u0131n\u0131 ve yeni gelen esrarengiz h\u00fccre arkada\u015f\u0131na yard\u0131m etmeye \u00e7al\u0131\u015f\u0131rken beklenmedik bir deh\u015fetle kar\u015f\u0131 kar\u015f\u0131ya kalan bir mahk\u00fbmun ba\u015f\u0131na gelenleri bulacaks\u0131n\u0131z.   Yazar\u0131n deyi\u015fiyle, \u201cHerkes birer kan kitab\u0131d\u0131r; neremizden a\u00e7\u0131lsak k\u0131rm\u0131z\u0131y\u0131zd\u0131r.\u201d\u201cBarker yapt\u0131\u011f\u0131 \u015feyle hepimizin son on y\u0131ld\u0131r uyuyormu\u015fuz gibi g\u00f6r\u00fcnmesine yol a\u00e7\u0131yor.\u201d\u2013Stephen King\u201cBarker en ba\u015f\u0131ndan e\u015fsiz bir yazar oldu\u011funu belli etti.\u201d  \u2013Locus<\/p>\n","protected":false},"excerpt":{"rendered":"<p>Korku edebiyat\u0131n\u0131n ya\u015fayan en b\u00fcy\u00fck ustalar\u0131ndan olan ve Hellraiser\u2019\u0131n, unutulmaz Pin Head\u2019in yarat\u0131c\u0131s\u0131 Clive Barker\u2019\u0131n alt\u0131 kitapl\u0131k Kan Kitaplar\u0131 serisinin be\u015finci kitab\u0131\u015fu an elinizde.Okuru hayalg\u00fcc\u00fcn\u00fcn eri\u015febilece\u011fi<span class=\"excerpt-hellip\"> [\u2026]<\/span><\/p>\n","protected":false},"featured_media":0,"template":"","meta":{"_monsterinsights_skip_tracking":false,"_monsterinsights_sitenote_active":false,"_monsterinsights_sitenote_note":"","_monsterinsights_sitenote_category":0},"product_brand":[],"product_cat":[12291,17033],"product_tag":[],"class_list":{"0":"post-784687","1":"product","2":"type-product","3":"status-publish","5":"product_cat-edebiyat","6":"product_cat-korku-gerilim","7":"pa_cilt-ciltsiz","8":"pa_tur-kitap","9":"pa_yayinevi-alfa-yayinlari","10":"pa_yazar-clive-barker","12":"first","13":"instock","14":"sale","15":"shipping-taxable","16":"purchasable","17":"product-type-simple"},"_links":{"self":[{"href":"https:\/\/roveyayinevi.com.tr\/index.php\/wp-json\/wp\/v2\/product\/784687","targetHints":{"allow":["GET"]}}],"collection":[{"href":"https:\/\/roveyayinevi.com.tr\/index.php\/wp-json\/wp\/v2\/product"}],"about":[{"href":"https:\/\/roveyayinevi.com.tr\/index.php\/wp-json\/wp\/v2\/types\/product"}],"wp:attachment":[{"href":"https:\/\/roveyayinevi.com.tr\/index.php\/wp-json\/wp\/v2\/media?parent=784687"}],"wp:term":[{"taxonomy":"product_brand","embeddable":true,"href":"https:\/\/roveyayinevi.com.tr\/index.php\/wp-json\/wp\/v2\/product_brand?post=784687"},{"taxonomy":"product_cat","embeddable":true,"href":"https:\/\/roveyayinevi.com.tr\/index.php\/wp-json\/wp\/v2\/product_cat?post=784687"},{"taxonomy":"product_tag","embeddable":true,"href":"https:\/\/roveyayinevi.com.tr\/index.php\/wp-json\/wp\/v2\/product_tag?post=784687"}],"curies":[{"name":"wp","href":"https:\/\/api.w.org\/{rel}","templated":true}]}}