{"id":784684,"date":"2026-03-12T03:46:44","date_gmt":"2026-03-12T00:46:44","guid":{"rendered":"https:\/\/roveyayinevi.com.tr\/index.php\/urun\/olum-beni-bulana-dek\/"},"modified":"2026-04-15T03:47:51","modified_gmt":"2026-04-15T00:47:51","slug":"olum-beni-bulana-dek","status":"publish","type":"product","link":"https:\/\/roveyayinevi.com.tr\/index.php\/urun\/olum-beni-bulana-dek\/","title":{"rendered":"\u00d6l\u00fcm Beni Bulana Dek"},"content":{"rendered":"<p>Kendi Cinayetini \u00c7\u00f6zmeye \u00c7al\u0131\u015fan Gen\u00e7 Bir Kad\u0131n\u0131n Nefes Kesici Hik\u00e2yesi!WoodStock\u2019\u0131n en varl\u0131kl\u0131 ailelerinden birinin k\u0131z\u0131 olan 27 ya\u015f\u0131ndaki Jet Mason, hayat\u0131n\u0131 hep erteleyerek ya\u015fam\u0131\u015ft\u0131r. Ancak art\u0131k sand\u0131\u011f\u0131 kadar zaman\u0131 olmad\u0131\u011f\u0131n\u0131 \u00f6\u011frenir.Cad\u0131lar Bayram\u0131 gecesi u\u011frad\u0131\u011f\u0131 vah\u015fi sald\u0131r\u0131 Jet\u2019in beyninde \u00f6l\u00fcmc\u00fcl bir hasara yol a\u00e7ar. Doktorlara g\u00f6re a\u011f\u0131r bir anevrizma nedeniyle en ge\u00e7 bir hafta i\u00e7inde \u00f6lecektir. Jet bug\u00fcne dek hi\u00e7 d\u00fc\u015fman\u0131 olmad\u0131\u011f\u0131ndan emindir; yine de yakla\u015fan son, onu hayat\u0131ndaki herkesi yeniden sorgulamayazorlar. Ailesi, bir zamanlar en yak\u0131n oldu\u011fu arkada\u015f\u0131, eski sevgilisi, hatta abisi bile art\u0131k \u015f\u00fcpheliler aras\u0131ndad\u0131r.Tek g\u00fcvendi\u011fi insansa, \u00e7ocukluk arkada\u015f\u0131 Billy\u2019dir ve Jet bu d\u00fcnyadaki son g\u00fcnlerini onunla birlikte kendi cinayetinin ard\u0131ndaki s\u0131r perdesini kald\u0131rmakla ge\u00e7irmek istiyor.Zaman daral\u0131rken, s\u0131rlar birer birer a\u00e7\u0131\u011fa \u00e7\u0131kar\u2026 Ve Jet, \u00f6lmeden \u00f6nce ger\u00e7e\u011fe ula\u015fmak zorundad\u0131r.New York Times \u00c7oksatanlar\u0131n Zirvedeki \u0130smi Holly Jackson&#8217;dan Bol S\u00fcrprizli Bir Gerilim Roman\u0131.\u201cDuygusal derinli\u011fin gerilimi besledi\u011fi bu roman, s\u00fcr\u00fckleyici kurgusuyla gerilim severler i\u00e7in m\u00fckemmel<\/p>\n","protected":false},"excerpt":{"rendered":"<p>Kendi Cinayetini \u00c7\u00f6zmeye \u00c7al\u0131\u015fan Gen\u00e7 Bir Kad\u0131n\u0131n Nefes Kesici Hik\u00e2yesi!WoodStock\u2019\u0131n en varl\u0131kl\u0131 ailelerinden birinin k\u0131z\u0131 olan 27 ya\u015f\u0131ndaki Jet Mason, hayat\u0131n\u0131 hep erteleyerek ya\u015fam\u0131\u015ft\u0131r. Ancak art\u0131k<span class=\"excerpt-hellip\"> [\u2026]<\/span><\/p>\n","protected":false},"featured_media":0,"template":"","meta":{"_monsterinsights_skip_tracking":false,"_monsterinsights_sitenote_active":false,"_monsterinsights_sitenote_note":"","_monsterinsights_sitenote_category":0},"product_brand":[],"product_cat":[13835],"product_tag":[],"class_list":{"0":"post-784684","1":"product","2":"type-product","3":"status-publish","5":"product_cat-cok-satanlar","6":"pa_cilt-ciltsiz","7":"pa_tur-kitap","8":"pa_yayinevi-epsilon-yayinlari","9":"pa_yazar-holly-jackson","11":"first","12":"instock","13":"sale","14":"shipping-taxable","15":"purchasable","16":"product-type-simple"},"_links":{"self":[{"href":"https:\/\/roveyayinevi.com.tr\/index.php\/wp-json\/wp\/v2\/product\/784684","targetHints":{"allow":["GET"]}}],"collection":[{"href":"https:\/\/roveyayinevi.com.tr\/index.php\/wp-json\/wp\/v2\/product"}],"about":[{"href":"https:\/\/roveyayinevi.com.tr\/index.php\/wp-json\/wp\/v2\/types\/product"}],"wp:attachment":[{"href":"https:\/\/roveyayinevi.com.tr\/index.php\/wp-json\/wp\/v2\/media?parent=784684"}],"wp:term":[{"taxonomy":"product_brand","embeddable":true,"href":"https:\/\/roveyayinevi.com.tr\/index.php\/wp-json\/wp\/v2\/product_brand?post=784684"},{"taxonomy":"product_cat","embeddable":true,"href":"https:\/\/roveyayinevi.com.tr\/index.php\/wp-json\/wp\/v2\/product_cat?post=784684"},{"taxonomy":"product_tag","embeddable":true,"href":"https:\/\/roveyayinevi.com.tr\/index.php\/wp-json\/wp\/v2\/product_tag?post=784684"}],"curies":[{"name":"wp","href":"https:\/\/api.w.org\/{rel}","templated":true}]}}