{"id":784681,"date":"2026-03-12T03:46:37","date_gmt":"2026-03-12T00:46:37","guid":{"rendered":"https:\/\/roveyayinevi.com.tr\/index.php\/urun\/bir-baliga-agaca-cikmayi-ogretebilir-misiniz\/"},"modified":"2026-04-15T03:47:49","modified_gmt":"2026-04-15T00:47:49","slug":"bir-baliga-agaca-cikmayi-ogretebilir-misiniz","status":"publish","type":"product","link":"https:\/\/roveyayinevi.com.tr\/index.php\/urun\/bir-baliga-agaca-cikmayi-ogretebilir-misiniz\/","title":{"rendered":"Bir Bal\u0131\u011fa A\u011faca \u00c7\u0131kmay\u0131 \u00d6\u011fretebilir misiniz.?"},"content":{"rendered":"<p>\u201cAsl\u0131nda herkes d\u00e2hidir. Ama siz bir bal\u0131\u011f\u0131 a\u011faca t\u0131rmanma yetene\u011fine g\u00f6re de\u011ferlendirmeye kalkarsan\u0131z, bal\u0131k t\u00fcm ya\u015fam\u0131n\u0131 yetersiz oldu\u011funa inanarak ge\u00e7irir.\u201d\u2013 ALBERT EINSTEIN \u2190 (ya da bir ba\u015fkas\u0131\u2026 \u00c7\u00fcnk\u00fc bu s\u00f6z\u00fcn Einstein\u2019a ait oldu\u011fu do\u011frulanamad\u0131!) S\u00f6yleyin\u2026 bal\u0131klar a\u011faca t\u0131rmanabilir mi?Atlar araba kullanabilir mi? Ya da bebekler kek pi\u015firebilir mi? Evet bunlar\u0131 yapamazlar ama yapabildikleri ba\u015fka bir\u00e7ok harika \u015fey var, de\u011fil mi?Jane Godwin ile Terry Denton\u2019dan, insan\u0131n ba\u015fkas\u0131 gibi davranmaya \u00e7al\u0131\u015fmak yerine kendini oldu\u011fu gibi kabul etmesinin getirdi\u011fi g\u00fcc\u00fc ve mutlulu\u011fu anlatan ilgin\u00e7, ilham verici bir \u00f6yk\u00fc.<\/p>\n","protected":false},"excerpt":{"rendered":"<p>\u201cAsl\u0131nda herkes d\u00e2hidir. Ama siz bir bal\u0131\u011f\u0131 a\u011faca t\u0131rmanma yetene\u011fine g\u00f6re de\u011ferlendirmeye kalkarsan\u0131z, bal\u0131k t\u00fcm ya\u015fam\u0131n\u0131 yetersiz oldu\u011funa inanarak ge\u00e7irir.\u201d\u2013 ALBERT EINSTEIN \u2190 (ya da bir<span class=\"excerpt-hellip\"> [\u2026]<\/span><\/p>\n","protected":false},"featured_media":0,"template":"","meta":{"_monsterinsights_skip_tracking":false,"_monsterinsights_sitenote_active":false,"_monsterinsights_sitenote_note":"","_monsterinsights_sitenote_category":0},"product_brand":[],"product_cat":[12274,12518],"product_tag":[],"class_list":{"0":"post-784681","1":"product","2":"type-product","3":"status-publish","5":"product_cat-cocuk-ve-genclik-kitaplari","6":"product_cat-okul-oncesi-kitaplar","7":"pa_cilt-ciltsiz","8":"pa_tur-kitap","9":"pa_yayinevi-koc-universitesi-yayinlari","10":"pa_yazar-jane-godwin","12":"first","13":"instock","14":"sale","15":"shipping-taxable","16":"purchasable","17":"product-type-simple"},"_links":{"self":[{"href":"https:\/\/roveyayinevi.com.tr\/index.php\/wp-json\/wp\/v2\/product\/784681","targetHints":{"allow":["GET"]}}],"collection":[{"href":"https:\/\/roveyayinevi.com.tr\/index.php\/wp-json\/wp\/v2\/product"}],"about":[{"href":"https:\/\/roveyayinevi.com.tr\/index.php\/wp-json\/wp\/v2\/types\/product"}],"wp:attachment":[{"href":"https:\/\/roveyayinevi.com.tr\/index.php\/wp-json\/wp\/v2\/media?parent=784681"}],"wp:term":[{"taxonomy":"product_brand","embeddable":true,"href":"https:\/\/roveyayinevi.com.tr\/index.php\/wp-json\/wp\/v2\/product_brand?post=784681"},{"taxonomy":"product_cat","embeddable":true,"href":"https:\/\/roveyayinevi.com.tr\/index.php\/wp-json\/wp\/v2\/product_cat?post=784681"},{"taxonomy":"product_tag","embeddable":true,"href":"https:\/\/roveyayinevi.com.tr\/index.php\/wp-json\/wp\/v2\/product_tag?post=784681"}],"curies":[{"name":"wp","href":"https:\/\/api.w.org\/{rel}","templated":true}]}}