{"id":784678,"date":"2026-03-12T03:46:29","date_gmt":"2026-03-12T00:46:29","guid":{"rendered":"https:\/\/roveyayinevi.com.tr\/index.php\/urun\/oliver-twist-oliver-twist-ingilizce-ogreniyorum-iki-dilli-kitaplar\/"},"modified":"2026-04-15T03:47:49","modified_gmt":"2026-04-15T00:47:49","slug":"oliver-twist-oliver-twist-ingilizce-ogreniyorum-iki-dilli-kitaplar","status":"publish","type":"product","link":"https:\/\/roveyayinevi.com.tr\/index.php\/urun\/oliver-twist-oliver-twist-ingilizce-ogreniyorum-iki-dilli-kitaplar\/","title":{"rendered":"Oliver Twist \u2013 Oliver Twist \u0130ngilizce \u00d6\u011freniyorum \/ \u0130ki Dilli Kitaplar"},"content":{"rendered":"<p>A retelling of Charles Dickens\u2019 classic novel Oliver Twist. The strory is about a boy who travels to London with dreams of a new life. Follow Oliver\u2019s adventures as he meets the criminal Fagin, the terrifying Bill Sykes and tries to find his place in a world filled with good and evil. Charles Dickens\u2019\u0131n klasik roman\u0131 Oliver Twist\u2019in yeniden anlat\u0131m\u0131. Hik\u00e2yede, yeni bir ya\u015fam hayaliyle Londra\u2019ya giden bir \u00e7ocu\u011fun ba\u015f\u0131ndan ge\u00e7enler anlat\u0131l\u0131yor. Sab\u0131kal\u0131 Fagin ve korkun\u00e7 Bill Skyes ile tan\u0131\u015ft\u0131ktan sonra iyilikler ve k\u00f6t\u00fcl\u00fcklerle dolu d\u00fcnyada kendine bir yer edinmeye \u00e7al\u0131\u015fan Oliver\u2019\u0131n maceralar\u0131 seni bekliyor. Can you spot this rat on the pages? There are 19 rats to find. Bakal\u0131m sayfalarda bu s\u0131\u00e7an\u0131 bulabilecek misin? Bulunmas\u0131 gereken 19 tane s\u0131\u00e7an var.<\/p>\n","protected":false},"excerpt":{"rendered":"<p>A retelling of Charles Dickens\u2019 classic novel Oliver Twist. The strory is about a boy who travels to London with dreams of a new life. Follow<span class=\"excerpt-hellip\"> [\u2026]<\/span><\/p>\n","protected":false},"featured_media":0,"template":"","meta":{"_monsterinsights_skip_tracking":false,"_monsterinsights_sitenote_active":false,"_monsterinsights_sitenote_note":"","_monsterinsights_sitenote_category":0},"product_brand":[],"product_cat":[12274,15842],"product_tag":[],"class_list":{"0":"post-784678","1":"product","2":"type-product","3":"status-publish","5":"product_cat-cocuk-ve-genclik-kitaplari","6":"product_cat-egitici-kitaplar","7":"pa_cilt-ciltsiz","8":"pa_tur-kitap","9":"pa_yayinevi-koc-universitesi-yayinlari","10":"pa_yazar-charles-dickens","12":"first","13":"instock","14":"sale","15":"shipping-taxable","16":"purchasable","17":"product-type-simple"},"_links":{"self":[{"href":"https:\/\/roveyayinevi.com.tr\/index.php\/wp-json\/wp\/v2\/product\/784678","targetHints":{"allow":["GET"]}}],"collection":[{"href":"https:\/\/roveyayinevi.com.tr\/index.php\/wp-json\/wp\/v2\/product"}],"about":[{"href":"https:\/\/roveyayinevi.com.tr\/index.php\/wp-json\/wp\/v2\/types\/product"}],"wp:attachment":[{"href":"https:\/\/roveyayinevi.com.tr\/index.php\/wp-json\/wp\/v2\/media?parent=784678"}],"wp:term":[{"taxonomy":"product_brand","embeddable":true,"href":"https:\/\/roveyayinevi.com.tr\/index.php\/wp-json\/wp\/v2\/product_brand?post=784678"},{"taxonomy":"product_cat","embeddable":true,"href":"https:\/\/roveyayinevi.com.tr\/index.php\/wp-json\/wp\/v2\/product_cat?post=784678"},{"taxonomy":"product_tag","embeddable":true,"href":"https:\/\/roveyayinevi.com.tr\/index.php\/wp-json\/wp\/v2\/product_tag?post=784678"}],"curies":[{"name":"wp","href":"https:\/\/api.w.org\/{rel}","templated":true}]}}