{"id":784667,"date":"2026-03-12T03:45:54","date_gmt":"2026-03-12T00:45:54","guid":{"rendered":"https:\/\/roveyayinevi.com.tr\/index.php\/urun\/ari-meli\/"},"modified":"2026-04-15T03:47:38","modified_gmt":"2026-04-15T00:47:38","slug":"ari-meli","status":"publish","type":"product","link":"https:\/\/roveyayinevi.com.tr\/index.php\/urun\/ari-meli\/","title":{"rendered":"Ar\u0131 Meli"},"content":{"rendered":"<p>K\u00fc\u00e7\u00fck ar\u0131 Meli, ar\u0131 kovan\u0131ndan ayr\u0131l\u0131p g\u00fcne\u015fi, g\u00f6ky\u00fcz\u00fcn\u00fc ve \u00e7i\u00e7ekleri g\u00f6rmeyi \u00e7ok istiyordu. Bir g\u00fcn, ar\u0131 kovan\u0131 sald\u0131r\u0131ya u\u011frad\u0131\u011f\u0131nda Meli nihayet d\u0131\u015far\u0131 \u00e7\u0131k\u0131p d\u00fcnyay\u0131 ke\u015ffetme \u015fans\u0131 yakalad\u0131.<\/p>\n","protected":false},"excerpt":{"rendered":"<p>K\u00fc\u00e7\u00fck ar\u0131 Meli, ar\u0131 kovan\u0131ndan ayr\u0131l\u0131p g\u00fcne\u015fi, g\u00f6ky\u00fcz\u00fcn\u00fc ve \u00e7i\u00e7ekleri g\u00f6rmeyi \u00e7ok istiyordu. Bir g\u00fcn, ar\u0131 kovan\u0131 sald\u0131r\u0131ya u\u011frad\u0131\u011f\u0131nda Meli nihayet d\u0131\u015far\u0131 \u00e7\u0131k\u0131p d\u00fcnyay\u0131 ke\u015ffetme \u015fans\u0131<span class=\"excerpt-hellip\"> [\u2026]<\/span><\/p>\n","protected":false},"featured_media":0,"template":"","meta":{"_monsterinsights_skip_tracking":false,"_monsterinsights_sitenote_active":false,"_monsterinsights_sitenote_note":"","_monsterinsights_sitenote_category":0},"product_brand":[],"product_cat":[12274,12284],"product_tag":[],"class_list":{"0":"post-784667","1":"product","2":"type-product","3":"status-publish","5":"product_cat-cocuk-ve-genclik-kitaplari","6":"product_cat-hikayeler","7":"pa_cilt-ciltsiz","8":"pa_tur-kitap","9":"pa_yayinevi-eksik-parca-yayinlari","10":"pa_yazar-isabelle-maquoy","12":"first","13":"instock","14":"sale","15":"shipping-taxable","16":"purchasable","17":"product-type-simple"},"_links":{"self":[{"href":"https:\/\/roveyayinevi.com.tr\/index.php\/wp-json\/wp\/v2\/product\/784667","targetHints":{"allow":["GET"]}}],"collection":[{"href":"https:\/\/roveyayinevi.com.tr\/index.php\/wp-json\/wp\/v2\/product"}],"about":[{"href":"https:\/\/roveyayinevi.com.tr\/index.php\/wp-json\/wp\/v2\/types\/product"}],"wp:attachment":[{"href":"https:\/\/roveyayinevi.com.tr\/index.php\/wp-json\/wp\/v2\/media?parent=784667"}],"wp:term":[{"taxonomy":"product_brand","embeddable":true,"href":"https:\/\/roveyayinevi.com.tr\/index.php\/wp-json\/wp\/v2\/product_brand?post=784667"},{"taxonomy":"product_cat","embeddable":true,"href":"https:\/\/roveyayinevi.com.tr\/index.php\/wp-json\/wp\/v2\/product_cat?post=784667"},{"taxonomy":"product_tag","embeddable":true,"href":"https:\/\/roveyayinevi.com.tr\/index.php\/wp-json\/wp\/v2\/product_tag?post=784667"}],"curies":[{"name":"wp","href":"https:\/\/api.w.org\/{rel}","templated":true}]}}