{"id":784664,"date":"2026-03-12T03:45:43","date_gmt":"2026-03-12T00:45:43","guid":{"rendered":"https:\/\/roveyayinevi.com.tr\/index.php\/urun\/ihtilal-4-zefir\/"},"modified":"2026-04-15T03:47:38","modified_gmt":"2026-04-15T00:47:38","slug":"ihtilal-4-zefir","status":"publish","type":"product","link":"https:\/\/roveyayinevi.com.tr\/index.php\/urun\/ihtilal-4-zefir\/","title":{"rendered":"\u0130htilal 4 &#8211; Zefir"},"content":{"rendered":"<p>Mavi bir r\u00fczg\u00e2r, sessizce esmeye ba\u015flad\u0131\u011f\u0131nda karayelin ard\u0131ndan f\u0131rt\u0131nan\u0131n gelece\u011fini hissedebiliyorlard\u0131. Gurur, yakla\u015fan f\u0131rt\u0131nay\u0131 herkesten \u00f6nce sezer. Tehlike, Zeliha&#8217;n\u0131n etraf\u0131nda dolanan g\u00f6r\u00fcnmez bir g\u00f6lge gibidir. Bu his, Gurur&#8217;u daha sert, daha tetikte, daha y\u0131k\u0131c\u0131 bir adama d\u00f6n\u00fc\u015ft\u00fcrmeye ba\u015flar. Hissetti\u011fi a\u015fk, koruma g\u00fcd\u00fcs\u00fcn\u00fc g\u00fc\u00e7lendirdik\u00e7e aralar\u0131ndaki duygular kimi zaman \u00e7alkalanacakt\u0131r.Ve sonra mavi r\u00fczg\u00e2r birdenbire b\u0131\u00e7ak gibi kesilerek susar.Sessizlik, karayelin bak\u0131\u015flar\u0131n\u0131 f\u0131rt\u0131naya \u00e7evirmesiyle bir anda kaosa d\u00f6n\u00fc\u015f\u00fcr.Zeliha\u2019n\u0131n bedenine saplanan b\u0131\u00e7ak yaln\u0131zca teni de\u011fil, zaman\u0131 da keser. O anla birlikte Gurur\u2019un i\u00e7indeki d\u00fcnya ikiye ayr\u0131l\u0131r: \u00d6ncesi ve sonras\u0131. Merhamet, yerini durdurulamaz bir \u00f6fkeye, usulca b\u00fcy\u00fcyen bir delili\u011fe b\u0131rak\u0131r; sab\u0131r, kanla yaz\u0131lacak bir intikam\u0131n ilk kurban\u0131 olur. Gurur, karayelin y\u00f6n\u00fcn\u00fc de\u011fi\u015ftirir ve kaderin \u00f6n\u00fcne geri d\u00f6n\u00fc\u015f\u00fc, aff\u0131 olmayan bir plan serer.Tam da her \u015fey karard\u0131\u011f\u0131nda g\u00f6ky\u00fcz\u00fcnde zay\u0131f bir \u0131\u015f\u0131k titrer.Bir y\u0131ld\u0131z\u2026Umudun h\u00e2l\u00e2 bir yerlerde nefes alabildi\u011fini f\u0131s\u0131ldayan k\u0131r\u0131lgan bir i\u015faret.Ama bu umut, en ufak bir sars\u0131nt\u0131da s\u00f6nebilecek kadar savunmas\u0131z, \u00f6l\u00fcme fazlas\u0131yla yak\u0131nd\u0131r.Ay da s\u00f6nse, g\u00fcne\u015f de donsa, ben de \u00f6lsem, sen onu korumak zorundas\u0131n.<\/p>\n","protected":false},"excerpt":{"rendered":"<p>Mavi bir r\u00fczg\u00e2r, sessizce esmeye ba\u015flad\u0131\u011f\u0131nda karayelin ard\u0131ndan f\u0131rt\u0131nan\u0131n gelece\u011fini hissedebiliyorlard\u0131. Gurur, yakla\u015fan f\u0131rt\u0131nay\u0131 herkesten \u00f6nce sezer. Tehlike, Zeliha&#8217;n\u0131n etraf\u0131nda dolanan g\u00f6r\u00fcnmez bir g\u00f6lge gibidir. Bu<span class=\"excerpt-hellip\"> [\u2026]<\/span><\/p>\n","protected":false},"featured_media":0,"template":"","meta":{"_monsterinsights_skip_tracking":false,"_monsterinsights_sitenote_active":false,"_monsterinsights_sitenote_note":"","_monsterinsights_sitenote_category":0},"product_brand":[],"product_cat":[12291,12711],"product_tag":[],"class_list":{"0":"post-784664","1":"product","2":"type-product","3":"status-publish","5":"product_cat-edebiyat","6":"product_cat-roman-oyku","7":"pa_cilt-ciltsiz","8":"pa_tur-kitap","9":"pa_yayinevi-dokuz-yayinlari","10":"pa_yazar-binnur-safak-nigiz","12":"first","13":"instock","14":"sale","15":"shipping-taxable","16":"purchasable","17":"product-type-simple"},"_links":{"self":[{"href":"https:\/\/roveyayinevi.com.tr\/index.php\/wp-json\/wp\/v2\/product\/784664","targetHints":{"allow":["GET"]}}],"collection":[{"href":"https:\/\/roveyayinevi.com.tr\/index.php\/wp-json\/wp\/v2\/product"}],"about":[{"href":"https:\/\/roveyayinevi.com.tr\/index.php\/wp-json\/wp\/v2\/types\/product"}],"wp:attachment":[{"href":"https:\/\/roveyayinevi.com.tr\/index.php\/wp-json\/wp\/v2\/media?parent=784664"}],"wp:term":[{"taxonomy":"product_brand","embeddable":true,"href":"https:\/\/roveyayinevi.com.tr\/index.php\/wp-json\/wp\/v2\/product_brand?post=784664"},{"taxonomy":"product_cat","embeddable":true,"href":"https:\/\/roveyayinevi.com.tr\/index.php\/wp-json\/wp\/v2\/product_cat?post=784664"},{"taxonomy":"product_tag","embeddable":true,"href":"https:\/\/roveyayinevi.com.tr\/index.php\/wp-json\/wp\/v2\/product_tag?post=784664"}],"curies":[{"name":"wp","href":"https:\/\/api.w.org\/{rel}","templated":true}]}}