{"id":784662,"date":"2026-03-12T03:45:37","date_gmt":"2026-03-12T00:45:37","guid":{"rendered":"https:\/\/roveyayinevi.com.tr\/index.php\/urun\/baba-zebralar-neden-paten-kaymaz\/"},"modified":"2026-04-15T03:47:38","modified_gmt":"2026-04-15T00:47:38","slug":"baba-zebralar-neden-paten-kaymaz","status":"publish","type":"product","link":"https:\/\/roveyayinevi.com.tr\/index.php\/urun\/baba-zebralar-neden-paten-kaymaz\/","title":{"rendered":"Baba,  Zebralar Neden Paten Kaymaz?"},"content":{"rendered":"<p>\u00c7ocuklar\u0131 belki de daha \u00f6nce hi\u00e7 d\u00fc\u015f\u00fcnmedikleri konular \u00fczerine d\u00fc\u015f\u00fcnd\u00fcrtecek sorular ve hayal g\u00fc\u00e7lerini canland\u0131racak cevaplar i\u00e7eren bu kitab\u0131 okurken \u015fa\u015f\u0131rmaya haz\u0131r olun!\u201cBaba, zebralar neden paten kaymaz?\u201d\u201c\u00c7\u00fcnk\u00fc mobiletle daha h\u0131zl\u0131 giderler!\u201d<\/p>\n","protected":false},"excerpt":{"rendered":"<p>\u00c7ocuklar\u0131 belki de daha \u00f6nce hi\u00e7 d\u00fc\u015f\u00fcnmedikleri konular \u00fczerine d\u00fc\u015f\u00fcnd\u00fcrtecek sorular ve hayal g\u00fc\u00e7lerini canland\u0131racak cevaplar i\u00e7eren bu kitab\u0131 okurken \u015fa\u015f\u0131rmaya haz\u0131r olun!\u201cBaba, zebralar neden paten<span class=\"excerpt-hellip\"> [\u2026]<\/span><\/p>\n","protected":false},"featured_media":0,"template":"","meta":{"_monsterinsights_skip_tracking":false,"_monsterinsights_sitenote_active":false,"_monsterinsights_sitenote_note":"","_monsterinsights_sitenote_category":0},"product_brand":[],"product_cat":[12274,12284],"product_tag":[],"class_list":{"0":"post-784662","1":"product","2":"type-product","3":"status-publish","5":"product_cat-cocuk-ve-genclik-kitaplari","6":"product_cat-hikayeler","7":"pa_cilt-ciltsiz","8":"pa_tur-kitap","9":"pa_yayinevi-eksik-parca-yayinlari","10":"pa_yazar-quentin-greban","12":"first","13":"instock","14":"sale","15":"shipping-taxable","16":"purchasable","17":"product-type-simple"},"_links":{"self":[{"href":"https:\/\/roveyayinevi.com.tr\/index.php\/wp-json\/wp\/v2\/product\/784662","targetHints":{"allow":["GET"]}}],"collection":[{"href":"https:\/\/roveyayinevi.com.tr\/index.php\/wp-json\/wp\/v2\/product"}],"about":[{"href":"https:\/\/roveyayinevi.com.tr\/index.php\/wp-json\/wp\/v2\/types\/product"}],"wp:attachment":[{"href":"https:\/\/roveyayinevi.com.tr\/index.php\/wp-json\/wp\/v2\/media?parent=784662"}],"wp:term":[{"taxonomy":"product_brand","embeddable":true,"href":"https:\/\/roveyayinevi.com.tr\/index.php\/wp-json\/wp\/v2\/product_brand?post=784662"},{"taxonomy":"product_cat","embeddable":true,"href":"https:\/\/roveyayinevi.com.tr\/index.php\/wp-json\/wp\/v2\/product_cat?post=784662"},{"taxonomy":"product_tag","embeddable":true,"href":"https:\/\/roveyayinevi.com.tr\/index.php\/wp-json\/wp\/v2\/product_tag?post=784662"}],"curies":[{"name":"wp","href":"https:\/\/api.w.org\/{rel}","templated":true}]}}